{"id":1034,"date":"2025-04-06T10:35:42","date_gmt":"2025-04-06T10:35:42","guid":{"rendered":"https:\/\/cms.red-snake-27384.zap.cloud\/?page_id=1034"},"modified":"2025-04-08T12:39:41","modified_gmt":"2025-04-08T12:39:41","slug":"tennis-strenghtening","status":"publish","type":"page","link":"https:\/\/cms.red-snake-27384.zap.cloud\/?page_id=1034","title":{"rendered":"Renforcement"},"content":{"rendered":"\n<div class=\"wp-block-columns is-layout-flex wp-container-core-columns-is-layout-9d6595d7 wp-block-columns-is-layout-flex\">\n<div class=\"wp-block-column is-layout-flow wp-block-column-is-layout-flow\" style=\"flex-basis:50%\">\n<h3 class=\"wp-block-heading has-large-font-size\">Force des jambes &amp; stabilit\u00e9<\/h3>\n\n\n\n<p>Au tennis, une musculature forte des jambes est la base de presque tous les mouvements sur le court &#8211; que ce soit pour des sprints explosifs vers la ligne de touche, des changements de direction rapides ou des coups de fond de court puissants. Les exercices classiques pour les jambes, tels que les squats et les fentes, sont particuli\u00e8rement efficaces. Ceux-ci renforcent non seulement la musculature des cuisses et des fesses, mais am\u00e9liorent aussi ta stabilit\u00e9 lors des longs \u00e9changes de balles.<\/p>\n\n\n\n<p>Les pas chass\u00e9s lat\u00e9raux (side lunges) sont particuli\u00e8rement proches du tennis, car ils d\u00e9veloppent de mani\u00e8re cibl\u00e9e la force lat\u00e9rale &#8211; c&#8217;est-\u00e0-dire exactement les mod\u00e8les de mouvements dont tu as besoin lors des changements de direction rapides sur le terrain. Les \u00e9l\u00e9vations du mollet (calf raises) sont un compl\u00e9ment judicieux pour am\u00e9liorer ta vivacit\u00e9 au filet et ta capacit\u00e9 \u00e0 effectuer des d\u00e9marrages fulgurants.<\/p>\n<\/div>\n\n\n\n<div class=\"wp-block-column is-layout-flow wp-block-column-is-layout-flow\" style=\"flex-basis:66.66%\"><div class=\"wp-block-image\">\n<figure class=\"aligncenter size-full is-resized\"><img fetchpriority=\"high\" decoding=\"async\" width=\"1024\" height=\"1024\" src=\"https:\/\/cms.red-snake-27384.zap.cloud\/wp-content\/uploads\/2025\/04\/Ein-Athlet-oder-eine-Athletin-in-Sportkleidung-beim-Ausfuehren-eines-seitlichen-Ausfallschritts-auf-e.jpeg\" alt=\"\" class=\"wp-image-1035\" style=\"width:532px;height:auto\" srcset=\"https:\/\/cms.red-snake-27384.zap.cloud\/wp-content\/uploads\/2025\/04\/Ein-Athlet-oder-eine-Athletin-in-Sportkleidung-beim-Ausfuehren-eines-seitlichen-Ausfallschritts-auf-e.jpeg 1024w, https:\/\/cms.red-snake-27384.zap.cloud\/wp-content\/uploads\/2025\/04\/Ein-Athlet-oder-eine-Athletin-in-Sportkleidung-beim-Ausfuehren-eines-seitlichen-Ausfallschritts-auf-e-300x300.jpeg 300w, https:\/\/cms.red-snake-27384.zap.cloud\/wp-content\/uploads\/2025\/04\/Ein-Athlet-oder-eine-Athletin-in-Sportkleidung-beim-Ausfuehren-eines-seitlichen-Ausfallschritts-auf-e-150x150.jpeg 150w, https:\/\/cms.red-snake-27384.zap.cloud\/wp-content\/uploads\/2025\/04\/Ein-Athlet-oder-eine-Athletin-in-Sportkleidung-beim-Ausfuehren-eines-seitlichen-Ausfallschritts-auf-e-768x768.jpeg 768w\" sizes=\"(max-width: 1024px) 100vw, 1024px\" \/><\/figure>\n<\/div><\/div>\n<\/div>\n\n\n\n<hr class=\"wp-block-separator has-alpha-channel-opacity\"\/>\n\n\n\n<div class=\"wp-block-columns is-layout-flex wp-container-core-columns-is-layout-9d6595d7 wp-block-columns-is-layout-flex\">\n<div class=\"wp-block-column is-layout-flow wp-block-column-is-layout-flow\">\n<figure class=\"wp-block-image size-full is-resized\"><img decoding=\"async\" width=\"1024\" height=\"1024\" src=\"https:\/\/cms.red-snake-27384.zap.cloud\/wp-content\/uploads\/2025\/04\/Designer.jpeg\" alt=\"\" class=\"wp-image-1036\" style=\"width:532px\" srcset=\"https:\/\/cms.red-snake-27384.zap.cloud\/wp-content\/uploads\/2025\/04\/Designer.jpeg 1024w, https:\/\/cms.red-snake-27384.zap.cloud\/wp-content\/uploads\/2025\/04\/Designer-300x300.jpeg 300w, https:\/\/cms.red-snake-27384.zap.cloud\/wp-content\/uploads\/2025\/04\/Designer-150x150.jpeg 150w, https:\/\/cms.red-snake-27384.zap.cloud\/wp-content\/uploads\/2025\/04\/Designer-768x768.jpeg 768w\" sizes=\"(max-width: 1024px) 100vw, 1024px\" \/><\/figure>\n<\/div>\n\n\n\n<div class=\"wp-block-column is-layout-flow wp-block-column-is-layout-flow\">\n<h2 class=\"wp-block-heading has-large-font-size\">Explosivit\u00e9 &amp; force rapide<\/h2>\n\n\n\n<p>Les r\u00e9actions rapides et les mouvements explosifs sont souvent d\u00e9cisifs pour gagner ou perdre des points. Pour am\u00e9liorer ces capacit\u00e9s de mani\u00e8re cibl\u00e9e, des exercices comme les step-ups sur une bo\u00eete, o\u00f9 tu montes avec une jambe sur une surface sur\u00e9lev\u00e9e, ainsi que les squats saut\u00e9s (jump squats), qui entra\u00eenent ta force rapide et ton explosivit\u00e9, sont appropri\u00e9s.<\/p>\n\n\n\n<p>Les burpees ou les sprints avec des bandes de r\u00e9sistance sont \u00e9galement d&#8217;excellents exercices pour l&#8217;ensemble du corps afin d&#8217;augmenter ta r\u00e9activit\u00e9, ta vitesse et tes performances g\u00e9n\u00e9rales &#8211; autant de qualit\u00e9s qui peuvent faire la diff\u00e9rence lors d&#8217;un match de tennis.<\/p>\n<\/div>\n<\/div>\n\n\n\n<hr class=\"wp-block-separator has-alpha-channel-opacity\"\/>\n\n\n\n<div class=\"wp-block-columns is-layout-flex wp-container-core-columns-is-layout-9d6595d7 wp-block-columns-is-layout-flex\">\n<div class=\"wp-block-column is-layout-flow wp-block-column-is-layout-flow\">\n<h2 class=\"wp-block-heading has-large-font-size\">Stabilit\u00e9 du tronc &amp; contr\u00f4le<\/h2>\n\n\n\n<p>Un tronc stable est la base pour des coups puissants et contr\u00f4l\u00e9s &#8211; en particulier lors de la rotation, qui est d\u00e9cisive pour le coup droit et le revers. Pour entra\u00eener de mani\u00e8re cibl\u00e9e la stabilit\u00e9 de ton tronc, il est recommand\u00e9 de pratiquer des exercices tels que les planches (appui sur l&#8217;avant-bras), les twists russes et les lev\u00e9es de jambes en position allong\u00e9e.<\/p>\n\n\n\n<p>Ces exercices renforcent non seulement ta musculature abdominale, mais am\u00e9liorent \u00e9galement la tension du corps et la posture pendant le jeu. Un centre du corps fort t&#8217;aide \u00e0 garder le contr\u00f4le de ton swing et \u00e0 le placer avec pr\u00e9cision, m\u00eame lors d&#8217;\u00e9changes rapides.<\/p>\n<\/div>\n\n\n\n<div class=\"wp-block-column is-layout-flow wp-block-column-is-layout-flow\"><div class=\"wp-block-image\">\n<figure class=\"aligncenter size-full is-resized\"><img decoding=\"async\" width=\"1024\" height=\"1024\" src=\"https:\/\/cms.red-snake-27384.zap.cloud\/wp-content\/uploads\/2025\/04\/Ein-Sportler-oder-eine-Sportlerin-bei-einem-Plank-auf-einem-Tennisplatz-mit-Fokus-auf-die-Koerpermi.jpeg\" alt=\"\" class=\"wp-image-1037\" style=\"width:532px\" srcset=\"https:\/\/cms.red-snake-27384.zap.cloud\/wp-content\/uploads\/2025\/04\/Ein-Sportler-oder-eine-Sportlerin-bei-einem-Plank-auf-einem-Tennisplatz-mit-Fokus-auf-die-Koerpermi.jpeg 1024w, https:\/\/cms.red-snake-27384.zap.cloud\/wp-content\/uploads\/2025\/04\/Ein-Sportler-oder-eine-Sportlerin-bei-einem-Plank-auf-einem-Tennisplatz-mit-Fokus-auf-die-Koerpermi-300x300.jpeg 300w, https:\/\/cms.red-snake-27384.zap.cloud\/wp-content\/uploads\/2025\/04\/Ein-Sportler-oder-eine-Sportlerin-bei-einem-Plank-auf-einem-Tennisplatz-mit-Fokus-auf-die-Koerpermi-150x150.jpeg 150w, https:\/\/cms.red-snake-27384.zap.cloud\/wp-content\/uploads\/2025\/04\/Ein-Sportler-oder-eine-Sportlerin-bei-einem-Plank-auf-einem-Tennisplatz-mit-Fokus-auf-die-Koerpermi-768x768.jpeg 768w\" sizes=\"(max-width: 1024px) 100vw, 1024px\" \/><\/figure>\n<\/div><\/div>\n<\/div>\n\n\n\n<p><\/p>\n","protected":false},"excerpt":{"rendered":"<p>Force des jambes &amp; stabilit\u00e9 Au tennis, une musculature forte des jambes est la base de presque tous les mouvements sur le court &#8211; que ce soit pour des sprints explosifs vers la ligne de touche, des changements de direction rapides ou des coups de fond de court puissants. Les exercices classiques pour les jambes,&hellip;&nbsp;<a href=\"https:\/\/cms.red-snake-27384.zap.cloud\/?page_id=1034\" rel=\"bookmark\">Weiterlesen &raquo;<span class=\"screen-reader-text\">Renforcement<\/span><\/a><\/p>\n","protected":false},"author":1,"featured_media":0,"parent":0,"menu_order":0,"comment_status":"closed","ping_status":"closed","template":"","meta":{"neve_meta_sidebar":"","neve_meta_container":"","neve_meta_enable_content_width":"","neve_meta_content_width":0,"neve_meta_title_alignment":"","neve_meta_author_avatar":"","neve_post_elements_order":"","neve_meta_disable_header":"","neve_meta_disable_footer":"","neve_meta_disable_title":"","_themeisle_gutenberg_block_has_review":false,"footnotes":""},"class_list":["post-1034","page","type-page","status-publish","hentry"],"_links":{"self":[{"href":"https:\/\/cms.red-snake-27384.zap.cloud\/index.php?rest_route=\/wp\/v2\/pages\/1034","targetHints":{"allow":["GET"]}}],"collection":[{"href":"https:\/\/cms.red-snake-27384.zap.cloud\/index.php?rest_route=\/wp\/v2\/pages"}],"about":[{"href":"https:\/\/cms.red-snake-27384.zap.cloud\/index.php?rest_route=\/wp\/v2\/types\/page"}],"author":[{"embeddable":true,"href":"https:\/\/cms.red-snake-27384.zap.cloud\/index.php?rest_route=\/wp\/v2\/users\/1"}],"replies":[{"embeddable":true,"href":"https:\/\/cms.red-snake-27384.zap.cloud\/index.php?rest_route=%2Fwp%2Fv2%2Fcomments&post=1034"}],"version-history":[{"count":2,"href":"https:\/\/cms.red-snake-27384.zap.cloud\/index.php?rest_route=\/wp\/v2\/pages\/1034\/revisions"}],"predecessor-version":[{"id":1104,"href":"https:\/\/cms.red-snake-27384.zap.cloud\/index.php?rest_route=\/wp\/v2\/pages\/1034\/revisions\/1104"}],"wp:attachment":[{"href":"https:\/\/cms.red-snake-27384.zap.cloud\/index.php?rest_route=%2Fwp%2Fv2%2Fmedia&parent=1034"}],"curies":[{"name":"wp","href":"https:\/\/api.w.org\/{rel}","templated":true}]}}