{"id":1041,"date":"2025-04-06T10:46:04","date_gmt":"2025-04-06T10:46:04","guid":{"rendered":"https:\/\/cms.red-snake-27384.zap.cloud\/?page_id=1041"},"modified":"2025-04-06T10:46:05","modified_gmt":"2025-04-06T10:46:05","slug":"tennis-products","status":"publish","type":"page","link":"https:\/\/cms.red-snake-27384.zap.cloud\/?page_id=1041","title":{"rendered":"Tennis Products"},"content":{"rendered":"\n<div class=\"wp-block-columns is-layout-flex wp-container-core-columns-is-layout-9d6595d7 wp-block-columns-is-layout-flex\">\n<div class=\"wp-block-column is-layout-flow wp-block-column-is-layout-flow\">\n<h2 class=\"wp-block-heading has-large-font-size\">Muskelaufbau &amp; Regeneration<\/h2>\n\n\n\n<p>Wer h\u00e4ufig trainiert, stellt hohe Anforderungen an seinen K\u00f6rper \u2013 insbesondere an die Muskulatur. Um den Aufbau und die Regeneration nach intensiven Trainingseinheiten zu unterst\u00fctzen, kann <strong>Proteinpulver<\/strong>, insbesondere <strong>Whey Protein<\/strong>, eine sinnvolle Erg\u00e4nzung sein. Es liefert schnell verf\u00fcgbare Aminos\u00e4uren, die dem K\u00f6rper helfen, Mikroverletzungen in den Muskeln zu reparieren und so den Muskelaufbau zu f\u00f6rdern.<\/p>\n\n\n\n<p>Auch <strong>Magnesium<\/strong> spielt eine wichtige Rolle bei der Regeneration. Es hilft nicht nur gegen Muskelkr\u00e4mpfe, sondern unterst\u00fctzt auch die Muskelfunktion und beugt Ersch\u00f6pfung vor \u2013 besonders nach langen oder besonders anstrengenden Matches.<\/p>\n<\/div>\n\n\n\n<div class=\"wp-block-column is-layout-flow wp-block-column-is-layout-flow\">\n<figure class=\"wp-block-image size-full is-resized\"><img fetchpriority=\"high\" decoding=\"async\" width=\"1024\" height=\"1024\" src=\"https:\/\/cms.red-snake-27384.zap.cloud\/wp-content\/uploads\/2025\/04\/Ein-sportlicher-Mensch-beim-Shakertrinken-nach-dem-Training-idealerweise-mit-Tennisausruestung-oder-.jpeg\" alt=\"\" class=\"wp-image-1042\" style=\"width:532px\" srcset=\"https:\/\/cms.red-snake-27384.zap.cloud\/wp-content\/uploads\/2025\/04\/Ein-sportlicher-Mensch-beim-Shakertrinken-nach-dem-Training-idealerweise-mit-Tennisausruestung-oder-.jpeg 1024w, https:\/\/cms.red-snake-27384.zap.cloud\/wp-content\/uploads\/2025\/04\/Ein-sportlicher-Mensch-beim-Shakertrinken-nach-dem-Training-idealerweise-mit-Tennisausruestung-oder--300x300.jpeg 300w, https:\/\/cms.red-snake-27384.zap.cloud\/wp-content\/uploads\/2025\/04\/Ein-sportlicher-Mensch-beim-Shakertrinken-nach-dem-Training-idealerweise-mit-Tennisausruestung-oder--150x150.jpeg 150w, https:\/\/cms.red-snake-27384.zap.cloud\/wp-content\/uploads\/2025\/04\/Ein-sportlicher-Mensch-beim-Shakertrinken-nach-dem-Training-idealerweise-mit-Tennisausruestung-oder--768x768.jpeg 768w\" sizes=\"(max-width: 1024px) 100vw, 1024px\" \/><\/figure>\n<\/div>\n<\/div>\n\n\n\n<hr class=\"wp-block-separator has-alpha-channel-opacity\"\/>\n\n\n\n<div class=\"wp-block-columns is-layout-flex wp-container-core-columns-is-layout-9d6595d7 wp-block-columns-is-layout-flex\">\n<div class=\"wp-block-column is-layout-flow wp-block-column-is-layout-flow\">\n<figure class=\"wp-block-image size-large is-resized\"><img decoding=\"async\" width=\"1024\" height=\"1024\" src=\"https:\/\/cms.red-snake-27384.zap.cloud\/wp-content\/uploads\/2025\/04\/VitaminStack_120Caps_dunkel_kopie-1024x1024.jpg\" alt=\"\" class=\"wp-image-1043\" style=\"width:532px\" srcset=\"https:\/\/cms.red-snake-27384.zap.cloud\/wp-content\/uploads\/2025\/04\/VitaminStack_120Caps_dunkel_kopie-1024x1024.jpg 1024w, https:\/\/cms.red-snake-27384.zap.cloud\/wp-content\/uploads\/2025\/04\/VitaminStack_120Caps_dunkel_kopie-300x300.jpg 300w, https:\/\/cms.red-snake-27384.zap.cloud\/wp-content\/uploads\/2025\/04\/VitaminStack_120Caps_dunkel_kopie-150x150.jpg 150w, https:\/\/cms.red-snake-27384.zap.cloud\/wp-content\/uploads\/2025\/04\/VitaminStack_120Caps_dunkel_kopie-768x768.jpg 768w, https:\/\/cms.red-snake-27384.zap.cloud\/wp-content\/uploads\/2025\/04\/VitaminStack_120Caps_dunkel_kopie-1536x1536.jpg 1536w, https:\/\/cms.red-snake-27384.zap.cloud\/wp-content\/uploads\/2025\/04\/VitaminStack_120Caps_dunkel_kopie.jpg 2048w\" sizes=\"(max-width: 1024px) 100vw, 1024px\" \/><\/figure>\n<\/div>\n\n\n\n<div class=\"wp-block-column is-layout-flow wp-block-column-is-layout-flow\" style=\"flex-basis:52%\">\n<h2 class=\"wp-block-heading has-large-font-size\">Leistungssteigerung &amp; Explosivit\u00e4t<\/h2>\n\n\n\n<p>Im Tennis entscheiden oft Sekundenbruchteile \u00fcber Sieg oder Niederlage \u2013 vor allem bei schnellen Richtungswechseln oder kurzen, intensiven Ballwechseln. Hier kann <strong>Kreatin<\/strong> helfen: Es gilt als eines der am besten erforschten Supplemente zur Steigerung der Schnellkraft und kurzfristigen Leistung. Besonders in explosiven Spielsituationen kann Kreatin deine Reaktionsf\u00e4higkeit und Power sp\u00fcrbar verbessern.<\/p>\n\n\n\n<p>Ebenfalls sinnvoll sind <strong>Elektrolyte<\/strong>, besonders bei starker Schweissbildung. Sie helfen, den Fl\u00fcssigkeitshaushalt auszugleichen und die Leistungsf\u00e4higkeit auch bei langen Matches aufrechtzuerhalten.<\/p>\n<\/div>\n<\/div>\n\n\n\n<hr class=\"wp-block-separator has-alpha-channel-opacity\"\/>\n\n\n\n<div class=\"wp-block-columns is-layout-flex wp-container-core-columns-is-layout-9d6595d7 wp-block-columns-is-layout-flex\">\n<div class=\"wp-block-column is-layout-flow wp-block-column-is-layout-flow\">\n<h2 class=\"wp-block-heading\">Gesundheit &amp; Pr\u00e4vention<\/h2>\n\n\n\n<p>Auch abseits der unmittelbaren Leistungssteigerung gibt es Supplemente, die langfristig zur Gesundheit beitragen k\u00f6nnen. <strong>Omega-3-Fetts\u00e4uren<\/strong>, beispielsweise aus Fisch\u00f6l, unterst\u00fctzen die <strong>Gelenkgesundheit<\/strong> und wirken gleichzeitig <strong>entz\u00fcndungshemmend<\/strong> \u2013 ein klarer Vorteil bei h\u00e4ufigem Training und wiederholten Belastungen im Tennisalltag.<\/p>\n\n\n\n<p><strong>Multivitamin-Pr\u00e4parate<\/strong> k\u00f6nnen helfen, kleinere L\u00fccken in der Ern\u00e4hrung zu schliessen \u2013 etwa wenn im Alltag frisches Obst und Gem\u00fcse zu kurz kommen. Sie sind allerdings <strong>kein Ersatz<\/strong> f\u00fcr eine ausgewogene Ern\u00e4hrung, sondern dienen lediglich der Erg\u00e4nzung.<\/p>\n<\/div>\n\n\n\n<div class=\"wp-block-column is-layout-flow wp-block-column-is-layout-flow\">\n<figure class=\"wp-block-image size-large\"><img decoding=\"async\" width=\"1024\" height=\"576\" src=\"https:\/\/cms.red-snake-27384.zap.cloud\/wp-content\/uploads\/2025\/04\/vegetables-1024x576.jpg\" alt=\"\" class=\"wp-image-1044\" srcset=\"https:\/\/cms.red-snake-27384.zap.cloud\/wp-content\/uploads\/2025\/04\/vegetables-1024x576.jpg 1024w, https:\/\/cms.red-snake-27384.zap.cloud\/wp-content\/uploads\/2025\/04\/vegetables-300x169.jpg 300w, https:\/\/cms.red-snake-27384.zap.cloud\/wp-content\/uploads\/2025\/04\/vegetables-768x432.jpg 768w, https:\/\/cms.red-snake-27384.zap.cloud\/wp-content\/uploads\/2025\/04\/vegetables-1536x864.jpg 1536w, https:\/\/cms.red-snake-27384.zap.cloud\/wp-content\/uploads\/2025\/04\/vegetables.jpg 1920w\" sizes=\"(max-width: 1024px) 100vw, 1024px\" \/><\/figure>\n<\/div>\n<\/div>\n\n\n\n<p><\/p>\n","protected":false},"excerpt":{"rendered":"<p>Muskelaufbau &amp; Regeneration Wer h\u00e4ufig trainiert, stellt hohe Anforderungen an seinen K\u00f6rper \u2013 insbesondere an die Muskulatur. Um den Aufbau und die Regeneration nach intensiven Trainingseinheiten zu unterst\u00fctzen, kann Proteinpulver, insbesondere Whey Protein, eine sinnvolle Erg\u00e4nzung sein. Es liefert schnell verf\u00fcgbare Aminos\u00e4uren, die dem K\u00f6rper helfen, Mikroverletzungen in den Muskeln zu reparieren und so den&hellip;&nbsp;<a href=\"https:\/\/cms.red-snake-27384.zap.cloud\/?page_id=1041\" rel=\"bookmark\">Weiterlesen &raquo;<span class=\"screen-reader-text\">Tennis Products<\/span><\/a><\/p>\n","protected":false},"author":1,"featured_media":0,"parent":0,"menu_order":0,"comment_status":"closed","ping_status":"closed","template":"","meta":{"neve_meta_sidebar":"","neve_meta_container":"","neve_meta_enable_content_width":"","neve_meta_content_width":0,"neve_meta_title_alignment":"","neve_meta_author_avatar":"","neve_post_elements_order":"","neve_meta_disable_header":"","neve_meta_disable_footer":"","neve_meta_disable_title":"","_themeisle_gutenberg_block_has_review":false,"footnotes":""},"class_list":["post-1041","page","type-page","status-publish","hentry"],"_links":{"self":[{"href":"https:\/\/cms.red-snake-27384.zap.cloud\/index.php?rest_route=\/wp\/v2\/pages\/1041","targetHints":{"allow":["GET"]}}],"collection":[{"href":"https:\/\/cms.red-snake-27384.zap.cloud\/index.php?rest_route=\/wp\/v2\/pages"}],"about":[{"href":"https:\/\/cms.red-snake-27384.zap.cloud\/index.php?rest_route=\/wp\/v2\/types\/page"}],"author":[{"embeddable":true,"href":"https:\/\/cms.red-snake-27384.zap.cloud\/index.php?rest_route=\/wp\/v2\/users\/1"}],"replies":[{"embeddable":true,"href":"https:\/\/cms.red-snake-27384.zap.cloud\/index.php?rest_route=%2Fwp%2Fv2%2Fcomments&post=1041"}],"version-history":[{"count":1,"href":"https:\/\/cms.red-snake-27384.zap.cloud\/index.php?rest_route=\/wp\/v2\/pages\/1041\/revisions"}],"predecessor-version":[{"id":1045,"href":"https:\/\/cms.red-snake-27384.zap.cloud\/index.php?rest_route=\/wp\/v2\/pages\/1041\/revisions\/1045"}],"wp:attachment":[{"href":"https:\/\/cms.red-snake-27384.zap.cloud\/index.php?rest_route=%2Fwp%2Fv2%2Fmedia&parent=1041"}],"curies":[{"name":"wp","href":"https:\/\/api.w.org\/{rel}","templated":true}]}}