{"id":1047,"date":"2025-04-06T10:51:47","date_gmt":"2025-04-06T10:51:47","guid":{"rendered":"https:\/\/cms.red-snake-27384.zap.cloud\/?page_id=1047"},"modified":"2025-04-06T10:51:48","modified_gmt":"2025-04-06T10:51:48","slug":"tennis-locations","status":"publish","type":"page","link":"https:\/\/cms.red-snake-27384.zap.cloud\/?page_id=1047","title":{"rendered":"Tennis Locations"},"content":{"rendered":"\n<div class=\"wp-block-columns is-layout-flex wp-container-core-columns-is-layout-9d6595d7 wp-block-columns-is-layout-flex\">\n<div class=\"wp-block-column is-layout-flow wp-block-column-is-layout-flow\">\n<h2 class=\"wp-block-heading has-large-font-size\">Tennisanlagen in der Jura-Region<\/h2>\n\n\n\n<p>Die Jura-Region in der Westschweiz bietet Tennisspielerinnen und -spielern ausgezeichnete Trainingsm\u00f6glichkeiten \u2013 egal ob Anf\u00e4nger oder Fortgeschrittene. In gr\u00f6sseren St\u00e4dten wie <strong>Neuch\u00e2tel, Biel, Lausanne<\/strong> oder <strong>Genf<\/strong> findest du moderne Tennisclubs mit gut gepflegten Pl\u00e4tzen und professioneller Infrastruktur.<\/p>\n\n\n\n<p>Besonders hervorzuheben sind:<\/p>\n\n\n\n<ul class=\"wp-block-list\">\n<li><strong>Tennis Club Neuch\u00e2tel<\/strong> \u2013 zentral gelegen, mit gepflegten Sandpl\u00e4tzen.<\/li>\n\n\n\n<li><strong>Tennisanlage Stade de la Maladi\u00e8re<\/strong> \u2013 nahe beim See, mit mehreren Aussenpl\u00e4tzen.<\/li>\n\n\n\n<li><strong>Tenniszentrum Vinetum in Lausanne<\/strong> \u2013 mit <strong>Indoor- und Outdoor-Pl\u00e4tzen<\/strong> perfekt geeignet f\u00fcr ganzj\u00e4hriges Training.<\/li>\n<\/ul>\n\n\n\n<p>Ob Einzeltraining, Gruppenkurse oder freies Spiel \u2013 hier findest du alles, was du brauchst, um dein Tennisspiel auf das n\u00e4chste Level zu bringen.<\/p>\n<\/div>\n\n\n\n<div class=\"wp-block-column is-vertically-aligned-center is-layout-flow wp-block-column-is-layout-flow\">\n<figure class=\"wp-block-image size-large is-resized\"><img fetchpriority=\"high\" decoding=\"async\" width=\"1024\" height=\"683\" src=\"https:\/\/cms.red-snake-27384.zap.cloud\/wp-content\/uploads\/2025\/04\/tennisplaetze-laerchenhof-defrancesco-1024x683.webp\" alt=\"\" class=\"wp-image-1048\" style=\"width:532px\" srcset=\"https:\/\/cms.red-snake-27384.zap.cloud\/wp-content\/uploads\/2025\/04\/tennisplaetze-laerchenhof-defrancesco-1024x683.webp 1024w, https:\/\/cms.red-snake-27384.zap.cloud\/wp-content\/uploads\/2025\/04\/tennisplaetze-laerchenhof-defrancesco-300x200.webp 300w, https:\/\/cms.red-snake-27384.zap.cloud\/wp-content\/uploads\/2025\/04\/tennisplaetze-laerchenhof-defrancesco-768x512.webp 768w, https:\/\/cms.red-snake-27384.zap.cloud\/wp-content\/uploads\/2025\/04\/tennisplaetze-laerchenhof-defrancesco-1536x1024.webp 1536w, https:\/\/cms.red-snake-27384.zap.cloud\/wp-content\/uploads\/2025\/04\/tennisplaetze-laerchenhof-defrancesco-930x620.webp 930w, https:\/\/cms.red-snake-27384.zap.cloud\/wp-content\/uploads\/2025\/04\/tennisplaetze-laerchenhof-defrancesco.webp 1620w\" sizes=\"(max-width: 1024px) 100vw, 1024px\" \/><\/figure>\n<\/div>\n<\/div>\n\n\n\n<hr class=\"wp-block-separator has-alpha-channel-opacity\"\/>\n\n\n\n<div class=\"wp-block-columns is-layout-flex wp-container-core-columns-is-layout-9d6595d7 wp-block-columns-is-layout-flex\">\n<div class=\"wp-block-column is-layout-flow wp-block-column-is-layout-flow\">\n<figure class=\"wp-block-image size-large\"><img decoding=\"async\" width=\"1024\" height=\"683\" src=\"https:\/\/cms.red-snake-27384.zap.cloud\/wp-content\/uploads\/2025\/04\/01-neue_tennishalle-wimbledon-hopkins-architects-1024x683.jpg\" alt=\"\" class=\"wp-image-1049\" srcset=\"https:\/\/cms.red-snake-27384.zap.cloud\/wp-content\/uploads\/2025\/04\/01-neue_tennishalle-wimbledon-hopkins-architects-1024x683.jpg 1024w, https:\/\/cms.red-snake-27384.zap.cloud\/wp-content\/uploads\/2025\/04\/01-neue_tennishalle-wimbledon-hopkins-architects-300x200.jpg 300w, https:\/\/cms.red-snake-27384.zap.cloud\/wp-content\/uploads\/2025\/04\/01-neue_tennishalle-wimbledon-hopkins-architects-768x512.jpg 768w, https:\/\/cms.red-snake-27384.zap.cloud\/wp-content\/uploads\/2025\/04\/01-neue_tennishalle-wimbledon-hopkins-architects-1536x1024.jpg 1536w, https:\/\/cms.red-snake-27384.zap.cloud\/wp-content\/uploads\/2025\/04\/01-neue_tennishalle-wimbledon-hopkins-architects-930x620.jpg 930w, https:\/\/cms.red-snake-27384.zap.cloud\/wp-content\/uploads\/2025\/04\/01-neue_tennishalle-wimbledon-hopkins-architects.jpg 1800w\" sizes=\"(max-width: 1024px) 100vw, 1024px\" \/><\/figure>\n<\/div>\n\n\n\n<div class=\"wp-block-column is-layout-flow wp-block-column-is-layout-flow\">\n<h2 class=\"wp-block-heading has-large-font-size\">Ganzj\u00e4hriges Training \u2013 Indoor &amp; Outdoor<\/h2>\n\n\n\n<p>Dank der gut ausgebauten Infrastruktur in der Region ist es problemlos m\u00f6glich, <strong>das ganze Jahr \u00fcber zu trainieren<\/strong>. Viele Tenniszentren bieten sowohl <strong>gedeckte Hallenpl\u00e4tze<\/strong> f\u00fcr den Winter als auch <strong>sch\u00f6ne Aussenpl\u00e4tze<\/strong> f\u00fcr die Sommersaison. Das erlaubt eine nahtlose Trainingsroutine \u2013 unabh\u00e4ngig vom Wetter.<\/p>\n\n\n\n<p>Vor allem ambitionierte Spielerinnen und Spieler profitieren von dieser Flexibilit\u00e4t, um Technik, Ausdauer und Spielpraxis konstant weiterzuentwickeln.<\/p>\n<\/div>\n<\/div>\n\n\n\n<hr class=\"wp-block-separator has-alpha-channel-opacity\"\/>\n\n\n\n<div class=\"wp-block-columns is-layout-flex wp-container-core-columns-is-layout-9d6595d7 wp-block-columns-is-layout-flex\">\n<div class=\"wp-block-column is-layout-flow wp-block-column-is-layout-flow\">\n<h2 class=\"wp-block-heading has-large-font-size\">Fitness &amp; Erg\u00e4nzungstraining neben dem Platz<\/h2>\n\n\n\n<p>F\u00fcr ein umfassendes Tennistraining reicht es nicht, nur auf dem Platz zu stehen. <strong>Erg\u00e4nzendes Kraft- und Stabilit\u00e4tstraining<\/strong> ist essenziell \u2013 und auch daf\u00fcr bietet die Region zahlreiche M\u00f6glichkeiten. In <strong>Parks mit Workout-Zonen<\/strong> lassen sich \u00dcbungen mit dem eigenen K\u00f6rpergewicht durchf\u00fchren, ideal z.\u202fB. nach dem Tennisspiel im Freien.<\/p>\n\n\n\n<p>F\u00fcr gezieltes Kraft- und Ausdauertraining eignen sich <strong>moderne Fitnessstudios<\/strong> wie:<\/p>\n\n\n\n<ul class=\"wp-block-list\">\n<li><strong>Activ Fitness<\/strong><\/li>\n\n\n\n<li><strong>NonStop Gym<\/strong><\/li>\n<\/ul>\n\n\n\n<p>Diese bieten flexible \u00d6ffnungszeiten, professionelle Ger\u00e4te und oft auch Gruppenfitnessangebote \u2013 perfekt als Erg\u00e4nzung zum Tennistraining.<\/p>\n<\/div>\n\n\n\n<div class=\"wp-block-column is-layout-flow wp-block-column-is-layout-flow\"><div class=\"wp-block-image\">\n<figure class=\"aligncenter size-large\"><img decoding=\"async\" width=\"1024\" height=\"579\" src=\"https:\/\/cms.red-snake-27384.zap.cloud\/wp-content\/uploads\/2025\/04\/big-rig-1024x579.jpg\" alt=\"\" class=\"wp-image-1050\" srcset=\"https:\/\/cms.red-snake-27384.zap.cloud\/wp-content\/uploads\/2025\/04\/big-rig-1024x579.jpg 1024w, https:\/\/cms.red-snake-27384.zap.cloud\/wp-content\/uploads\/2025\/04\/big-rig-300x170.jpg 300w, https:\/\/cms.red-snake-27384.zap.cloud\/wp-content\/uploads\/2025\/04\/big-rig-768x434.jpg 768w, https:\/\/cms.red-snake-27384.zap.cloud\/wp-content\/uploads\/2025\/04\/big-rig.jpg 1403w\" sizes=\"(max-width: 1024px) 100vw, 1024px\" \/><\/figure>\n<\/div><\/div>\n<\/div>\n\n\n\n<p><\/p>\n","protected":false},"excerpt":{"rendered":"<p>Tennisanlagen in der Jura-Region Die Jura-Region in der Westschweiz bietet Tennisspielerinnen und -spielern ausgezeichnete Trainingsm\u00f6glichkeiten \u2013 egal ob Anf\u00e4nger oder Fortgeschrittene. In gr\u00f6sseren St\u00e4dten wie Neuch\u00e2tel, Biel, Lausanne oder Genf findest du moderne Tennisclubs mit gut gepflegten Pl\u00e4tzen und professioneller Infrastruktur. Besonders hervorzuheben sind: Ob Einzeltraining, Gruppenkurse oder freies Spiel \u2013 hier findest du alles,&hellip;&nbsp;<a href=\"https:\/\/cms.red-snake-27384.zap.cloud\/?page_id=1047\" rel=\"bookmark\">Weiterlesen &raquo;<span class=\"screen-reader-text\">Tennis Locations<\/span><\/a><\/p>\n","protected":false},"author":1,"featured_media":0,"parent":0,"menu_order":0,"comment_status":"closed","ping_status":"closed","template":"","meta":{"neve_meta_sidebar":"","neve_meta_container":"","neve_meta_enable_content_width":"","neve_meta_content_width":0,"neve_meta_title_alignment":"","neve_meta_author_avatar":"","neve_post_elements_order":"","neve_meta_disable_header":"","neve_meta_disable_footer":"","neve_meta_disable_title":"","_themeisle_gutenberg_block_has_review":false,"footnotes":""},"class_list":["post-1047","page","type-page","status-publish","hentry"],"_links":{"self":[{"href":"https:\/\/cms.red-snake-27384.zap.cloud\/index.php?rest_route=\/wp\/v2\/pages\/1047","targetHints":{"allow":["GET"]}}],"collection":[{"href":"https:\/\/cms.red-snake-27384.zap.cloud\/index.php?rest_route=\/wp\/v2\/pages"}],"about":[{"href":"https:\/\/cms.red-snake-27384.zap.cloud\/index.php?rest_route=\/wp\/v2\/types\/page"}],"author":[{"embeddable":true,"href":"https:\/\/cms.red-snake-27384.zap.cloud\/index.php?rest_route=\/wp\/v2\/users\/1"}],"replies":[{"embeddable":true,"href":"https:\/\/cms.red-snake-27384.zap.cloud\/index.php?rest_route=%2Fwp%2Fv2%2Fcomments&post=1047"}],"version-history":[{"count":1,"href":"https:\/\/cms.red-snake-27384.zap.cloud\/index.php?rest_route=\/wp\/v2\/pages\/1047\/revisions"}],"predecessor-version":[{"id":1051,"href":"https:\/\/cms.red-snake-27384.zap.cloud\/index.php?rest_route=\/wp\/v2\/pages\/1047\/revisions\/1051"}],"wp:attachment":[{"href":"https:\/\/cms.red-snake-27384.zap.cloud\/index.php?rest_route=%2Fwp%2Fv2%2Fmedia&parent=1047"}],"curies":[{"name":"wp","href":"https:\/\/api.w.org\/{rel}","templated":true}]}}