{"id":1063,"date":"2025-04-06T18:53:03","date_gmt":"2025-04-06T18:53:03","guid":{"rendered":"https:\/\/cms.red-snake-27384.zap.cloud\/?page_id=1063"},"modified":"2025-04-08T12:58:32","modified_gmt":"2025-04-08T12:58:32","slug":"fussball-products","status":"publish","type":"page","link":"https:\/\/cms.red-snake-27384.zap.cloud\/?page_id=1063","title":{"rendered":"Produits de football"},"content":{"rendered":"\n<div class=\"wp-block-columns is-layout-flex wp-container-core-columns-is-layout-9d6595d7 wp-block-columns-is-layout-flex\">\n<div class=\"wp-block-column is-layout-flow wp-block-column-is-layout-flow\">\n<h2 class=\"wp-block-heading has-large-font-size\">D\u00e9veloppement musculaire &amp; r\u00e9g\u00e9n\u00e9ration<\/h2>\n\n\n\n<p>Le football est physiquement exigeant &#8211; surtout en cas d&#8217;entra\u00eenements fr\u00e9quents ou pendant la phase de pr\u00e9paration. Pour acc\u00e9l\u00e9rer la r\u00e9g\u00e9n\u00e9ration et favoriser la construction musculaire, un apport suffisant en prot\u00e9ines est essentiel. Dans ce cas, les prot\u00e9ines en poudre &#8211; surtout la whey &#8211; peuvent \u00eatre un compl\u00e9ment pratique. Elle fournit des prot\u00e9ines de haute qualit\u00e9 sous forme concentr\u00e9e et favorise la r\u00e9paration et le d\u00e9veloppement de la musculature apr\u00e8s des s\u00e9ances intenses.<\/p>\n\n\n\n<p>Le magn\u00e9sium aide \u00e9galement le corps \u00e0 r\u00e9cup\u00e9rer tout en ayant un effet relaxant sur les muscles &#8211; particuli\u00e8rement utile pour pr\u00e9venir les crampes apr\u00e8s des matches longs ou difficiles.<\/p>\n<\/div>\n\n\n\n<div class=\"wp-block-column is-layout-flow wp-block-column-is-layout-flow\">\n<figure class=\"wp-block-image size-full\"><img fetchpriority=\"high\" decoding=\"async\" width=\"1024\" height=\"1024\" src=\"https:\/\/cms.red-snake-27384.zap.cloud\/wp-content\/uploads\/2025\/04\/Designer-4.jpeg\" alt=\"\" class=\"wp-image-1117\" srcset=\"https:\/\/cms.red-snake-27384.zap.cloud\/wp-content\/uploads\/2025\/04\/Designer-4.jpeg 1024w, https:\/\/cms.red-snake-27384.zap.cloud\/wp-content\/uploads\/2025\/04\/Designer-4-300x300.jpeg 300w, https:\/\/cms.red-snake-27384.zap.cloud\/wp-content\/uploads\/2025\/04\/Designer-4-150x150.jpeg 150w, https:\/\/cms.red-snake-27384.zap.cloud\/wp-content\/uploads\/2025\/04\/Designer-4-768x768.jpeg 768w\" sizes=\"(max-width: 1024px) 100vw, 1024px\" \/><\/figure>\n<\/div>\n<\/div>\n\n\n\n<hr class=\"wp-block-separator has-alpha-channel-opacity\"\/>\n\n\n\n<div class=\"wp-block-columns is-layout-flex wp-container-core-columns-is-layout-9d6595d7 wp-block-columns-is-layout-flex\">\n<div class=\"wp-block-column is-layout-flow wp-block-column-is-layout-flow\">\n<figure class=\"wp-block-image size-full\"><img decoding=\"async\" width=\"1024\" height=\"1024\" src=\"https:\/\/cms.red-snake-27384.zap.cloud\/wp-content\/uploads\/2025\/04\/Designer-5.jpeg\" alt=\"\" class=\"wp-image-1119\" srcset=\"https:\/\/cms.red-snake-27384.zap.cloud\/wp-content\/uploads\/2025\/04\/Designer-5.jpeg 1024w, https:\/\/cms.red-snake-27384.zap.cloud\/wp-content\/uploads\/2025\/04\/Designer-5-300x300.jpeg 300w, https:\/\/cms.red-snake-27384.zap.cloud\/wp-content\/uploads\/2025\/04\/Designer-5-150x150.jpeg 150w, https:\/\/cms.red-snake-27384.zap.cloud\/wp-content\/uploads\/2025\/04\/Designer-5-768x768.jpeg 768w\" sizes=\"(max-width: 1024px) 100vw, 1024px\" \/><\/figure>\n<\/div>\n\n\n\n<div class=\"wp-block-column is-layout-flow wp-block-column-is-layout-flow\" style=\"flex-basis:52%\">\n<h2 class=\"wp-block-heading has-large-font-size\">Force rapide &amp; augmentation des performances<\/h2>\n\n\n\n<p>Pour les mouvements explosifs, les courses d&#8217;\u00e9lan et les sprints, il ne faut pas seulement de la technique, mais aussi de la force rapide. La cr\u00e9atine, un suppl\u00e9ment \u00e9prouv\u00e9, peut aider dans ce domaine : Elle augmente les performances \u00e0 court terme lors d&#8217;efforts intenses et est particuli\u00e8rement utile lors d&#8217;actions r\u00e9p\u00e9t\u00e9es de sprint ou de force dans le jeu.<\/p>\n\n\n\n<p>Les \u00e9lectrolytes, qui sont perdus lors de la transpiration, sont \u00e9galement importants : ils r\u00e9gulent l&#8217;\u00e9quilibre hydrique et aident \u00e0 maintenir la performance &#8211; surtout dans la chaleur estivale ou lors de tournois.<\/p>\n<\/div>\n<\/div>\n\n\n\n<hr class=\"wp-block-separator has-alpha-channel-opacity\"\/>\n\n\n\n<div class=\"wp-block-columns is-layout-flex wp-container-core-columns-is-layout-9d6595d7 wp-block-columns-is-layout-flex\">\n<div class=\"wp-block-column is-layout-flow wp-block-column-is-layout-flow\">\n<h2 class=\"wp-block-heading has-large-font-size\">Sant\u00e9 &amp; Pr\u00e9vention<\/h2>\n\n\n\n<p>Outre l&#8217;am\u00e9lioration directe des performances, la sant\u00e9 \u00e0 long terme joue \u00e9galement un r\u00f4le important. Les acides gras om\u00e9ga-3 &#8211; provenant par exemple de l&#8217;huile de poisson &#8211; soutiennent la sant\u00e9 des articulations et ont un effet anti-inflammatoire, ce qui peut \u00eatre particuli\u00e8rement utile en cas de forte sollicitation \u00e0 l&#8217;entra\u00eenement et lors des duels.<\/p>\n\n\n\n<p>Les pr\u00e9parations multivitamin\u00e9es peuvent aider \u00e0 combler les petites lacunes alimentaires &#8211; par exemple en cas de stress quotidien ou en d\u00e9placement. Elles ne remplacent toutefois pas les fruits et l\u00e9gumes frais et une alimentation \u00e9quilibr\u00e9e, mais constituent un compl\u00e9ment utile si n\u00e9cessaire.<\/p>\n<\/div>\n\n\n\n<div class=\"wp-block-column is-layout-flow wp-block-column-is-layout-flow\">\n<figure class=\"wp-block-image size-full\"><img decoding=\"async\" width=\"1024\" height=\"1024\" src=\"https:\/\/cms.red-snake-27384.zap.cloud\/wp-content\/uploads\/2025\/04\/Designer-6.jpeg\" alt=\"\" class=\"wp-image-1121\" srcset=\"https:\/\/cms.red-snake-27384.zap.cloud\/wp-content\/uploads\/2025\/04\/Designer-6.jpeg 1024w, https:\/\/cms.red-snake-27384.zap.cloud\/wp-content\/uploads\/2025\/04\/Designer-6-300x300.jpeg 300w, https:\/\/cms.red-snake-27384.zap.cloud\/wp-content\/uploads\/2025\/04\/Designer-6-150x150.jpeg 150w, https:\/\/cms.red-snake-27384.zap.cloud\/wp-content\/uploads\/2025\/04\/Designer-6-768x768.jpeg 768w\" sizes=\"(max-width: 1024px) 100vw, 1024px\" \/><\/figure>\n<\/div>\n<\/div>\n\n\n\n<p><\/p>\n","protected":false},"excerpt":{"rendered":"<p>D\u00e9veloppement musculaire &amp; r\u00e9g\u00e9n\u00e9ration Le football est physiquement exigeant &#8211; surtout en cas d&#8217;entra\u00eenements fr\u00e9quents ou pendant la phase de pr\u00e9paration. Pour acc\u00e9l\u00e9rer la r\u00e9g\u00e9n\u00e9ration et favoriser la construction musculaire, un apport suffisant en prot\u00e9ines est essentiel. Dans ce cas, les prot\u00e9ines en poudre &#8211; surtout la whey &#8211; peuvent \u00eatre un compl\u00e9ment pratique. Elle&hellip;&nbsp;<a href=\"https:\/\/cms.red-snake-27384.zap.cloud\/?page_id=1063\" rel=\"bookmark\">Weiterlesen &raquo;<span class=\"screen-reader-text\">Produits de football<\/span><\/a><\/p>\n","protected":false},"author":1,"featured_media":0,"parent":0,"menu_order":0,"comment_status":"closed","ping_status":"closed","template":"","meta":{"neve_meta_sidebar":"","neve_meta_container":"","neve_meta_enable_content_width":"","neve_meta_content_width":0,"neve_meta_title_alignment":"","neve_meta_author_avatar":"","neve_post_elements_order":"","neve_meta_disable_header":"","neve_meta_disable_footer":"","neve_meta_disable_title":"","_themeisle_gutenberg_block_has_review":false,"footnotes":""},"class_list":["post-1063","page","type-page","status-publish","hentry"],"_links":{"self":[{"href":"https:\/\/cms.red-snake-27384.zap.cloud\/index.php?rest_route=\/wp\/v2\/pages\/1063","targetHints":{"allow":["GET"]}}],"collection":[{"href":"https:\/\/cms.red-snake-27384.zap.cloud\/index.php?rest_route=\/wp\/v2\/pages"}],"about":[{"href":"https:\/\/cms.red-snake-27384.zap.cloud\/index.php?rest_route=\/wp\/v2\/types\/page"}],"author":[{"embeddable":true,"href":"https:\/\/cms.red-snake-27384.zap.cloud\/index.php?rest_route=\/wp\/v2\/users\/1"}],"replies":[{"embeddable":true,"href":"https:\/\/cms.red-snake-27384.zap.cloud\/index.php?rest_route=%2Fwp%2Fv2%2Fcomments&post=1063"}],"version-history":[{"count":2,"href":"https:\/\/cms.red-snake-27384.zap.cloud\/index.php?rest_route=\/wp\/v2\/pages\/1063\/revisions"}],"predecessor-version":[{"id":1122,"href":"https:\/\/cms.red-snake-27384.zap.cloud\/index.php?rest_route=\/wp\/v2\/pages\/1063\/revisions\/1122"}],"wp:attachment":[{"href":"https:\/\/cms.red-snake-27384.zap.cloud\/index.php?rest_route=%2Fwp%2Fv2%2Fmedia&parent=1063"}],"curies":[{"name":"wp","href":"https:\/\/api.w.org\/{rel}","templated":true}]}}