{"id":1066,"date":"2025-04-06T18:56:57","date_gmt":"2025-04-06T18:56:57","guid":{"rendered":"https:\/\/cms.red-snake-27384.zap.cloud\/?page_id=1066"},"modified":"2025-04-08T13:05:30","modified_gmt":"2025-04-08T13:05:30","slug":"fussball-locations","status":"publish","type":"page","link":"https:\/\/cms.red-snake-27384.zap.cloud\/?page_id=1066","title":{"rendered":"Lieux de football"},"content":{"rendered":"\n<div class=\"wp-block-columns is-layout-flex wp-container-core-columns-is-layout-9d6595d7 wp-block-columns-is-layout-flex\">\n<div class=\"wp-block-column is-layout-flow wp-block-column-is-layout-flow\">\n<h2 class=\"wp-block-heading has-large-font-size\">Installations de football de haut niveau dans la r\u00e9gion<\/h2>\n\n\n\n<p>La r\u00e9gion du Jura offre une multitude de sites d&#8217;entra\u00eenement de qualit\u00e9 pour les footballeurs &#8211; des stades professionnels aux clubs locaux dot\u00e9s d&#8217;infrastructures modernes. Parmi les points forts, on trouve :<\/p>\n\n\n\n<p>Le Centre Sportif de Colovray \u00e0 Nyon &#8211; un centre d&#8217;entra\u00eenement certifi\u00e9 par l&#8217;UEFA, \u00e9galement utilis\u00e9 par des \u00e9quipes internationales.<\/p>\n\n\n\n<p>Stade de la Maladi\u00e8re \u00e0 Neuch\u00e2tel &#8211; avec une pelouse bien entretenue, une ambiance de stade et la proximit\u00e9 du lac.<\/p>\n\n\n\n<p>Stade de Gen\u00e8ve &#8211; un complexe sportif moderne offrant des conditions d&#8217;entra\u00eenement professionnelles.<\/p>\n\n\n\n<p>Ces sites sont id\u00e9aux pour l&#8217;entra\u00eenement structur\u00e9 des \u00e9quipes, les exercices techniques ou encore les camps d&#8217;entra\u00eenement.<\/p>\n<\/div>\n\n\n\n<div class=\"wp-block-column is-layout-flow wp-block-column-is-layout-flow\">\n<figure class=\"wp-block-image size-full\"><img fetchpriority=\"high\" decoding=\"async\" width=\"1024\" height=\"1024\" src=\"https:\/\/cms.red-snake-27384.zap.cloud\/wp-content\/uploads\/2025\/04\/Designer-7.jpeg\" alt=\"\" class=\"wp-image-1126\" srcset=\"https:\/\/cms.red-snake-27384.zap.cloud\/wp-content\/uploads\/2025\/04\/Designer-7.jpeg 1024w, https:\/\/cms.red-snake-27384.zap.cloud\/wp-content\/uploads\/2025\/04\/Designer-7-300x300.jpeg 300w, https:\/\/cms.red-snake-27384.zap.cloud\/wp-content\/uploads\/2025\/04\/Designer-7-150x150.jpeg 150w, https:\/\/cms.red-snake-27384.zap.cloud\/wp-content\/uploads\/2025\/04\/Designer-7-768x768.jpeg 768w\" sizes=\"(max-width: 1024px) 100vw, 1024px\" \/><\/figure>\n<\/div>\n<\/div>\n\n\n\n<hr class=\"wp-block-separator has-alpha-channel-opacity\"\/>\n\n\n\n<div class=\"wp-block-columns is-layout-flex wp-container-core-columns-is-layout-9d6595d7 wp-block-columns-is-layout-flex\">\n<div class=\"wp-block-column is-layout-flow wp-block-column-is-layout-flow\">\n<figure class=\"wp-block-image size-full\"><img decoding=\"async\" width=\"1024\" height=\"1024\" src=\"https:\/\/cms.red-snake-27384.zap.cloud\/wp-content\/uploads\/2025\/04\/Designer-8.jpeg\" alt=\"\" class=\"wp-image-1127\" srcset=\"https:\/\/cms.red-snake-27384.zap.cloud\/wp-content\/uploads\/2025\/04\/Designer-8.jpeg 1024w, https:\/\/cms.red-snake-27384.zap.cloud\/wp-content\/uploads\/2025\/04\/Designer-8-300x300.jpeg 300w, https:\/\/cms.red-snake-27384.zap.cloud\/wp-content\/uploads\/2025\/04\/Designer-8-150x150.jpeg 150w, https:\/\/cms.red-snake-27384.zap.cloud\/wp-content\/uploads\/2025\/04\/Designer-8-768x768.jpeg 768w\" sizes=\"(max-width: 1024px) 100vw, 1024px\" \/><\/figure>\n<\/div>\n\n\n\n<div class=\"wp-block-column is-layout-flow wp-block-column-is-layout-flow\">\n<h2 class=\"wp-block-heading has-large-font-size\">Entra\u00eenement individuel flexible en plein air<\/h2>\n\n\n\n<p>Outre les terrains de football classiques, tu trouveras dans la r\u00e9gion de nombreuses possibilit\u00e9s d&#8217;entra\u00eenement technique et de fitness individuel &#8211; particuli\u00e8rement pratique pour les joueurs individuels ou les petits groupes :<\/p>\n\n\n\n<p>Les terrains en gazon synth\u00e9tique dans les installations sportives publiques offrent un entra\u00eenement ind\u00e9pendant des conditions m\u00e9t\u00e9orologiques avec une grande disponibilit\u00e9 des terrains.<\/p>\n\n\n\n<p>Les parcs avec appareils de fitness int\u00e9gr\u00e9s (par exemple pour la gymnastique su\u00e9doise) sont id\u00e9aux pour un entra\u00eenement compl\u00e9mentaire de la force et de la coordination.<\/p>\n\n\n\n<p>Tu peux y travailler de mani\u00e8re cibl\u00e9e la technique de tir, les exercices de passe ou la mobilit\u00e9, ind\u00e9pendamment de la structure du club.<\/p>\n<\/div>\n<\/div>\n\n\n\n<hr class=\"wp-block-separator has-alpha-channel-opacity\"\/>\n\n\n\n<div class=\"wp-block-columns is-layout-flex wp-container-core-columns-is-layout-9d6595d7 wp-block-columns-is-layout-flex\">\n<div class=\"wp-block-column is-layout-flow wp-block-column-is-layout-flow\">\n<h2 class=\"wp-block-heading has-large-font-size\">Entra\u00eenement compl\u00e9mentaire de force et de fitness<\/h2>\n\n\n\n<p>Pour un d\u00e9veloppement global en tant que footballeur, l&#8217;entra\u00eenement cibl\u00e9 de force et d&#8217;endurance en studio est \u00e9galement important. Dans la r\u00e9gion, tu trouveras des studios de fitness modernes comme:<\/p>\n\n\n\n<p><strong>Activ Fitness<\/strong><\/p>\n\n\n\n<p><strong>NonStop Gym<\/strong><\/p>\n\n\n\n<p>Ces studios proposent des appareils professionnels, des zones d&#8217;entra\u00eenement fonctionnelles ainsi que des horaires d&#8217;ouverture flexibles &#8211; l&#8217;id\u00e9al pour travailler la stabilit\u00e9 du tronc, la force rapide ou la mobilit\u00e9, surtout en basse saison ou en cas de mauvais temps.<\/p>\n<\/div>\n\n\n\n<div class=\"wp-block-column is-layout-flow wp-block-column-is-layout-flow\">\n<figure class=\"wp-block-image size-full\"><img decoding=\"async\" width=\"1024\" height=\"1024\" src=\"https:\/\/cms.red-snake-27384.zap.cloud\/wp-content\/uploads\/2025\/04\/Designer-9.jpeg\" alt=\"\" class=\"wp-image-1129\" srcset=\"https:\/\/cms.red-snake-27384.zap.cloud\/wp-content\/uploads\/2025\/04\/Designer-9.jpeg 1024w, https:\/\/cms.red-snake-27384.zap.cloud\/wp-content\/uploads\/2025\/04\/Designer-9-300x300.jpeg 300w, https:\/\/cms.red-snake-27384.zap.cloud\/wp-content\/uploads\/2025\/04\/Designer-9-150x150.jpeg 150w, https:\/\/cms.red-snake-27384.zap.cloud\/wp-content\/uploads\/2025\/04\/Designer-9-768x768.jpeg 768w\" sizes=\"(max-width: 1024px) 100vw, 1024px\" \/><\/figure>\n<\/div>\n<\/div>\n\n\n\n<p><\/p>\n","protected":false},"excerpt":{"rendered":"<p>Installations de football de haut niveau dans la r\u00e9gion La r\u00e9gion du Jura offre une multitude de sites d&#8217;entra\u00eenement de qualit\u00e9 pour les footballeurs &#8211; des stades professionnels aux clubs locaux dot\u00e9s d&#8217;infrastructures modernes. Parmi les points forts, on trouve : Le Centre Sportif de Colovray \u00e0 Nyon &#8211; un centre d&#8217;entra\u00eenement certifi\u00e9 par l&#8217;UEFA,&hellip;&nbsp;<a href=\"https:\/\/cms.red-snake-27384.zap.cloud\/?page_id=1066\" rel=\"bookmark\">Weiterlesen &raquo;<span class=\"screen-reader-text\">Lieux de football<\/span><\/a><\/p>\n","protected":false},"author":1,"featured_media":0,"parent":0,"menu_order":0,"comment_status":"closed","ping_status":"closed","template":"","meta":{"neve_meta_sidebar":"","neve_meta_container":"","neve_meta_enable_content_width":"","neve_meta_content_width":0,"neve_meta_title_alignment":"","neve_meta_author_avatar":"","neve_post_elements_order":"","neve_meta_disable_header":"","neve_meta_disable_footer":"","neve_meta_disable_title":"","_themeisle_gutenberg_block_has_review":false,"footnotes":""},"class_list":["post-1066","page","type-page","status-publish","hentry"],"_links":{"self":[{"href":"https:\/\/cms.red-snake-27384.zap.cloud\/index.php?rest_route=\/wp\/v2\/pages\/1066","targetHints":{"allow":["GET"]}}],"collection":[{"href":"https:\/\/cms.red-snake-27384.zap.cloud\/index.php?rest_route=\/wp\/v2\/pages"}],"about":[{"href":"https:\/\/cms.red-snake-27384.zap.cloud\/index.php?rest_route=\/wp\/v2\/types\/page"}],"author":[{"embeddable":true,"href":"https:\/\/cms.red-snake-27384.zap.cloud\/index.php?rest_route=\/wp\/v2\/users\/1"}],"replies":[{"embeddable":true,"href":"https:\/\/cms.red-snake-27384.zap.cloud\/index.php?rest_route=%2Fwp%2Fv2%2Fcomments&post=1066"}],"version-history":[{"count":3,"href":"https:\/\/cms.red-snake-27384.zap.cloud\/index.php?rest_route=\/wp\/v2\/pages\/1066\/revisions"}],"predecessor-version":[{"id":1131,"href":"https:\/\/cms.red-snake-27384.zap.cloud\/index.php?rest_route=\/wp\/v2\/pages\/1066\/revisions\/1131"}],"wp:attachment":[{"href":"https:\/\/cms.red-snake-27384.zap.cloud\/index.php?rest_route=%2Fwp%2Fv2%2Fmedia&parent=1066"}],"curies":[{"name":"wp","href":"https:\/\/api.w.org\/{rel}","templated":true}]}}