{"id":1068,"date":"2025-04-06T19:05:36","date_gmt":"2025-04-06T19:05:36","guid":{"rendered":"https:\/\/cms.red-snake-27384.zap.cloud\/?page_id=1068"},"modified":"2025-04-08T13:10:52","modified_gmt":"2025-04-08T13:10:52","slug":"fussball-preparation","status":"publish","type":"page","link":"https:\/\/cms.red-snake-27384.zap.cloud\/?page_id=1068","title":{"rendered":"Pr\u00e9paration au fussball"},"content":{"rendered":"\n<div class=\"wp-block-columns is-layout-flex wp-container-core-columns-is-layout-9d6595d7 wp-block-columns-is-layout-flex\">\n<div class=\"wp-block-column is-layout-flow wp-block-column-is-layout-flow\">\n<h2 class=\"wp-block-heading has-large-font-size\">Mobiliser les articulations &amp; r\u00e9veiller le corps<\/h2>\n\n\n\n<p>Un \u00e9chauffement efficace commence par une mobilisation douce afin de pr\u00e9parer les articulations au mouvement et de stimuler la circulation sanguine. Cette phase est essentielle, en particulier dans le football, o\u00f9 des mouvements rapides et des changements de direction sont n\u00e9cessaires.<\/p>\n\n\n\n<p>Exercices de mobilisation typiques :<\/p>\n\n\n\n<p>Cercles des bras pour assouplir les \u00e9paules<\/p>\n\n\n\n<p>Cercles des hanches pour assouplir le centre du corps<\/p>\n\n\n\n<p>Rotations des chevilles pour pr\u00e9parer les articulations \u00e0 l&#8217;effort<\/p>\n\n\n\n<p>Ces exercices aident \u00e0 soulager les tensions et \u00e0 r\u00e9duire le risque de blessure.<\/p>\n<\/div>\n\n\n\n<div class=\"wp-block-column is-layout-flow wp-block-column-is-layout-flow\">\n<figure class=\"wp-block-image size-full\"><img fetchpriority=\"high\" decoding=\"async\" width=\"1024\" height=\"1024\" src=\"https:\/\/cms.red-snake-27384.zap.cloud\/wp-content\/uploads\/2025\/04\/Designer-10.jpeg\" alt=\"\" class=\"wp-image-1136\" srcset=\"https:\/\/cms.red-snake-27384.zap.cloud\/wp-content\/uploads\/2025\/04\/Designer-10.jpeg 1024w, https:\/\/cms.red-snake-27384.zap.cloud\/wp-content\/uploads\/2025\/04\/Designer-10-300x300.jpeg 300w, https:\/\/cms.red-snake-27384.zap.cloud\/wp-content\/uploads\/2025\/04\/Designer-10-150x150.jpeg 150w, https:\/\/cms.red-snake-27384.zap.cloud\/wp-content\/uploads\/2025\/04\/Designer-10-768x768.jpeg 768w\" sizes=\"(max-width: 1024px) 100vw, 1024px\" \/><\/figure>\n<\/div>\n<\/div>\n\n\n\n<hr class=\"wp-block-separator has-alpha-channel-opacity\"\/>\n\n\n\n<div class=\"wp-block-columns is-layout-flex wp-container-core-columns-is-layout-9d6595d7 wp-block-columns-is-layout-flex\">\n<div class=\"wp-block-column is-layout-flow wp-block-column-is-layout-flow\">\n<figure class=\"wp-block-image size-full\"><img decoding=\"async\" width=\"1024\" height=\"1024\" src=\"https:\/\/cms.red-snake-27384.zap.cloud\/wp-content\/uploads\/2025\/04\/Designer-11.jpeg\" alt=\"\" class=\"wp-image-1138\" srcset=\"https:\/\/cms.red-snake-27384.zap.cloud\/wp-content\/uploads\/2025\/04\/Designer-11.jpeg 1024w, https:\/\/cms.red-snake-27384.zap.cloud\/wp-content\/uploads\/2025\/04\/Designer-11-300x300.jpeg 300w, https:\/\/cms.red-snake-27384.zap.cloud\/wp-content\/uploads\/2025\/04\/Designer-11-150x150.jpeg 150w, https:\/\/cms.red-snake-27384.zap.cloud\/wp-content\/uploads\/2025\/04\/Designer-11-768x768.jpeg 768w\" sizes=\"(max-width: 1024px) 100vw, 1024px\" \/><\/figure>\n<\/div>\n\n\n\n<div class=\"wp-block-column is-layout-flow wp-block-column-is-layout-flow\">\n<h2 class=\"wp-block-heading has-large-font-size\">Activation dynamique du mouvement<\/h2>\n\n\n\n<p>La phase d&#8217;activation dynamique suit la mobilisation. L&#8217;objectif est de mettre les muscles en mouvement, d&#8217;am\u00e9liorer la coordination et d&#8217;augmenter la fr\u00e9quence cardiaque.<\/p>\n\n\n\n<p>Exercices recommand\u00e9s :<\/p>\n\n\n\n<p>Les pas chass\u00e9s dynamiques avec rotation du buste &#8211; favorisent l&#8217;\u00e9quilibre, la mobilit\u00e9 des hanches et le contr\u00f4le du tronc.<\/p>\n\n\n\n<p>Skippings tels que les mont\u00e9es de genoux et les talons &#8211; donnent du rythme \u00e0 la circulation et activent les muscles des jambes.<\/p>\n\n\n\n<p>Ces exercices simulent des mouvements typiques du jeu et te font progresser physiquement et mentalement.<\/p>\n<\/div>\n<\/div>\n\n\n\n<hr class=\"wp-block-separator has-alpha-channel-opacity\"\/>\n\n\n\n<div class=\"wp-block-columns is-layout-flex wp-container-core-columns-is-layout-9d6595d7 wp-block-columns-is-layout-flex\">\n<div class=\"wp-block-column is-layout-flow wp-block-column-is-layout-flow\">\n<h2 class=\"wp-block-heading has-large-font-size\">Pr\u00e9parer la r\u00e9activit\u00e9 &amp; les changements de direction<\/h2>\n\n\n\n<p>Dans la derni\u00e8re phase de l&#8217;\u00e9chauffement, il s&#8217;agit de pr\u00e9parer le corps de mani\u00e8re cibl\u00e9e \u00e0 des mouvements proches du jeu comme les sprints, les rotations et les changements de direction.<\/p>\n\n\n\n<p>Des exercices utiles :<\/p>\n\n\n\n<p>Pas chass\u00e9s lat\u00e9raux &#8211; am\u00e9liorent la mobilit\u00e9 lat\u00e9rale et la vitesse de r\u00e9action.<\/p>\n\n\n\n<p>Exercices de saut l\u00e9gers (p. ex. saut lat\u00e9ral par-dessus des lignes) &#8211; activent les articulations des chevilles et favorisent la force de saut ainsi que le travail des pieds.<\/p>\n\n\n\n<p>Ces exercices aident \u00e0 activer les cha\u00eenes de r\u00e9action musculaires et neuronales &#8211; id\u00e9al pour commencer l&#8217;entra\u00eenement ou le jeu.<\/p>\n<\/div>\n\n\n\n<div class=\"wp-block-column is-layout-flow wp-block-column-is-layout-flow\">\n<figure class=\"wp-block-image size-full\"><img decoding=\"async\" width=\"1024\" height=\"1024\" src=\"https:\/\/cms.red-snake-27384.zap.cloud\/wp-content\/uploads\/2025\/04\/Designer-12.jpeg\" alt=\"\" class=\"wp-image-1140\" srcset=\"https:\/\/cms.red-snake-27384.zap.cloud\/wp-content\/uploads\/2025\/04\/Designer-12.jpeg 1024w, https:\/\/cms.red-snake-27384.zap.cloud\/wp-content\/uploads\/2025\/04\/Designer-12-300x300.jpeg 300w, https:\/\/cms.red-snake-27384.zap.cloud\/wp-content\/uploads\/2025\/04\/Designer-12-150x150.jpeg 150w, https:\/\/cms.red-snake-27384.zap.cloud\/wp-content\/uploads\/2025\/04\/Designer-12-768x768.jpeg 768w\" sizes=\"(max-width: 1024px) 100vw, 1024px\" \/><\/figure>\n<\/div>\n<\/div>\n\n\n\n<p><\/p>\n","protected":false},"excerpt":{"rendered":"<p>Mobiliser les articulations &amp; r\u00e9veiller le corps Un \u00e9chauffement efficace commence par une mobilisation douce afin de pr\u00e9parer les articulations au mouvement et de stimuler la circulation sanguine. Cette phase est essentielle, en particulier dans le football, o\u00f9 des mouvements rapides et des changements de direction sont n\u00e9cessaires. Exercices de mobilisation typiques : Cercles des&hellip;&nbsp;<a href=\"https:\/\/cms.red-snake-27384.zap.cloud\/?page_id=1068\" rel=\"bookmark\">Weiterlesen &raquo;<span class=\"screen-reader-text\">Pr\u00e9paration au fussball<\/span><\/a><\/p>\n","protected":false},"author":1,"featured_media":0,"parent":0,"menu_order":0,"comment_status":"closed","ping_status":"closed","template":"","meta":{"neve_meta_sidebar":"","neve_meta_container":"","neve_meta_enable_content_width":"","neve_meta_content_width":0,"neve_meta_title_alignment":"","neve_meta_author_avatar":"","neve_post_elements_order":"","neve_meta_disable_header":"","neve_meta_disable_footer":"","neve_meta_disable_title":"","_themeisle_gutenberg_block_has_review":false,"footnotes":""},"class_list":["post-1068","page","type-page","status-publish","hentry"],"_links":{"self":[{"href":"https:\/\/cms.red-snake-27384.zap.cloud\/index.php?rest_route=\/wp\/v2\/pages\/1068","targetHints":{"allow":["GET"]}}],"collection":[{"href":"https:\/\/cms.red-snake-27384.zap.cloud\/index.php?rest_route=\/wp\/v2\/pages"}],"about":[{"href":"https:\/\/cms.red-snake-27384.zap.cloud\/index.php?rest_route=\/wp\/v2\/types\/page"}],"author":[{"embeddable":true,"href":"https:\/\/cms.red-snake-27384.zap.cloud\/index.php?rest_route=\/wp\/v2\/users\/1"}],"replies":[{"embeddable":true,"href":"https:\/\/cms.red-snake-27384.zap.cloud\/index.php?rest_route=%2Fwp%2Fv2%2Fcomments&post=1068"}],"version-history":[{"count":3,"href":"https:\/\/cms.red-snake-27384.zap.cloud\/index.php?rest_route=\/wp\/v2\/pages\/1068\/revisions"}],"predecessor-version":[{"id":1141,"href":"https:\/\/cms.red-snake-27384.zap.cloud\/index.php?rest_route=\/wp\/v2\/pages\/1068\/revisions\/1141"}],"wp:attachment":[{"href":"https:\/\/cms.red-snake-27384.zap.cloud\/index.php?rest_route=%2Fwp%2Fv2%2Fmedia&parent=1068"}],"curies":[{"name":"wp","href":"https:\/\/api.w.org\/{rel}","templated":true}]}}