{"id":1088,"date":"2025-04-08T12:27:41","date_gmt":"2025-04-08T12:27:41","guid":{"rendered":"https:\/\/cms.red-snake-27384.zap.cloud\/?page_id=1088"},"modified":"2025-04-08T16:08:22","modified_gmt":"2025-04-08T16:08:22","slug":"raquettes-a-neige-renforcement","status":"publish","type":"page","link":"https:\/\/cms.red-snake-27384.zap.cloud\/?page_id=1088","title":{"rendered":"Renforcement par raquettes \u00e0 neige"},"content":{"rendered":"\n<div class=\"wp-block-columns is-layout-flex wp-container-core-columns-is-layout-9d6595d7 wp-block-columns-is-layout-flex\">\n<div class=\"wp-block-column is-layout-flow wp-block-column-is-layout-flow\">\n<h2 class=\"wp-block-heading has-large-font-size\"><strong>Renforcement des jambes pour les mont\u00e9es et la neige profonde<\/strong><\/h2>\n\n\n\n<p>Lors des randonn\u00e9es en raquettes, la&nbsp;<strong>force des jambes<\/strong>&nbsp;est primordiale \u2013 que ce soit pour gravir des pentes raides, marcher dans la neige profonde ou maintenir une bonne posture sur terrain in\u00e9gal.<\/p>\n\n\n\n<p>Les exercices suivants sont particuli\u00e8rement efficaces :<\/p>\n\n\n\n<ul class=\"wp-block-list\">\n<li><strong>Squats<\/strong>&nbsp;et&nbsp;<strong>fentes<\/strong>&nbsp;(lunges) pour renforcer les cuisses et les fessiers<\/li>\n\n\n\n<li><strong>Step-ups<\/strong>&nbsp;sur une marche ou une bo\u00eete pour simuler les mont\u00e9es<\/li>\n\n\n\n<li><strong>Squats sur une jambe<\/strong>&nbsp;ou&nbsp;<strong>Bulgarian Split Squats<\/strong>&nbsp;pour am\u00e9liorer la stabilit\u00e9 des genoux<\/li>\n<\/ul>\n\n\n\n<p>Ces exercices permettent non seulement de gagner en puissance, mais aussi en contr\u00f4le.<\/p>\n<\/div>\n\n\n\n<div class=\"wp-block-column is-layout-flow wp-block-column-is-layout-flow\">\n<figure class=\"wp-block-image size-full\"><img fetchpriority=\"high\" decoding=\"async\" width=\"1024\" height=\"1024\" src=\"https:\/\/cms.red-snake-27384.zap.cloud\/wp-content\/uploads\/2025\/04\/Designer-19.jpeg\" alt=\"\" class=\"wp-image-1189\" srcset=\"https:\/\/cms.red-snake-27384.zap.cloud\/wp-content\/uploads\/2025\/04\/Designer-19.jpeg 1024w, https:\/\/cms.red-snake-27384.zap.cloud\/wp-content\/uploads\/2025\/04\/Designer-19-300x300.jpeg 300w, https:\/\/cms.red-snake-27384.zap.cloud\/wp-content\/uploads\/2025\/04\/Designer-19-150x150.jpeg 150w, https:\/\/cms.red-snake-27384.zap.cloud\/wp-content\/uploads\/2025\/04\/Designer-19-768x768.jpeg 768w\" sizes=\"(max-width: 1024px) 100vw, 1024px\" \/><\/figure>\n<\/div>\n<\/div>\n\n\n\n<hr class=\"wp-block-separator has-alpha-channel-opacity\"\/>\n\n\n\n<div class=\"wp-block-columns is-layout-flex wp-container-core-columns-is-layout-9d6595d7 wp-block-columns-is-layout-flex\">\n<div class=\"wp-block-column is-layout-flow wp-block-column-is-layout-flow\">\n<figure class=\"wp-block-image size-full\"><img decoding=\"async\" width=\"1024\" height=\"1024\" src=\"https:\/\/cms.red-snake-27384.zap.cloud\/wp-content\/uploads\/2025\/04\/Designer-20.jpeg\" alt=\"\" class=\"wp-image-1196\" srcset=\"https:\/\/cms.red-snake-27384.zap.cloud\/wp-content\/uploads\/2025\/04\/Designer-20.jpeg 1024w, https:\/\/cms.red-snake-27384.zap.cloud\/wp-content\/uploads\/2025\/04\/Designer-20-300x300.jpeg 300w, https:\/\/cms.red-snake-27384.zap.cloud\/wp-content\/uploads\/2025\/04\/Designer-20-150x150.jpeg 150w, https:\/\/cms.red-snake-27384.zap.cloud\/wp-content\/uploads\/2025\/04\/Designer-20-768x768.jpeg 768w\" sizes=\"(max-width: 1024px) 100vw, 1024px\" \/><\/figure>\n<\/div>\n\n\n\n<div class=\"wp-block-column is-layout-flow wp-block-column-is-layout-flow\">\n<h2 class=\"wp-block-heading has-large-font-size\"><strong>Stabilit\u00e9 du tronc et posture avec sac \u00e0 dos<\/strong><\/h2>\n\n\n\n<p>En terrain alpin, un tronc fort est essentiel pour&nbsp;<strong>garder l\u2019\u00e9quilibre<\/strong>, surtout avec un sac \u00e0 dos charg\u00e9.<br>Les exercices de gainage renforcent la sangle abdominale et prot\u00e8gent le dos :<\/p>\n\n\n\n<ul class=\"wp-block-list\">\n<li><strong>Planches (planks)<\/strong>&nbsp;pour la stabilit\u00e9 globale<\/li>\n\n\n\n<li><strong>Bird dogs<\/strong>&nbsp;pour la coordination bras-jambe et l\u2019\u00e9quilibre<\/li>\n\n\n\n<li><strong>Russian twists<\/strong>&nbsp;pour renforcer les obliques et g\u00e9rer les mouvements de rotation<\/li>\n<\/ul>\n\n\n\n<p>Ces exercices t\u2019aident \u00e0 rester solide et centr\u00e9, m\u00eame sur terrain accident\u00e9.<\/p>\n<\/div>\n<\/div>\n\n\n\n<hr class=\"wp-block-separator has-alpha-channel-opacity\"\/>\n\n\n\n<div class=\"wp-block-columns is-layout-flex wp-container-core-columns-is-layout-9d6595d7 wp-block-columns-is-layout-flex\">\n<div class=\"wp-block-column is-layout-flow wp-block-column-is-layout-flow\">\n<h2 class=\"wp-block-heading has-large-font-size\"><strong>\u00c9quilibre &amp; r\u00e9activit\u00e9 sur terrain instable<\/strong><\/h2>\n\n\n\n<p>Marcher sur la neige, surtout en raquettes, demande une&nbsp;<strong>bonne proprioception<\/strong>. Pour t\u2019y pr\u00e9parer :<\/p>\n\n\n\n<ul class=\"wp-block-list\">\n<li>Entra\u00eene-toi avec un&nbsp;<strong>balance pad<\/strong>&nbsp;ou un&nbsp;<strong>Bosu Ball<\/strong>&nbsp;\u2013 cela simule les irr\u00e9gularit\u00e9s du sol<\/li>\n\n\n\n<li>Fais des&nbsp;<strong>\u00e9l\u00e9vations des mollets<\/strong>&nbsp;et des&nbsp;<strong>sauts l\u00e9gers<\/strong>&nbsp;pour am\u00e9liorer l\u2019impulsion et la r\u00e9activit\u00e9<\/li>\n\n\n\n<li>Combine ces exercices avec des mouvements lat\u00e9raux pour mieux g\u00e9rer les d\u00e9s\u00e9quilibres soudains<\/li>\n<\/ul>\n\n\n\n<p>Ces routines te rendent plus agile et plus s\u00fbr de tes appuis, m\u00eame dans la poudreuse.<\/p>\n<\/div>\n\n\n\n<div class=\"wp-block-column is-layout-flow wp-block-column-is-layout-flow\">\n<figure class=\"wp-block-image size-full\"><img decoding=\"async\" width=\"1024\" height=\"1024\" src=\"https:\/\/cms.red-snake-27384.zap.cloud\/wp-content\/uploads\/2025\/04\/Designer-21.jpeg\" alt=\"\" class=\"wp-image-1197\" srcset=\"https:\/\/cms.red-snake-27384.zap.cloud\/wp-content\/uploads\/2025\/04\/Designer-21.jpeg 1024w, https:\/\/cms.red-snake-27384.zap.cloud\/wp-content\/uploads\/2025\/04\/Designer-21-300x300.jpeg 300w, https:\/\/cms.red-snake-27384.zap.cloud\/wp-content\/uploads\/2025\/04\/Designer-21-150x150.jpeg 150w, https:\/\/cms.red-snake-27384.zap.cloud\/wp-content\/uploads\/2025\/04\/Designer-21-768x768.jpeg 768w\" sizes=\"(max-width: 1024px) 100vw, 1024px\" \/><\/figure>\n<\/div>\n<\/div>\n\n\n\n<p><\/p>\n","protected":false},"excerpt":{"rendered":"<p>Renforcement des jambes pour les mont\u00e9es et la neige profonde Lors des randonn\u00e9es en raquettes, la&nbsp;force des jambes&nbsp;est primordiale \u2013 que ce soit pour gravir des pentes raides, marcher dans la neige profonde ou maintenir une bonne posture sur terrain in\u00e9gal. Les exercices suivants sont particuli\u00e8rement efficaces : Ces exercices permettent non seulement de gagner&hellip;&nbsp;<a href=\"https:\/\/cms.red-snake-27384.zap.cloud\/?page_id=1088\" rel=\"bookmark\">Weiterlesen &raquo;<span class=\"screen-reader-text\">Renforcement par raquettes \u00e0 neige<\/span><\/a><\/p>\n","protected":false},"author":1,"featured_media":0,"parent":0,"menu_order":0,"comment_status":"closed","ping_status":"closed","template":"","meta":{"neve_meta_sidebar":"","neve_meta_container":"","neve_meta_enable_content_width":"","neve_meta_content_width":0,"neve_meta_title_alignment":"","neve_meta_author_avatar":"","neve_post_elements_order":"","neve_meta_disable_header":"","neve_meta_disable_footer":"","neve_meta_disable_title":"","_themeisle_gutenberg_block_has_review":false,"footnotes":""},"class_list":["post-1088","page","type-page","status-publish","hentry"],"_links":{"self":[{"href":"https:\/\/cms.red-snake-27384.zap.cloud\/index.php?rest_route=\/wp\/v2\/pages\/1088","targetHints":{"allow":["GET"]}}],"collection":[{"href":"https:\/\/cms.red-snake-27384.zap.cloud\/index.php?rest_route=\/wp\/v2\/pages"}],"about":[{"href":"https:\/\/cms.red-snake-27384.zap.cloud\/index.php?rest_route=\/wp\/v2\/types\/page"}],"author":[{"embeddable":true,"href":"https:\/\/cms.red-snake-27384.zap.cloud\/index.php?rest_route=\/wp\/v2\/users\/1"}],"replies":[{"embeddable":true,"href":"https:\/\/cms.red-snake-27384.zap.cloud\/index.php?rest_route=%2Fwp%2Fv2%2Fcomments&post=1088"}],"version-history":[{"count":3,"href":"https:\/\/cms.red-snake-27384.zap.cloud\/index.php?rest_route=\/wp\/v2\/pages\/1088\/revisions"}],"predecessor-version":[{"id":1334,"href":"https:\/\/cms.red-snake-27384.zap.cloud\/index.php?rest_route=\/wp\/v2\/pages\/1088\/revisions\/1334"}],"wp:attachment":[{"href":"https:\/\/cms.red-snake-27384.zap.cloud\/index.php?rest_route=%2Fwp%2Fv2%2Fmedia&parent=1088"}],"curies":[{"name":"wp","href":"https:\/\/api.w.org\/{rel}","templated":true}]}}