{"id":1095,"date":"2025-04-08T12:35:06","date_gmt":"2025-04-08T12:35:06","guid":{"rendered":"https:\/\/cms.red-snake-27384.zap.cloud\/?page_id=1095"},"modified":"2025-04-08T14:00:36","modified_gmt":"2025-04-08T14:00:36","slug":"raquettes-a-neige-de-lieux","status":"publish","type":"page","link":"https:\/\/cms.red-snake-27384.zap.cloud\/?page_id=1095","title":{"rendered":"Raquettes \u00e0 neige de Lieux"},"content":{"rendered":"\n<div class=\"wp-block-columns is-layout-flex wp-container-core-columns-is-layout-9d6595d7 wp-block-columns-is-layout-flex\">\n<div class=\"wp-block-column is-layout-flow wp-block-column-is-layout-flow\">\n<h2 class=\"wp-block-heading has-large-font-size\"><strong>Paysages vari\u00e9s &amp; nature intacte<\/strong><\/h2>\n\n\n\n<p>La r\u00e9gion du Jura offre des&nbsp;<strong>conditions id\u00e9ales pour les randonn\u00e9es en raquettes<\/strong>&nbsp;: des for\u00eats enneig\u00e9es, des plateaux ouverts et des vues panoramiques \u00e0 couper le souffle. Loin de la foule, ces sentiers permettent une vraie&nbsp;<strong>connexion avec la nature<\/strong>.<\/p>\n\n\n\n<p>Parmi les itin\u00e9raires les plus appr\u00e9ci\u00e9s :<\/p>\n\n\n\n<ul class=\"wp-block-list\">\n<li>Le&nbsp;<strong>plateau de Les Pr\u00e9s-d\u2019Orvin<\/strong><\/li>\n\n\n\n<li>La&nbsp;<strong>randonn\u00e9e vers la M\u00e9tairie de Gl\u00e9resse<\/strong><\/li>\n\n\n\n<li>Le&nbsp;<strong>sentier panoramique du Chasseral<\/strong><\/li>\n\n\n\n<li>Les&nbsp;<strong>trails enneig\u00e9s du Vall\u00e9e de Joux<\/strong><\/li>\n<\/ul>\n\n\n\n<p>Ces itin\u00e9raires sont parfaits pour les amateurs de calme, de beaut\u00e9 alpine et d\u2019activit\u00e9 physique.<\/p>\n<\/div>\n\n\n\n<div class=\"wp-block-column is-layout-flow wp-block-column-is-layout-flow\">\n<figure class=\"wp-block-image size-full\"><img fetchpriority=\"high\" decoding=\"async\" width=\"1024\" height=\"1024\" src=\"https:\/\/cms.red-snake-27384.zap.cloud\/wp-content\/uploads\/2025\/04\/Designer-25.jpeg\" alt=\"\" class=\"wp-image-1213\" srcset=\"https:\/\/cms.red-snake-27384.zap.cloud\/wp-content\/uploads\/2025\/04\/Designer-25.jpeg 1024w, https:\/\/cms.red-snake-27384.zap.cloud\/wp-content\/uploads\/2025\/04\/Designer-25-300x300.jpeg 300w, https:\/\/cms.red-snake-27384.zap.cloud\/wp-content\/uploads\/2025\/04\/Designer-25-150x150.jpeg 150w, https:\/\/cms.red-snake-27384.zap.cloud\/wp-content\/uploads\/2025\/04\/Designer-25-768x768.jpeg 768w\" sizes=\"(max-width: 1024px) 100vw, 1024px\" \/><\/figure>\n<\/div>\n<\/div>\n\n\n\n<hr class=\"wp-block-separator has-alpha-channel-opacity\"\/>\n\n\n\n<div class=\"wp-block-columns is-layout-flex wp-container-core-columns-is-layout-9d6595d7 wp-block-columns-is-layout-flex\">\n<div class=\"wp-block-column is-layout-flow wp-block-column-is-layout-flow\">\n<figure class=\"wp-block-image size-full\"><img decoding=\"async\" width=\"1024\" height=\"1024\" src=\"https:\/\/cms.red-snake-27384.zap.cloud\/wp-content\/uploads\/2025\/04\/Designer-26.jpeg\" alt=\"\" class=\"wp-image-1215\" srcset=\"https:\/\/cms.red-snake-27384.zap.cloud\/wp-content\/uploads\/2025\/04\/Designer-26.jpeg 1024w, https:\/\/cms.red-snake-27384.zap.cloud\/wp-content\/uploads\/2025\/04\/Designer-26-300x300.jpeg 300w, https:\/\/cms.red-snake-27384.zap.cloud\/wp-content\/uploads\/2025\/04\/Designer-26-150x150.jpeg 150w, https:\/\/cms.red-snake-27384.zap.cloud\/wp-content\/uploads\/2025\/04\/Designer-26-768x768.jpeg 768w\" sizes=\"(max-width: 1024px) 100vw, 1024px\" \/><\/figure>\n<\/div>\n\n\n\n<div class=\"wp-block-column is-layout-flow wp-block-column-is-layout-flow\">\n<h2 class=\"wp-block-heading has-large-font-size\"><strong>Sentiers balis\u00e9s &amp; ambiance authentique<\/strong><\/h2>\n\n\n\n<p>La plupart des&nbsp;<strong>parcours en raquettes sont bien balis\u00e9s<\/strong>&nbsp;et adapt\u00e9s \u00e0 tous les niveaux, des d\u00e9butants aux randonneurs exp\u00e9riment\u00e9s.<\/p>\n\n\n\n<p>Les sentiers traversent :<\/p>\n\n\n\n<ul class=\"wp-block-list\">\n<li>Des&nbsp;<strong>for\u00eats tranquilles<\/strong>&nbsp;aux arbres enneig\u00e9s<\/li>\n\n\n\n<li>Des&nbsp;<strong>plateaux ouverts<\/strong>&nbsp;avec vues d\u00e9gag\u00e9es<\/li>\n\n\n\n<li>Des zones&nbsp;<strong>id\u00e9ales pour pique-niquer ou s\u2019arr\u00eater dans une m\u00e9tairie<\/strong><\/li>\n<\/ul>\n\n\n\n<p>Les&nbsp;<strong>refuges et cabanes de montagne<\/strong>&nbsp;jalonnent certains itin\u00e9raires et permettent de se r\u00e9chauffer avec une boisson chaude ou un repas typique.<\/p>\n<\/div>\n<\/div>\n\n\n\n<hr class=\"wp-block-separator has-alpha-channel-opacity\"\/>\n\n\n\n<div class=\"wp-block-columns is-layout-flex wp-container-core-columns-is-layout-9d6595d7 wp-block-columns-is-layout-flex\">\n<div class=\"wp-block-column is-layout-flow wp-block-column-is-layout-flow\">\n<h2 class=\"wp-block-heading has-large-font-size\"><strong>Location de mat\u00e9riel &amp; accessibilit\u00e9<\/strong><\/h2>\n\n\n\n<p>Pas besoin d\u2019un gros investissement pour essayer les raquettes ! De nombreux&nbsp;<strong>magasins de sport proposent des locations<\/strong>&nbsp;\u00e0 la journ\u00e9e ou au week-end :<\/p>\n\n\n\n<ul class=\"wp-block-list\">\n<li>\u00c0&nbsp;<strong>Bienne (Biel)<\/strong><\/li>\n\n\n\n<li>\u00c0&nbsp;<strong>Neuch\u00e2tel<\/strong><\/li>\n\n\n\n<li>\u00c0&nbsp;<strong>La Chaux-de-Fonds<\/strong><\/li>\n<\/ul>\n\n\n\n<p>Certains loueurs donnent m\u00eame des conseils personnalis\u00e9s ou proposent des cartes des sentiers \u00e0 proximit\u00e9 \u2013 id\u00e9al pour les d\u00e9butants.<\/p>\n<\/div>\n\n\n\n<div class=\"wp-block-column is-layout-flow wp-block-column-is-layout-flow\">\n<figure class=\"wp-block-image size-full\"><img decoding=\"async\" width=\"1024\" height=\"1024\" src=\"https:\/\/cms.red-snake-27384.zap.cloud\/wp-content\/uploads\/2025\/04\/Designer-27.jpeg\" alt=\"\" class=\"wp-image-1217\" srcset=\"https:\/\/cms.red-snake-27384.zap.cloud\/wp-content\/uploads\/2025\/04\/Designer-27.jpeg 1024w, https:\/\/cms.red-snake-27384.zap.cloud\/wp-content\/uploads\/2025\/04\/Designer-27-300x300.jpeg 300w, https:\/\/cms.red-snake-27384.zap.cloud\/wp-content\/uploads\/2025\/04\/Designer-27-150x150.jpeg 150w, https:\/\/cms.red-snake-27384.zap.cloud\/wp-content\/uploads\/2025\/04\/Designer-27-768x768.jpeg 768w\" sizes=\"(max-width: 1024px) 100vw, 1024px\" \/><\/figure>\n<\/div>\n<\/div>\n\n\n\n<p><\/p>\n","protected":false},"excerpt":{"rendered":"<p>Paysages vari\u00e9s &amp; nature intacte La r\u00e9gion du Jura offre des&nbsp;conditions id\u00e9ales pour les randonn\u00e9es en raquettes&nbsp;: des for\u00eats enneig\u00e9es, des plateaux ouverts et des vues panoramiques \u00e0 couper le souffle. Loin de la foule, ces sentiers permettent une vraie&nbsp;connexion avec la nature. Parmi les itin\u00e9raires les plus appr\u00e9ci\u00e9s : Ces itin\u00e9raires sont parfaits pour&hellip;&nbsp;<a href=\"https:\/\/cms.red-snake-27384.zap.cloud\/?page_id=1095\" rel=\"bookmark\">Weiterlesen &raquo;<span class=\"screen-reader-text\">Raquettes \u00e0 neige de Lieux<\/span><\/a><\/p>\n","protected":false},"author":1,"featured_media":0,"parent":0,"menu_order":0,"comment_status":"closed","ping_status":"closed","template":"","meta":{"neve_meta_sidebar":"","neve_meta_container":"","neve_meta_enable_content_width":"","neve_meta_content_width":0,"neve_meta_title_alignment":"","neve_meta_author_avatar":"","neve_post_elements_order":"","neve_meta_disable_header":"","neve_meta_disable_footer":"","neve_meta_disable_title":"","_themeisle_gutenberg_block_has_review":false,"footnotes":""},"class_list":["post-1095","page","type-page","status-publish","hentry"],"_links":{"self":[{"href":"https:\/\/cms.red-snake-27384.zap.cloud\/index.php?rest_route=\/wp\/v2\/pages\/1095","targetHints":{"allow":["GET"]}}],"collection":[{"href":"https:\/\/cms.red-snake-27384.zap.cloud\/index.php?rest_route=\/wp\/v2\/pages"}],"about":[{"href":"https:\/\/cms.red-snake-27384.zap.cloud\/index.php?rest_route=\/wp\/v2\/types\/page"}],"author":[{"embeddable":true,"href":"https:\/\/cms.red-snake-27384.zap.cloud\/index.php?rest_route=\/wp\/v2\/users\/1"}],"replies":[{"embeddable":true,"href":"https:\/\/cms.red-snake-27384.zap.cloud\/index.php?rest_route=%2Fwp%2Fv2%2Fcomments&post=1095"}],"version-history":[{"count":2,"href":"https:\/\/cms.red-snake-27384.zap.cloud\/index.php?rest_route=\/wp\/v2\/pages\/1095\/revisions"}],"predecessor-version":[{"id":1218,"href":"https:\/\/cms.red-snake-27384.zap.cloud\/index.php?rest_route=\/wp\/v2\/pages\/1095\/revisions\/1218"}],"wp:attachment":[{"href":"https:\/\/cms.red-snake-27384.zap.cloud\/index.php?rest_route=%2Fwp%2Fv2%2Fmedia&parent=1095"}],"curies":[{"name":"wp","href":"https:\/\/api.w.org\/{rel}","templated":true}]}}