{"id":1125,"date":"2025-04-08T13:04:52","date_gmt":"2025-04-08T13:04:52","guid":{"rendered":"https:\/\/cms.red-snake-27384.zap.cloud\/?page_id=1125"},"modified":"2025-04-08T13:52:45","modified_gmt":"2025-04-08T13:52:45","slug":"ski-locations","status":"publish","type":"page","link":"https:\/\/cms.red-snake-27384.zap.cloud\/?page_id=1125","title":{"rendered":"Ski Locations"},"content":{"rendered":"\n<div class=\"wp-block-columns is-layout-flex wp-container-core-columns-is-layout-9d6595d7 wp-block-columns-is-layout-flex\">\n<div class=\"wp-block-column is-layout-flow wp-block-column-is-layout-flow\">\n<h2 class=\"wp-block-heading has-large-font-size\"><strong>Stations de ski charmantes pour tous les niveaux<\/strong><\/h2>\n\n\n\n<p>La r\u00e9gion du Jura offre plusieurs&nbsp;<strong>petites stations pleines de charme<\/strong>, id\u00e9ales pour une journ\u00e9e ou un week-end \u00e0 la neige.<br>Parmi les destinations les plus populaires :<\/p>\n\n\n\n<ul class=\"wp-block-list\">\n<li><strong>Les Rasses<\/strong>&nbsp;(pr\u00e8s de Sainte-Croix)<\/li>\n\n\n\n<li><strong>La Robella<\/strong>&nbsp;\u2013 petite mais tr\u00e8s pittoresque<\/li>\n\n\n\n<li><strong>Les Bugnenets &#8211; Savagni\u00e8res<\/strong>&nbsp;\u2013 parfait pour les familles, situ\u00e9 pr\u00e8s de La Chaux-de-Fonds<\/li>\n<\/ul>\n\n\n\n<p>Ces stations disposent de&nbsp;<strong>pistes pour d\u00e9butants et skieurs confirm\u00e9s<\/strong>, ainsi que d\u2019<strong>\u00e9coles de ski<\/strong>&nbsp;et de&nbsp;<strong>points de location de mat\u00e9riel<\/strong>.<\/p>\n<\/div>\n\n\n\n<div class=\"wp-block-column is-layout-flow wp-block-column-is-layout-flow\">\n<figure class=\"wp-block-image size-full\"><img fetchpriority=\"high\" decoding=\"async\" width=\"1024\" height=\"1024\" src=\"https:\/\/cms.red-snake-27384.zap.cloud\/wp-content\/uploads\/2025\/04\/ChatGPT-Image-8.-Apr.-2025-15_32_29.png\" alt=\"\" class=\"wp-image-1164\" srcset=\"https:\/\/cms.red-snake-27384.zap.cloud\/wp-content\/uploads\/2025\/04\/ChatGPT-Image-8.-Apr.-2025-15_32_29.png 1024w, https:\/\/cms.red-snake-27384.zap.cloud\/wp-content\/uploads\/2025\/04\/ChatGPT-Image-8.-Apr.-2025-15_32_29-300x300.png 300w, https:\/\/cms.red-snake-27384.zap.cloud\/wp-content\/uploads\/2025\/04\/ChatGPT-Image-8.-Apr.-2025-15_32_29-150x150.png 150w, https:\/\/cms.red-snake-27384.zap.cloud\/wp-content\/uploads\/2025\/04\/ChatGPT-Image-8.-Apr.-2025-15_32_29-768x768.png 768w\" sizes=\"(max-width: 1024px) 100vw, 1024px\" \/><\/figure>\n<\/div>\n<\/div>\n\n\n\n<hr class=\"wp-block-separator has-alpha-channel-opacity\"\/>\n\n\n\n<div class=\"wp-block-columns is-layout-flex wp-container-core-columns-is-layout-9d6595d7 wp-block-columns-is-layout-flex\">\n<div class=\"wp-block-column is-layout-flow wp-block-column-is-layout-flow\">\n<figure class=\"wp-block-image size-full\"><img decoding=\"async\" width=\"1024\" height=\"1024\" src=\"https:\/\/cms.red-snake-27384.zap.cloud\/wp-content\/uploads\/2025\/04\/ChatGPT-Image-8.-Apr.-2025-15_36_18-1.png\" alt=\"\" class=\"wp-image-1202\" srcset=\"https:\/\/cms.red-snake-27384.zap.cloud\/wp-content\/uploads\/2025\/04\/ChatGPT-Image-8.-Apr.-2025-15_36_18-1.png 1024w, https:\/\/cms.red-snake-27384.zap.cloud\/wp-content\/uploads\/2025\/04\/ChatGPT-Image-8.-Apr.-2025-15_36_18-1-300x300.png 300w, https:\/\/cms.red-snake-27384.zap.cloud\/wp-content\/uploads\/2025\/04\/ChatGPT-Image-8.-Apr.-2025-15_36_18-1-150x150.png 150w, https:\/\/cms.red-snake-27384.zap.cloud\/wp-content\/uploads\/2025\/04\/ChatGPT-Image-8.-Apr.-2025-15_36_18-1-768x768.png 768w\" sizes=\"(max-width: 1024px) 100vw, 1024px\" \/><\/figure>\n<\/div>\n\n\n\n<div class=\"wp-block-column is-layout-flow wp-block-column-is-layout-flow\">\n<h2 class=\"wp-block-heading has-large-font-size\"><strong>Id\u00e9al pour des escapades de proximit\u00e9<\/strong><\/h2>\n\n\n\n<p>L\u2019un des grands avantages du Jura :&nbsp;<strong>proximit\u00e9 et accessibilit\u00e9<\/strong>. Les stations de ski sont g\u00e9n\u00e9ralement accessibles rapidement &#8211; id\u00e9al pour les vacances spontan\u00e9es.<\/p>\n\n\n\n<ul class=\"wp-block-list\">\n<li>Peu de trafic<\/li>\n\n\n\n<li>Moins de foule que dans les Alpes<\/li>\n\n\n\n<li>Parfait pour une&nbsp;<strong>pause hivernale en pleine nature<\/strong><\/li>\n<\/ul>\n<\/div>\n<\/div>\n\n\n\n<hr class=\"wp-block-separator has-alpha-channel-opacity\"\/>\n\n\n\n<div class=\"wp-block-columns is-layout-flex wp-container-core-columns-is-layout-9d6595d7 wp-block-columns-is-layout-flex\">\n<div class=\"wp-block-column is-layout-flow wp-block-column-is-layout-flow\">\n<h2 class=\"wp-block-heading has-large-font-size\"><strong>Acc\u00e8s facile au Jura bernois et aux Franches-Montagnes<\/strong><\/h2>\n\n\n\n<p>Pour ceux qui veulent&nbsp;<strong>explorer davantage<\/strong>&nbsp;ou skier plus longtemps, les stations du&nbsp;<strong>Jura bernois<\/strong>&nbsp;ou des&nbsp;<strong>Franches-Montagnes<\/strong>&nbsp;sont \u00e9galement rapidement accessibles en voiture.<\/p>\n\n\n\n<ul class=\"wp-block-list\">\n<li>Plus de pistes<\/li>\n\n\n\n<li>Atmosph\u00e8re authentique et paysages vari\u00e9s<\/li>\n\n\n\n<li>Ambiance conviviale et familiale<\/li>\n<\/ul>\n<\/div>\n\n\n\n<div class=\"wp-block-column is-layout-flow wp-block-column-is-layout-flow\">\n<figure class=\"wp-block-image size-full\"><img decoding=\"async\" width=\"1024\" height=\"1024\" src=\"https:\/\/cms.red-snake-27384.zap.cloud\/wp-content\/uploads\/2025\/04\/Designer-15.jpeg\" alt=\"\" class=\"wp-image-1175\" srcset=\"https:\/\/cms.red-snake-27384.zap.cloud\/wp-content\/uploads\/2025\/04\/Designer-15.jpeg 1024w, https:\/\/cms.red-snake-27384.zap.cloud\/wp-content\/uploads\/2025\/04\/Designer-15-300x300.jpeg 300w, https:\/\/cms.red-snake-27384.zap.cloud\/wp-content\/uploads\/2025\/04\/Designer-15-150x150.jpeg 150w, https:\/\/cms.red-snake-27384.zap.cloud\/wp-content\/uploads\/2025\/04\/Designer-15-768x768.jpeg 768w\" sizes=\"(max-width: 1024px) 100vw, 1024px\" \/><\/figure>\n<\/div>\n<\/div>\n\n\n\n<p><\/p>\n","protected":false},"excerpt":{"rendered":"<p>Stations de ski charmantes pour tous les niveaux La r\u00e9gion du Jura offre plusieurs&nbsp;petites stations pleines de charme, id\u00e9ales pour une journ\u00e9e ou un week-end \u00e0 la neige.Parmi les destinations les plus populaires : Ces stations disposent de&nbsp;pistes pour d\u00e9butants et skieurs confirm\u00e9s, ainsi que d\u2019\u00e9coles de ski&nbsp;et de&nbsp;points de location de mat\u00e9riel. Id\u00e9al pour&hellip;&nbsp;<a href=\"https:\/\/cms.red-snake-27384.zap.cloud\/?page_id=1125\" rel=\"bookmark\">Weiterlesen &raquo;<span class=\"screen-reader-text\">Ski Locations<\/span><\/a><\/p>\n","protected":false},"author":1,"featured_media":0,"parent":0,"menu_order":0,"comment_status":"closed","ping_status":"closed","template":"","meta":{"neve_meta_sidebar":"","neve_meta_container":"","neve_meta_enable_content_width":"","neve_meta_content_width":0,"neve_meta_title_alignment":"","neve_meta_author_avatar":"","neve_post_elements_order":"","neve_meta_disable_header":"","neve_meta_disable_footer":"","neve_meta_disable_title":"","_themeisle_gutenberg_block_has_review":false,"footnotes":""},"class_list":["post-1125","page","type-page","status-publish","hentry"],"_links":{"self":[{"href":"https:\/\/cms.red-snake-27384.zap.cloud\/index.php?rest_route=\/wp\/v2\/pages\/1125","targetHints":{"allow":["GET"]}}],"collection":[{"href":"https:\/\/cms.red-snake-27384.zap.cloud\/index.php?rest_route=\/wp\/v2\/pages"}],"about":[{"href":"https:\/\/cms.red-snake-27384.zap.cloud\/index.php?rest_route=\/wp\/v2\/types\/page"}],"author":[{"embeddable":true,"href":"https:\/\/cms.red-snake-27384.zap.cloud\/index.php?rest_route=\/wp\/v2\/users\/1"}],"replies":[{"embeddable":true,"href":"https:\/\/cms.red-snake-27384.zap.cloud\/index.php?rest_route=%2Fwp%2Fv2%2Fcomments&post=1125"}],"version-history":[{"count":3,"href":"https:\/\/cms.red-snake-27384.zap.cloud\/index.php?rest_route=\/wp\/v2\/pages\/1125\/revisions"}],"predecessor-version":[{"id":1203,"href":"https:\/\/cms.red-snake-27384.zap.cloud\/index.php?rest_route=\/wp\/v2\/pages\/1125\/revisions\/1203"}],"wp:attachment":[{"href":"https:\/\/cms.red-snake-27384.zap.cloud\/index.php?rest_route=%2Fwp%2Fv2%2Fmedia&parent=1125"}],"curies":[{"name":"wp","href":"https:\/\/api.w.org\/{rel}","templated":true}]}}