{"id":1132,"date":"2025-04-08T13:08:42","date_gmt":"2025-04-08T13:08:42","guid":{"rendered":"https:\/\/cms.red-snake-27384.zap.cloud\/?page_id=1132"},"modified":"2025-04-08T13:44:03","modified_gmt":"2025-04-08T13:44:03","slug":"ski-preparation","status":"publish","type":"page","link":"https:\/\/cms.red-snake-27384.zap.cloud\/?page_id=1132","title":{"rendered":"Ski Pr\u00e9paration"},"content":{"rendered":"\n<div class=\"wp-block-columns is-layout-flex wp-container-core-columns-is-layout-9d6595d7 wp-block-columns-is-layout-flex\">\n<div class=\"wp-block-column is-layout-flow wp-block-column-is-layout-flow\">\n<h2 class=\"wp-block-heading has-large-font-size\"><strong>Activation en douceur d\u00e8s le matin<\/strong><\/h2>\n\n\n\n<p>Un bon \u00e9chauffement avant de chausser les skis est essentiel \u2013 surtout&nbsp;<strong>le matin, lorsque les muscles sont encore froids<\/strong>. Cela permet non seulement de&nbsp;<strong>r\u00e9duire le risque de blessures<\/strong>, mais aussi de commencer la journ\u00e9e sur les pistes avec plus de fluidit\u00e9 et de contr\u00f4le.<\/p>\n\n\n\n<p>Commence toujours par une&nbsp;<strong>mobilisation articulaire cibl\u00e9e<\/strong>&nbsp;:<\/p>\n\n\n\n<ul class=\"wp-block-list\">\n<li><strong>Cercles d\u2019\u00e9paules<\/strong>&nbsp;pour d\u00e9tendre le haut du corps<\/li>\n\n\n\n<li><strong>Rotations des hanches<\/strong>&nbsp;pour pr\u00e9parer les appuis lat\u00e9raux<\/li>\n\n\n\n<li><strong>Flexions (squats) sans charge<\/strong>&nbsp;pour activer les jambes en douceur<\/li>\n<\/ul>\n\n\n\n<p>Ces mouvements lents pr\u00e9parent les articulations et les muscles \u00e0 l\u2019effort tout en augmentant l\u00e9g\u00e8rement la temp\u00e9rature corporelle.<\/p>\n<\/div>\n\n\n\n<div class=\"wp-block-column is-layout-flow wp-block-column-is-layout-flow\">\n<figure class=\"wp-block-image size-full\"><img fetchpriority=\"high\" decoding=\"async\" width=\"1024\" height=\"1024\" src=\"https:\/\/cms.red-snake-27384.zap.cloud\/wp-content\/uploads\/2025\/04\/Designer-16.jpeg\" alt=\"\" class=\"wp-image-1180\" srcset=\"https:\/\/cms.red-snake-27384.zap.cloud\/wp-content\/uploads\/2025\/04\/Designer-16.jpeg 1024w, https:\/\/cms.red-snake-27384.zap.cloud\/wp-content\/uploads\/2025\/04\/Designer-16-300x300.jpeg 300w, https:\/\/cms.red-snake-27384.zap.cloud\/wp-content\/uploads\/2025\/04\/Designer-16-150x150.jpeg 150w, https:\/\/cms.red-snake-27384.zap.cloud\/wp-content\/uploads\/2025\/04\/Designer-16-768x768.jpeg 768w\" sizes=\"(max-width: 1024px) 100vw, 1024px\" \/><\/figure>\n<\/div>\n<\/div>\n\n\n\n<hr class=\"wp-block-separator has-alpha-channel-opacity\"\/>\n\n\n\n<div class=\"wp-block-columns is-layout-flex wp-container-core-columns-is-layout-9d6595d7 wp-block-columns-is-layout-flex\">\n<div class=\"wp-block-column is-layout-flow wp-block-column-is-layout-flow\">\n<figure class=\"wp-block-image size-full\"><img decoding=\"async\" width=\"1024\" height=\"1024\" src=\"https:\/\/cms.red-snake-27384.zap.cloud\/wp-content\/uploads\/2025\/04\/Designer-17.jpeg\" alt=\"\" class=\"wp-image-1182\" srcset=\"https:\/\/cms.red-snake-27384.zap.cloud\/wp-content\/uploads\/2025\/04\/Designer-17.jpeg 1024w, https:\/\/cms.red-snake-27384.zap.cloud\/wp-content\/uploads\/2025\/04\/Designer-17-300x300.jpeg 300w, https:\/\/cms.red-snake-27384.zap.cloud\/wp-content\/uploads\/2025\/04\/Designer-17-150x150.jpeg 150w, https:\/\/cms.red-snake-27384.zap.cloud\/wp-content\/uploads\/2025\/04\/Designer-17-768x768.jpeg 768w\" sizes=\"(max-width: 1024px) 100vw, 1024px\" \/><\/figure>\n<\/div>\n\n\n\n<div class=\"wp-block-column is-layout-flow wp-block-column-is-layout-flow\">\n<h2 class=\"wp-block-heading has-large-font-size\"><strong>Exercices dynamiques pour la r\u00e9activit\u00e9<\/strong><\/h2>\n\n\n\n<p>Apr\u00e8s la mobilisation, il est important de&nbsp;<strong>stimuler le syst\u00e8me nerveux et la coordination<\/strong>. Pour cela, privil\u00e9gie des exercices dynamiques et progressifs :<\/p>\n\n\n\n<ul class=\"wp-block-list\">\n<li><strong>Balancements de jambes avant\/arri\u00e8re et lat\u00e9raux<\/strong>&nbsp;pour d\u00e9tendre les hanches<\/li>\n\n\n\n<li><strong>Fentes dynamiques avec rotation du buste<\/strong>, afin d\u2019activer \u00e0 la fois le bas du corps et la sangle abdominale<\/li>\n\n\n\n<li><strong>Sauts l\u00e9gers sur place<\/strong>&nbsp;(comme des jumping jacks ou petits sauts verticaux) pour r\u00e9veiller les mollets et la cha\u00eene post\u00e9rieure<\/li>\n<\/ul>\n\n\n\n<p>Ce type d\u2019\u00e9chauffement am\u00e9liore la&nbsp;<strong>r\u00e9activit\u00e9 musculaire<\/strong>, la&nbsp;<strong>stabilit\u00e9 centrale<\/strong>&nbsp;et permet d\u2019entrer dans une meilleure dynamique physique et mentale avant la premi\u00e8re descente.<\/p>\n<\/div>\n<\/div>\n\n\n\n<hr class=\"wp-block-separator has-alpha-channel-opacity\"\/>\n\n\n\n<div class=\"wp-block-columns is-layout-flex wp-container-core-columns-is-layout-9d6595d7 wp-block-columns-is-layout-flex\">\n<div class=\"wp-block-column is-layout-flow wp-block-column-is-layout-flow\">\n<h2 class=\"wp-block-heading has-large-font-size\"><strong>\u00c9quilibre et mise en condition sur la piste<\/strong><\/h2>\n\n\n\n<p>Pour terminer l\u2019\u00e9chauffement de mani\u00e8re efficace, quelques&nbsp;<strong>exercices d\u2019\u00e9quilibre et de ressenti corporel<\/strong>&nbsp;sont tr\u00e8s utiles, notamment pour pr\u00e9parer les genoux \u00e0 des charges lat\u00e9rales soudaines.<\/p>\n\n\n\n<ul class=\"wp-block-list\">\n<li><strong>Tenues sur une jambe<\/strong>, \u00e9ventuellement avec les yeux ferm\u00e9s, pour activer les muscles stabilisateurs<\/li>\n\n\n\n<li>Courte&nbsp;<strong>marche sur place ou sur neige dam\u00e9e<\/strong>&nbsp;en engageant les abdominaux<\/li>\n\n\n\n<li>Avant de te lancer dans les descentes rapides, prends le temps de faire&nbsp;<strong>une ou deux pistes faciles<\/strong>&nbsp;en te concentrant sur ta&nbsp;<strong>technique, ton positionnement et ton ressenti corporel<\/strong><\/li>\n<\/ul>\n\n\n\n<p>Cela permet au corps de se calibrer progressivement, d\u2019\u00e9valuer les conditions de neige et de renforcer la&nbsp;<strong>confiance en soi d\u00e8s les premi\u00e8res minutes<\/strong>.<\/p>\n<\/div>\n\n\n\n<div class=\"wp-block-column is-layout-flow wp-block-column-is-layout-flow\">\n<figure class=\"wp-block-image size-large\"><img decoding=\"async\" width=\"683\" height=\"1024\" src=\"https:\/\/cms.red-snake-27384.zap.cloud\/wp-content\/uploads\/2025\/04\/ChatGPT-Image-8.-Apr.-2025-15_43_23-683x1024.png\" alt=\"\" class=\"wp-image-1185\" srcset=\"https:\/\/cms.red-snake-27384.zap.cloud\/wp-content\/uploads\/2025\/04\/ChatGPT-Image-8.-Apr.-2025-15_43_23-683x1024.png 683w, https:\/\/cms.red-snake-27384.zap.cloud\/wp-content\/uploads\/2025\/04\/ChatGPT-Image-8.-Apr.-2025-15_43_23-200x300.png 200w, https:\/\/cms.red-snake-27384.zap.cloud\/wp-content\/uploads\/2025\/04\/ChatGPT-Image-8.-Apr.-2025-15_43_23-768x1152.png 768w, https:\/\/cms.red-snake-27384.zap.cloud\/wp-content\/uploads\/2025\/04\/ChatGPT-Image-8.-Apr.-2025-15_43_23.png 1024w\" sizes=\"(max-width: 683px) 100vw, 683px\" \/><\/figure>\n<\/div>\n<\/div>\n","protected":false},"excerpt":{"rendered":"<p>Activation en douceur d\u00e8s le matin Un bon \u00e9chauffement avant de chausser les skis est essentiel \u2013 surtout&nbsp;le matin, lorsque les muscles sont encore froids. Cela permet non seulement de&nbsp;r\u00e9duire le risque de blessures, mais aussi de commencer la journ\u00e9e sur les pistes avec plus de fluidit\u00e9 et de contr\u00f4le. Commence toujours par une&nbsp;mobilisation articulaire&hellip;&nbsp;<a href=\"https:\/\/cms.red-snake-27384.zap.cloud\/?page_id=1132\" rel=\"bookmark\">Weiterlesen &raquo;<span class=\"screen-reader-text\">Ski Pr\u00e9paration<\/span><\/a><\/p>\n","protected":false},"author":1,"featured_media":0,"parent":0,"menu_order":0,"comment_status":"closed","ping_status":"closed","template":"","meta":{"neve_meta_sidebar":"","neve_meta_container":"","neve_meta_enable_content_width":"","neve_meta_content_width":0,"neve_meta_title_alignment":"","neve_meta_author_avatar":"","neve_post_elements_order":"","neve_meta_disable_header":"","neve_meta_disable_footer":"","neve_meta_disable_title":"","_themeisle_gutenberg_block_has_review":false,"footnotes":""},"class_list":["post-1132","page","type-page","status-publish","hentry"],"_links":{"self":[{"href":"https:\/\/cms.red-snake-27384.zap.cloud\/index.php?rest_route=\/wp\/v2\/pages\/1132","targetHints":{"allow":["GET"]}}],"collection":[{"href":"https:\/\/cms.red-snake-27384.zap.cloud\/index.php?rest_route=\/wp\/v2\/pages"}],"about":[{"href":"https:\/\/cms.red-snake-27384.zap.cloud\/index.php?rest_route=\/wp\/v2\/types\/page"}],"author":[{"embeddable":true,"href":"https:\/\/cms.red-snake-27384.zap.cloud\/index.php?rest_route=\/wp\/v2\/users\/1"}],"replies":[{"embeddable":true,"href":"https:\/\/cms.red-snake-27384.zap.cloud\/index.php?rest_route=%2Fwp%2Fv2%2Fcomments&post=1132"}],"version-history":[{"count":2,"href":"https:\/\/cms.red-snake-27384.zap.cloud\/index.php?rest_route=\/wp\/v2\/pages\/1132\/revisions"}],"predecessor-version":[{"id":1186,"href":"https:\/\/cms.red-snake-27384.zap.cloud\/index.php?rest_route=\/wp\/v2\/pages\/1132\/revisions\/1186"}],"wp:attachment":[{"href":"https:\/\/cms.red-snake-27384.zap.cloud\/index.php?rest_route=%2Fwp%2Fv2%2Fmedia&parent=1132"}],"curies":[{"name":"wp","href":"https:\/\/api.w.org\/{rel}","templated":true}]}}