{"id":1212,"date":"2025-04-08T14:00:22","date_gmt":"2025-04-08T14:00:22","guid":{"rendered":"https:\/\/cms.red-snake-27384.zap.cloud\/?page_id=1212"},"modified":"2025-04-08T14:00:23","modified_gmt":"2025-04-08T14:00:23","slug":"salomon-s-lab-ultra-2","status":"publish","type":"page","link":"https:\/\/cms.red-snake-27384.zap.cloud\/?page_id=1212","title":{"rendered":"Salomon S-Lab Ultra 2"},"content":{"rendered":"\n<div class=\"wp-block-columns is-layout-flex wp-container-core-columns-is-layout-9d6595d7 wp-block-columns-is-layout-flex\">\n<div class=\"wp-block-column is-layout-flow wp-block-column-is-layout-flow\" style=\"flex-basis:66.66%\">\n<h2 class=\"wp-block-heading\"><strong>Design et confort<\/strong><\/h2>\n\n\n\n<p>Nous avons rapidement constat\u00e9 que le Salomon S-Lab Ultra 2 est tr\u00e8s confortable. Nous avons particuli\u00e8rement appr\u00e9ci\u00e9 la pr\u00e9cision avec laquelle la chaussure s&#8217;adapte \u00e0 nos pieds, gr\u00e2ce au mat\u00e9riau Endofit et \u00e0 la technologie Sensifit. Le design est \u00e0 la fois fonctionnel et esth\u00e9tiquement attrayant, les combinaisons de couleurs attractives constituant un avantage suppl\u00e9mentaire \u00e0 nos yeux.<\/p>\n<\/div>\n\n\n\n<div class=\"wp-block-column is-layout-flow wp-block-column-is-layout-flow\" style=\"flex-basis:33.33%\">\n<figure class=\"wp-block-image size-large\"><img fetchpriority=\"high\" decoding=\"async\" width=\"768\" height=\"1024\" src=\"https:\/\/cms.red-snake-27384.zap.cloud\/wp-content\/uploads\/2025\/04\/shared-image-3-768x1024.jpg\" alt=\"\" class=\"wp-image-1191\" srcset=\"https:\/\/cms.red-snake-27384.zap.cloud\/wp-content\/uploads\/2025\/04\/shared-image-3-768x1024.jpg 768w, https:\/\/cms.red-snake-27384.zap.cloud\/wp-content\/uploads\/2025\/04\/shared-image-3-225x300.jpg 225w, https:\/\/cms.red-snake-27384.zap.cloud\/wp-content\/uploads\/2025\/04\/shared-image-3-1152x1536.jpg 1152w, https:\/\/cms.red-snake-27384.zap.cloud\/wp-content\/uploads\/2025\/04\/shared-image-3.jpg 1530w\" sizes=\"(max-width: 768px) 100vw, 768px\" \/><\/figure>\n<\/div>\n<\/div>\n\n\n\n<hr class=\"wp-block-separator has-alpha-channel-opacity\"\/>\n\n\n\n<h2 class=\"wp-block-heading\">Performance et durabilit\u00e9<\/h2>\n\n\n\n<p>En trail running, le Salomon S-Lab Ultra 2 a excell\u00e9. Le profil de la semelle et la capacit\u00e9 d&#8217;adaptation de la chaussure nous ont permis de nous sentir en s\u00e9curit\u00e9 sur les terrains accident\u00e9s. M\u00eame lors de longues courses, nous avons maintenu une stabilit\u00e9 et une r\u00e9gularit\u00e9 de foul\u00e9e \u00e9lev\u00e9es. Le S-Lab Ultra 2 a d\u00e9montr\u00e9 une durabilit\u00e9 remarquable pendant notre test. Il a r\u00e9sist\u00e9 \u00e0 l&#8217;usure des sentiers difficiles et tient bien m\u00eame apr\u00e8s une utilisation prolong\u00e9e.<\/p>\n\n\n\n<p>Apr\u00e8s une phase de test approfondie, nous pouvons dire: le Salomon S-Lab Ultra 2 est une chaussure performante, stable et durable, id\u00e9ale pour le trail running. Nous avons appris \u00e0 appr\u00e9cier sa capacit\u00e9 d&#8217;adaptation et son confort, et pouvons donc la recommander.<\/p>\n\n\n\n<p><\/p>\n","protected":false},"excerpt":{"rendered":"<p>Design et confort Nous avons rapidement constat\u00e9 que le Salomon S-Lab Ultra 2 est tr\u00e8s confortable. Nous avons particuli\u00e8rement appr\u00e9ci\u00e9 la pr\u00e9cision avec laquelle la chaussure s&#8217;adapte \u00e0 nos pieds, gr\u00e2ce au mat\u00e9riau Endofit et \u00e0 la technologie Sensifit. Le design est \u00e0 la fois fonctionnel et esth\u00e9tiquement attrayant, les combinaisons de couleurs attractives constituant&hellip;&nbsp;<a href=\"https:\/\/cms.red-snake-27384.zap.cloud\/?page_id=1212\" rel=\"bookmark\">Weiterlesen &raquo;<span class=\"screen-reader-text\">Salomon S-Lab Ultra 2<\/span><\/a><\/p>\n","protected":false},"author":1,"featured_media":0,"parent":0,"menu_order":0,"comment_status":"closed","ping_status":"closed","template":"","meta":{"neve_meta_sidebar":"","neve_meta_container":"","neve_meta_enable_content_width":"","neve_meta_content_width":0,"neve_meta_title_alignment":"","neve_meta_author_avatar":"","neve_post_elements_order":"","neve_meta_disable_header":"","neve_meta_disable_footer":"","neve_meta_disable_title":"","_themeisle_gutenberg_block_has_review":false,"footnotes":""},"class_list":["post-1212","page","type-page","status-publish","hentry"],"_links":{"self":[{"href":"https:\/\/cms.red-snake-27384.zap.cloud\/index.php?rest_route=\/wp\/v2\/pages\/1212","targetHints":{"allow":["GET"]}}],"collection":[{"href":"https:\/\/cms.red-snake-27384.zap.cloud\/index.php?rest_route=\/wp\/v2\/pages"}],"about":[{"href":"https:\/\/cms.red-snake-27384.zap.cloud\/index.php?rest_route=\/wp\/v2\/types\/page"}],"author":[{"embeddable":true,"href":"https:\/\/cms.red-snake-27384.zap.cloud\/index.php?rest_route=\/wp\/v2\/users\/1"}],"replies":[{"embeddable":true,"href":"https:\/\/cms.red-snake-27384.zap.cloud\/index.php?rest_route=%2Fwp%2Fv2%2Fcomments&post=1212"}],"version-history":[{"count":1,"href":"https:\/\/cms.red-snake-27384.zap.cloud\/index.php?rest_route=\/wp\/v2\/pages\/1212\/revisions"}],"predecessor-version":[{"id":1216,"href":"https:\/\/cms.red-snake-27384.zap.cloud\/index.php?rest_route=\/wp\/v2\/pages\/1212\/revisions\/1216"}],"wp:attachment":[{"href":"https:\/\/cms.red-snake-27384.zap.cloud\/index.php?rest_route=%2Fwp%2Fv2%2Fmedia&parent=1212"}],"curies":[{"name":"wp","href":"https:\/\/api.w.org\/{rel}","templated":true}]}}