{"id":1234,"date":"2025-04-08T14:10:35","date_gmt":"2025-04-08T14:10:35","guid":{"rendered":"https:\/\/cms.red-snake-27384.zap.cloud\/?page_id=1234"},"modified":"2025-04-08T14:21:14","modified_gmt":"2025-04-08T14:21:14","slug":"la-course-a-pied-produits","status":"publish","type":"page","link":"https:\/\/cms.red-snake-27384.zap.cloud\/?page_id=1234","title":{"rendered":"La course \u00e0 pied Produits"},"content":{"rendered":"\n<div class=\"wp-block-columns is-layout-flex wp-container-core-columns-is-layout-9d6595d7 wp-block-columns-is-layout-flex\">\n<div class=\"wp-block-column is-layout-flow wp-block-column-is-layout-flow\">\n<h2 class=\"wp-block-heading has-large-font-size\"><strong>Hydratation et \u00e9quilibre \u00e9lectrolytique pendant la course<\/strong><\/h2>\n\n\n\n<p>Le jogging, surtout sur longue distance ou en \u00e9t\u00e9,&nbsp;<strong>met le corps \u00e0 rude \u00e9preuve<\/strong>. Une hydratation adapt\u00e9e est essentielle pour maintenir les performances et pr\u00e9venir les crampes.<\/p>\n\n\n\n<ul class=\"wp-block-list\">\n<li>Les&nbsp;<strong>poudres d\u2019\u00e9lectrolytes<\/strong>&nbsp;ou les&nbsp;<strong>boissons isotoniques<\/strong>&nbsp;aident \u00e0 compenser les pertes en sels min\u00e9raux dues \u00e0 la transpiration.<\/li>\n\n\n\n<li>Cela est particuli\u00e8rement utile pendant les&nbsp;<strong>sorties de plus de 45 minutes<\/strong>, ou lors de&nbsp;<strong>chaleur \u00e9lev\u00e9e<\/strong>.<\/li>\n<\/ul>\n<\/div>\n\n\n\n<div class=\"wp-block-column is-layout-flow wp-block-column-is-layout-flow\">\n<figure class=\"wp-block-image size-full\"><img fetchpriority=\"high\" decoding=\"async\" width=\"1024\" height=\"1024\" src=\"https:\/\/cms.red-snake-27384.zap.cloud\/wp-content\/uploads\/2025\/04\/Designer-37.jpeg\" alt=\"\" class=\"wp-image-1256\" srcset=\"https:\/\/cms.red-snake-27384.zap.cloud\/wp-content\/uploads\/2025\/04\/Designer-37.jpeg 1024w, https:\/\/cms.red-snake-27384.zap.cloud\/wp-content\/uploads\/2025\/04\/Designer-37-300x300.jpeg 300w, https:\/\/cms.red-snake-27384.zap.cloud\/wp-content\/uploads\/2025\/04\/Designer-37-150x150.jpeg 150w, https:\/\/cms.red-snake-27384.zap.cloud\/wp-content\/uploads\/2025\/04\/Designer-37-768x768.jpeg 768w\" sizes=\"(max-width: 1024px) 100vw, 1024px\" \/><\/figure>\n<\/div>\n<\/div>\n\n\n\n<hr class=\"wp-block-separator has-alpha-channel-opacity\"\/>\n\n\n\n<div class=\"wp-block-columns is-layout-flex wp-container-core-columns-is-layout-9d6595d7 wp-block-columns-is-layout-flex\">\n<div class=\"wp-block-column is-layout-flow wp-block-column-is-layout-flow\">\n<figure class=\"wp-block-image size-full\"><img decoding=\"async\" width=\"1024\" height=\"1024\" src=\"https:\/\/cms.red-snake-27384.zap.cloud\/wp-content\/uploads\/2025\/04\/Designer-38.jpeg\" alt=\"\" class=\"wp-image-1258\" srcset=\"https:\/\/cms.red-snake-27384.zap.cloud\/wp-content\/uploads\/2025\/04\/Designer-38.jpeg 1024w, https:\/\/cms.red-snake-27384.zap.cloud\/wp-content\/uploads\/2025\/04\/Designer-38-300x300.jpeg 300w, https:\/\/cms.red-snake-27384.zap.cloud\/wp-content\/uploads\/2025\/04\/Designer-38-150x150.jpeg 150w, https:\/\/cms.red-snake-27384.zap.cloud\/wp-content\/uploads\/2025\/04\/Designer-38-768x768.jpeg 768w\" sizes=\"(max-width: 1024px) 100vw, 1024px\" \/><\/figure>\n<\/div>\n\n\n\n<div class=\"wp-block-column is-layout-flow wp-block-column-is-layout-flow\">\n<h2 class=\"wp-block-heading has-large-font-size\"><strong>R\u00e9cup\u00e9ration musculaire et soutien articulaire<\/strong><\/h2>\n\n\n\n<p>Apr\u00e8s l\u2019effort, le corps a besoin de&nbsp;<strong>nutriments pour r\u00e9parer et renforcer les tissus musculaires<\/strong>.<\/p>\n\n\n\n<ul class=\"wp-block-list\">\n<li>Le&nbsp;<strong>magn\u00e9sium<\/strong>&nbsp;r\u00e9duit les tensions musculaires et favorise une r\u00e9cup\u00e9ration rapide.<\/li>\n\n\n\n<li>Les&nbsp;<strong>prot\u00e9ines en poudre<\/strong>&nbsp;(par ex. Whey) sont utiles apr\u00e8s les sorties longues ou intensives pour r\u00e9g\u00e9n\u00e9rer les fibres musculaires.<\/li>\n\n\n\n<li>Les&nbsp;<strong>acides gras om\u00e9ga-3<\/strong>, issus par exemple de l\u2019huile de poisson ou de graines,&nbsp;<strong>r\u00e9duisent les inflammations<\/strong>&nbsp;et prot\u00e8gent les&nbsp;<strong>articulations<\/strong>.<\/li>\n<\/ul>\n\n\n\n<p>Ces compl\u00e9ments peuvent aider \u00e0&nbsp;<strong>r\u00e9duire les courbatures<\/strong>&nbsp;et \u00e0 pr\u00e9parer ton corps \u00e0 la prochaine s\u00e9ance.<\/p>\n<\/div>\n<\/div>\n\n\n\n<hr class=\"wp-block-separator has-alpha-channel-opacity\"\/>\n\n\n\n<div class=\"wp-block-columns is-layout-flex wp-container-core-columns-is-layout-9d6595d7 wp-block-columns-is-layout-flex\">\n<div class=\"wp-block-column is-layout-flow wp-block-column-is-layout-flow\">\n<h2 class=\"wp-block-heading has-large-font-size\"><strong>\u00c9nergie et performance pour les coureurs ambitieux<\/strong><\/h2>\n\n\n\n<p>Ceux qui s\u2019entra\u00eenent de mani\u00e8re cibl\u00e9e \u2013 avec des&nbsp;<strong>intervalles, des courses longues ou du trail<\/strong>&nbsp;\u2013 peuvent aller un cran plus loin en mati\u00e8re de suppl\u00e9mentation.<\/p>\n\n\n\n<ul class=\"wp-block-list\">\n<li>La&nbsp;<strong>cr\u00e9atine<\/strong>, bien connue des sportifs de force, peut aussi am\u00e9liorer les efforts explosifs comme les&nbsp;<strong>sprints ou les mont\u00e9es<\/strong>.<\/li>\n\n\n\n<li>Lors de courses de plus d\u2019une heure, des&nbsp;<strong>gels glucidiques<\/strong>, des&nbsp;<strong>barres \u00e9nerg\u00e9tiques<\/strong>&nbsp;ou du&nbsp;<strong>maltodextrine<\/strong>fournissent une \u00e9nergie rapidement disponible.<\/li>\n<\/ul>\n\n\n\n<p>Ces apports sont particuli\u00e8rement importants pour&nbsp;<strong>\u00e9viter les coups de fatigue<\/strong>&nbsp;et&nbsp;<strong>maintenir le rythme<\/strong>&nbsp;jusqu\u2019\u00e0 la fin de l\u2019effort.<\/p>\n<\/div>\n\n\n\n<div class=\"wp-block-column is-layout-flow wp-block-column-is-layout-flow\">\n<figure class=\"wp-block-image size-full\"><img decoding=\"async\" width=\"1024\" height=\"1024\" src=\"https:\/\/cms.red-snake-27384.zap.cloud\/wp-content\/uploads\/2025\/04\/Designer-39.jpeg\" alt=\"\" class=\"wp-image-1260\" srcset=\"https:\/\/cms.red-snake-27384.zap.cloud\/wp-content\/uploads\/2025\/04\/Designer-39.jpeg 1024w, https:\/\/cms.red-snake-27384.zap.cloud\/wp-content\/uploads\/2025\/04\/Designer-39-300x300.jpeg 300w, https:\/\/cms.red-snake-27384.zap.cloud\/wp-content\/uploads\/2025\/04\/Designer-39-150x150.jpeg 150w, https:\/\/cms.red-snake-27384.zap.cloud\/wp-content\/uploads\/2025\/04\/Designer-39-768x768.jpeg 768w\" sizes=\"(max-width: 1024px) 100vw, 1024px\" \/><\/figure>\n<\/div>\n<\/div>\n\n\n\n<p><\/p>\n","protected":false},"excerpt":{"rendered":"<p>Hydratation et \u00e9quilibre \u00e9lectrolytique pendant la course Le jogging, surtout sur longue distance ou en \u00e9t\u00e9,&nbsp;met le corps \u00e0 rude \u00e9preuve. Une hydratation adapt\u00e9e est essentielle pour maintenir les performances et pr\u00e9venir les crampes. R\u00e9cup\u00e9ration musculaire et soutien articulaire Apr\u00e8s l\u2019effort, le corps a besoin de&nbsp;nutriments pour r\u00e9parer et renforcer les tissus musculaires. Ces compl\u00e9ments&hellip;&nbsp;<a href=\"https:\/\/cms.red-snake-27384.zap.cloud\/?page_id=1234\" rel=\"bookmark\">Weiterlesen &raquo;<span class=\"screen-reader-text\">La course \u00e0 pied Produits<\/span><\/a><\/p>\n","protected":false},"author":1,"featured_media":0,"parent":0,"menu_order":0,"comment_status":"closed","ping_status":"closed","template":"","meta":{"neve_meta_sidebar":"","neve_meta_container":"","neve_meta_enable_content_width":"","neve_meta_content_width":0,"neve_meta_title_alignment":"","neve_meta_author_avatar":"","neve_post_elements_order":"","neve_meta_disable_header":"","neve_meta_disable_footer":"","neve_meta_disable_title":"","_themeisle_gutenberg_block_has_review":false,"footnotes":""},"class_list":["post-1234","page","type-page","status-publish","hentry"],"_links":{"self":[{"href":"https:\/\/cms.red-snake-27384.zap.cloud\/index.php?rest_route=\/wp\/v2\/pages\/1234","targetHints":{"allow":["GET"]}}],"collection":[{"href":"https:\/\/cms.red-snake-27384.zap.cloud\/index.php?rest_route=\/wp\/v2\/pages"}],"about":[{"href":"https:\/\/cms.red-snake-27384.zap.cloud\/index.php?rest_route=\/wp\/v2\/types\/page"}],"author":[{"embeddable":true,"href":"https:\/\/cms.red-snake-27384.zap.cloud\/index.php?rest_route=\/wp\/v2\/users\/1"}],"replies":[{"embeddable":true,"href":"https:\/\/cms.red-snake-27384.zap.cloud\/index.php?rest_route=%2Fwp%2Fv2%2Fcomments&post=1234"}],"version-history":[{"count":2,"href":"https:\/\/cms.red-snake-27384.zap.cloud\/index.php?rest_route=\/wp\/v2\/pages\/1234\/revisions"}],"predecessor-version":[{"id":1261,"href":"https:\/\/cms.red-snake-27384.zap.cloud\/index.php?rest_route=\/wp\/v2\/pages\/1234\/revisions\/1261"}],"wp:attachment":[{"href":"https:\/\/cms.red-snake-27384.zap.cloud\/index.php?rest_route=%2Fwp%2Fv2%2Fmedia&parent=1234"}],"curies":[{"name":"wp","href":"https:\/\/api.w.org\/{rel}","templated":true}]}}