{"id":1259,"date":"2025-04-08T14:27:14","date_gmt":"2025-04-08T14:27:14","guid":{"rendered":"https:\/\/cms.red-snake-27384.zap.cloud\/?page_id=1259"},"modified":"2025-04-08T14:33:42","modified_gmt":"2025-04-08T14:33:42","slug":"randonnee-renforcer","status":"publish","type":"page","link":"https:\/\/cms.red-snake-27384.zap.cloud\/?page_id=1259","title":{"rendered":"Randonn\u00e9e Renforcer"},"content":{"rendered":"\n<div class=\"wp-block-columns is-layout-flex wp-container-core-columns-is-layout-9d6595d7 wp-block-columns-is-layout-flex\">\n<div class=\"wp-block-column is-layout-flow wp-block-column-is-layout-flow\">\n<h2 class=\"wp-block-heading has-large-font-size\">Renforcement des jambes et stabilit\u00e9 pour la randonn\u00e9e<\/h2>\n\n\n\n<p>La randonn\u00e9e sollicite principalement les&nbsp;<strong>jambes<\/strong>, le&nbsp;<strong>tronc<\/strong>&nbsp;et les&nbsp;<strong>articulations<\/strong>, surtout lors des longues sorties, des mont\u00e9es et descentes, ou du port d\u2019un sac \u00e0 dos. Un entra\u00eenement cibl\u00e9 permet de mieux supporter ces efforts prolong\u00e9s.<\/p>\n\n\n\n<ul class=\"wp-block-list\">\n<li><strong>Les squats<\/strong>, les&nbsp;<strong>fentes<\/strong>&nbsp;et les&nbsp;<strong>step-ups<\/strong>&nbsp;renforcent les&nbsp;<strong>cuisses<\/strong>&nbsp;et les&nbsp;<strong>fessiers<\/strong>, offrant ainsi une&nbsp;<strong>meilleure stabilit\u00e9<\/strong>pour marcher sur des terrains vari\u00e9s.<\/li>\n\n\n\n<li><strong>Les extensions de mollets<\/strong>&nbsp;am\u00e9liorent la&nbsp;<strong>stabilit\u00e9 du pied<\/strong>&nbsp;et l\u2019<strong>adh\u00e9rence<\/strong>&nbsp;sur les sols irr\u00e9guliers.<\/li>\n<\/ul>\n<\/div>\n\n\n\n<div class=\"wp-block-column is-layout-flow wp-block-column-is-layout-flow\">\n<figure class=\"wp-block-image size-full\"><img fetchpriority=\"high\" decoding=\"async\" width=\"1024\" height=\"1024\" src=\"https:\/\/cms.red-snake-27384.zap.cloud\/wp-content\/uploads\/2025\/04\/Designer-46.jpeg\" alt=\"\" class=\"wp-image-1278\" srcset=\"https:\/\/cms.red-snake-27384.zap.cloud\/wp-content\/uploads\/2025\/04\/Designer-46.jpeg 1024w, https:\/\/cms.red-snake-27384.zap.cloud\/wp-content\/uploads\/2025\/04\/Designer-46-300x300.jpeg 300w, https:\/\/cms.red-snake-27384.zap.cloud\/wp-content\/uploads\/2025\/04\/Designer-46-150x150.jpeg 150w, https:\/\/cms.red-snake-27384.zap.cloud\/wp-content\/uploads\/2025\/04\/Designer-46-768x768.jpeg 768w\" sizes=\"(max-width: 1024px) 100vw, 1024px\" \/><\/figure>\n<\/div>\n<\/div>\n\n\n\n<hr class=\"wp-block-separator has-alpha-channel-opacity\"\/>\n\n\n\n<div class=\"wp-block-columns is-layout-flex wp-container-core-columns-is-layout-9d6595d7 wp-block-columns-is-layout-flex\">\n<div class=\"wp-block-column is-layout-flow wp-block-column-is-layout-flow\">\n<figure class=\"wp-block-image size-full\"><img decoding=\"async\" width=\"1024\" height=\"1024\" src=\"https:\/\/cms.red-snake-27384.zap.cloud\/wp-content\/uploads\/2025\/04\/Designer-47.jpeg\" alt=\"\" class=\"wp-image-1281\" srcset=\"https:\/\/cms.red-snake-27384.zap.cloud\/wp-content\/uploads\/2025\/04\/Designer-47.jpeg 1024w, https:\/\/cms.red-snake-27384.zap.cloud\/wp-content\/uploads\/2025\/04\/Designer-47-300x300.jpeg 300w, https:\/\/cms.red-snake-27384.zap.cloud\/wp-content\/uploads\/2025\/04\/Designer-47-150x150.jpeg 150w, https:\/\/cms.red-snake-27384.zap.cloud\/wp-content\/uploads\/2025\/04\/Designer-47-768x768.jpeg 768w\" sizes=\"(max-width: 1024px) 100vw, 1024px\" \/><\/figure>\n<\/div>\n\n\n\n<div class=\"wp-block-column is-layout-flow wp-block-column-is-layout-flow\">\n<h2 class=\"wp-block-heading has-large-font-size\">Renforcer le tronc et pr\u00e9venir les douleurs dorsales<\/h2>\n\n\n\n<p>Maintenir une&nbsp;<strong>stabilit\u00e9 du tronc<\/strong>&nbsp;est essentiel pour \u00e9viter les douleurs dorsales lors des longues randonn\u00e9es, surtout lorsqu\u2019on porte un sac \u00e0 dos.<\/p>\n\n\n\n<ul class=\"wp-block-list\">\n<li><strong>Les planches (planks)<\/strong>, les&nbsp;<strong>gainages lat\u00e9raux<\/strong>&nbsp;et les&nbsp;<strong>extensions du dos<\/strong>&nbsp;travaillent les muscles du tronc, permettant de stabiliser le haut du corps et de maintenir une&nbsp;<strong>posture optimale<\/strong>.<\/li>\n\n\n\n<li>Ces exercices sont \u00e9galement&nbsp;<strong>id\u00e9als pour pr\u00e9venir les tensions musculaires<\/strong>&nbsp;au niveau du dos.<\/li>\n<\/ul>\n<\/div>\n<\/div>\n\n\n\n<hr class=\"wp-block-separator has-alpha-channel-opacity\"\/>\n\n\n\n<div class=\"wp-block-columns is-layout-flex wp-container-core-columns-is-layout-9d6595d7 wp-block-columns-is-layout-flex\">\n<div class=\"wp-block-column is-layout-flow wp-block-column-is-layout-flow\">\n<h2 class=\"wp-block-heading has-large-font-size\">\u00c9quilibre et contr\u00f4le sur terrain instable<\/h2>\n\n\n\n<p>La capacit\u00e9 \u00e0 maintenir un bon&nbsp;<strong>\u00e9quilibre<\/strong>&nbsp;est cruciale, notamment sur des chemins \u00e9troits, en mont\u00e9e ou lors de passages glissants.<\/p>\n\n\n\n<ul class=\"wp-block-list\">\n<li>Des exercices comme la&nbsp;<strong>posture de l\u2019avion (standwaage)<\/strong>, les&nbsp;<strong>\u00e9quilibres sur une jambe<\/strong>&nbsp;et l\u2019entra\u00eenement sur des surfaces&nbsp;<strong>instables (coussins d\u2019\u00e9quilibre ou BOSU)<\/strong>&nbsp;am\u00e9liorent la proprioception et l\u2019<strong>adaptation aux conditions de terrain<\/strong>&nbsp;difficiles.<\/li>\n<\/ul>\n\n\n\n<p>Ces exercices permettent de rester&nbsp;<strong>stable et en contr\u00f4le<\/strong>, m\u00eame dans les situations les plus exigeantes.<\/p>\n<\/div>\n\n\n\n<div class=\"wp-block-column is-layout-flow wp-block-column-is-layout-flow\">\n<figure class=\"wp-block-image size-full\"><img decoding=\"async\" width=\"1024\" height=\"1024\" src=\"https:\/\/cms.red-snake-27384.zap.cloud\/wp-content\/uploads\/2025\/04\/Designer-48.jpeg\" alt=\"\" class=\"wp-image-1284\" srcset=\"https:\/\/cms.red-snake-27384.zap.cloud\/wp-content\/uploads\/2025\/04\/Designer-48.jpeg 1024w, https:\/\/cms.red-snake-27384.zap.cloud\/wp-content\/uploads\/2025\/04\/Designer-48-300x300.jpeg 300w, https:\/\/cms.red-snake-27384.zap.cloud\/wp-content\/uploads\/2025\/04\/Designer-48-150x150.jpeg 150w, https:\/\/cms.red-snake-27384.zap.cloud\/wp-content\/uploads\/2025\/04\/Designer-48-768x768.jpeg 768w\" sizes=\"(max-width: 1024px) 100vw, 1024px\" \/><\/figure>\n<\/div>\n<\/div>\n","protected":false},"excerpt":{"rendered":"<p>Renforcement des jambes et stabilit\u00e9 pour la randonn\u00e9e La randonn\u00e9e sollicite principalement les&nbsp;jambes, le&nbsp;tronc&nbsp;et les&nbsp;articulations, surtout lors des longues sorties, des mont\u00e9es et descentes, ou du port d\u2019un sac \u00e0 dos. Un entra\u00eenement cibl\u00e9 permet de mieux supporter ces efforts prolong\u00e9s. Renforcer le tronc et pr\u00e9venir les douleurs dorsales Maintenir une&nbsp;stabilit\u00e9 du tronc&nbsp;est essentiel pour&hellip;&nbsp;<a href=\"https:\/\/cms.red-snake-27384.zap.cloud\/?page_id=1259\" rel=\"bookmark\">Weiterlesen &raquo;<span class=\"screen-reader-text\">Randonn\u00e9e Renforcer<\/span><\/a><\/p>\n","protected":false},"author":1,"featured_media":0,"parent":0,"menu_order":0,"comment_status":"closed","ping_status":"closed","template":"","meta":{"neve_meta_sidebar":"","neve_meta_container":"","neve_meta_enable_content_width":"","neve_meta_content_width":0,"neve_meta_title_alignment":"","neve_meta_author_avatar":"","neve_post_elements_order":"","neve_meta_disable_header":"","neve_meta_disable_footer":"","neve_meta_disable_title":"","_themeisle_gutenberg_block_has_review":false,"footnotes":""},"class_list":["post-1259","page","type-page","status-publish","hentry"],"_links":{"self":[{"href":"https:\/\/cms.red-snake-27384.zap.cloud\/index.php?rest_route=\/wp\/v2\/pages\/1259","targetHints":{"allow":["GET"]}}],"collection":[{"href":"https:\/\/cms.red-snake-27384.zap.cloud\/index.php?rest_route=\/wp\/v2\/pages"}],"about":[{"href":"https:\/\/cms.red-snake-27384.zap.cloud\/index.php?rest_route=\/wp\/v2\/types\/page"}],"author":[{"embeddable":true,"href":"https:\/\/cms.red-snake-27384.zap.cloud\/index.php?rest_route=\/wp\/v2\/users\/1"}],"replies":[{"embeddable":true,"href":"https:\/\/cms.red-snake-27384.zap.cloud\/index.php?rest_route=%2Fwp%2Fv2%2Fcomments&post=1259"}],"version-history":[{"count":2,"href":"https:\/\/cms.red-snake-27384.zap.cloud\/index.php?rest_route=\/wp\/v2\/pages\/1259\/revisions"}],"predecessor-version":[{"id":1286,"href":"https:\/\/cms.red-snake-27384.zap.cloud\/index.php?rest_route=\/wp\/v2\/pages\/1259\/revisions\/1286"}],"wp:attachment":[{"href":"https:\/\/cms.red-snake-27384.zap.cloud\/index.php?rest_route=%2Fwp%2Fv2%2Fmedia&parent=1259"}],"curies":[{"name":"wp","href":"https:\/\/api.w.org\/{rel}","templated":true}]}}