{"id":1287,"date":"2025-04-08T14:35:30","date_gmt":"2025-04-08T14:35:30","guid":{"rendered":"https:\/\/cms.red-snake-27384.zap.cloud\/?page_id=1287"},"modified":"2025-04-08T15:34:47","modified_gmt":"2025-04-08T15:34:47","slug":"randonnee-3","status":"publish","type":"page","link":"https:\/\/cms.red-snake-27384.zap.cloud\/?page_id=1287","title":{"rendered":"Randonn\u00e9e"},"content":{"rendered":"\n<div class=\"wp-block-columns is-layout-flex wp-container-core-columns-is-layout-9d6595d7 wp-block-columns-is-layout-flex\">\n<div class=\"wp-block-column is-layout-flow wp-block-column-is-layout-flow\">\n<h2 class=\"wp-block-heading has-large-font-size\">Mobilisation et activation musculaire<\/h2>\n\n\n\n<p>Un bon&nbsp;<strong>\u00e9chauffement<\/strong>&nbsp;avant la randonn\u00e9e est essentiel pour&nbsp;<strong>activer les muscles<\/strong>&nbsp;et \u00e9viter les&nbsp;<strong>surmenages<\/strong>. Commence par des exercices de&nbsp;<strong>mobilisation<\/strong>&nbsp;comme des&nbsp;<strong>rotations des hanches<\/strong>, des&nbsp;<strong>cercles des bras<\/strong>&nbsp;et des&nbsp;<strong>mouvements des chevilles<\/strong>. Ensuite, effectue des exercices d&#8217;activation des jambes, comme des&nbsp;<strong>fentes<\/strong>, des&nbsp;<strong>lev\u00e9es de genoux<\/strong>&nbsp;ou des&nbsp;<strong>mouvements des mollets<\/strong>.<\/p>\n<\/div>\n\n\n\n<div class=\"wp-block-column is-layout-flow wp-block-column-is-layout-flow\">\n<figure class=\"wp-block-image size-full\"><img fetchpriority=\"high\" decoding=\"async\" width=\"1024\" height=\"1024\" src=\"https:\/\/cms.red-snake-27384.zap.cloud\/wp-content\/uploads\/2025\/04\/Designer-55.jpeg\" alt=\"\" class=\"wp-image-1304\" srcset=\"https:\/\/cms.red-snake-27384.zap.cloud\/wp-content\/uploads\/2025\/04\/Designer-55.jpeg 1024w, https:\/\/cms.red-snake-27384.zap.cloud\/wp-content\/uploads\/2025\/04\/Designer-55-300x300.jpeg 300w, https:\/\/cms.red-snake-27384.zap.cloud\/wp-content\/uploads\/2025\/04\/Designer-55-150x150.jpeg 150w, https:\/\/cms.red-snake-27384.zap.cloud\/wp-content\/uploads\/2025\/04\/Designer-55-768x768.jpeg 768w\" sizes=\"(max-width: 1024px) 100vw, 1024px\" \/><\/figure>\n<\/div>\n<\/div>\n\n\n\n<hr class=\"wp-block-separator has-alpha-channel-opacity\"\/>\n\n\n\n<div class=\"wp-block-columns is-layout-flex wp-container-core-columns-is-layout-9d6595d7 wp-block-columns-is-layout-flex\">\n<div class=\"wp-block-column is-layout-flow wp-block-column-is-layout-flow\">\n<figure class=\"wp-block-image size-full\"><img decoding=\"async\" width=\"1024\" height=\"1024\" src=\"https:\/\/cms.red-snake-27384.zap.cloud\/wp-content\/uploads\/2025\/04\/Designer-56.jpeg\" alt=\"\" class=\"wp-image-1305\" srcset=\"https:\/\/cms.red-snake-27384.zap.cloud\/wp-content\/uploads\/2025\/04\/Designer-56.jpeg 1024w, https:\/\/cms.red-snake-27384.zap.cloud\/wp-content\/uploads\/2025\/04\/Designer-56-300x300.jpeg 300w, https:\/\/cms.red-snake-27384.zap.cloud\/wp-content\/uploads\/2025\/04\/Designer-56-150x150.jpeg 150w, https:\/\/cms.red-snake-27384.zap.cloud\/wp-content\/uploads\/2025\/04\/Designer-56-768x768.jpeg 768w\" sizes=\"(max-width: 1024px) 100vw, 1024px\" \/><\/figure>\n<\/div>\n\n\n\n<div class=\"wp-block-column is-layout-flow wp-block-column-is-layout-flow\">\n<h2 class=\"wp-block-heading has-large-font-size\">Pr\u00e9paration du corps pour la randonn\u00e9e<\/h2>\n\n\n\n<p>Marche \u00e0 un&nbsp;<strong>rythme soutenu<\/strong>&nbsp;pendant quelques minutes avant de commencer la randonn\u00e9e, pour activer la circulation et pr\u00e9parer ton corps \u00e0&nbsp;<strong>l&#8217;ascension<\/strong>. Cela permet de chauffer progressivement les muscles et de r\u00e9duire le risque de blessure.<\/p>\n<\/div>\n<\/div>\n\n\n\n<hr class=\"wp-block-separator has-alpha-channel-opacity\"\/>\n\n\n\n<div class=\"wp-block-columns is-layout-flex wp-container-core-columns-is-layout-9d6595d7 wp-block-columns-is-layout-flex\">\n<div class=\"wp-block-column is-layout-flow wp-block-column-is-layout-flow\">\n<h2 class=\"wp-block-heading has-large-font-size\">Attention au dos et aux \u00e9paules<\/h2>\n\n\n\n<p>Pour les&nbsp;<strong>randonn\u00e9es exigeantes<\/strong>, il est particuli\u00e8rement important de pr\u00eater attention \u00e0&nbsp;<strong>ton dos et \u00e0 tes \u00e9paules<\/strong>, surtout si tu portes un&nbsp;<strong>sac \u00e0 dos lourd<\/strong>. Assure-toi d&#8217;avoir une bonne posture et de&nbsp;<strong>mobiliser<\/strong>&nbsp;ces zones avant de commencer.<\/p>\n<\/div>\n\n\n\n<div class=\"wp-block-column is-layout-flow wp-block-column-is-layout-flow\">\n<figure class=\"wp-block-image size-full\"><img decoding=\"async\" width=\"1024\" height=\"1024\" src=\"https:\/\/cms.red-snake-27384.zap.cloud\/wp-content\/uploads\/2025\/04\/Designer-57.jpeg\" alt=\"\" class=\"wp-image-1307\" srcset=\"https:\/\/cms.red-snake-27384.zap.cloud\/wp-content\/uploads\/2025\/04\/Designer-57.jpeg 1024w, https:\/\/cms.red-snake-27384.zap.cloud\/wp-content\/uploads\/2025\/04\/Designer-57-300x300.jpeg 300w, https:\/\/cms.red-snake-27384.zap.cloud\/wp-content\/uploads\/2025\/04\/Designer-57-150x150.jpeg 150w, https:\/\/cms.red-snake-27384.zap.cloud\/wp-content\/uploads\/2025\/04\/Designer-57-768x768.jpeg 768w\" sizes=\"(max-width: 1024px) 100vw, 1024px\" \/><\/figure>\n<\/div>\n<\/div>\n\n\n\n<p><\/p>\n","protected":false},"excerpt":{"rendered":"<p>Mobilisation et activation musculaire Un bon&nbsp;\u00e9chauffement&nbsp;avant la randonn\u00e9e est essentiel pour&nbsp;activer les muscles&nbsp;et \u00e9viter les&nbsp;surmenages. Commence par des exercices de&nbsp;mobilisation&nbsp;comme des&nbsp;rotations des hanches, des&nbsp;cercles des bras&nbsp;et des&nbsp;mouvements des chevilles. Ensuite, effectue des exercices d&#8217;activation des jambes, comme des&nbsp;fentes, des&nbsp;lev\u00e9es de genoux&nbsp;ou des&nbsp;mouvements des mollets. Pr\u00e9paration du corps pour la randonn\u00e9e Marche \u00e0 un&nbsp;rythme soutenu&nbsp;pendant quelques&hellip;&nbsp;<a href=\"https:\/\/cms.red-snake-27384.zap.cloud\/?page_id=1287\" rel=\"bookmark\">Weiterlesen &raquo;<span class=\"screen-reader-text\">Randonn\u00e9e<\/span><\/a><\/p>\n","protected":false},"author":1,"featured_media":0,"parent":0,"menu_order":0,"comment_status":"closed","ping_status":"closed","template":"","meta":{"neve_meta_sidebar":"","neve_meta_container":"","neve_meta_enable_content_width":"","neve_meta_content_width":0,"neve_meta_title_alignment":"","neve_meta_author_avatar":"","neve_post_elements_order":"","neve_meta_disable_header":"","neve_meta_disable_footer":"","neve_meta_disable_title":"","_themeisle_gutenberg_block_has_review":false,"footnotes":""},"class_list":["post-1287","page","type-page","status-publish","hentry"],"_links":{"self":[{"href":"https:\/\/cms.red-snake-27384.zap.cloud\/index.php?rest_route=\/wp\/v2\/pages\/1287","targetHints":{"allow":["GET"]}}],"collection":[{"href":"https:\/\/cms.red-snake-27384.zap.cloud\/index.php?rest_route=\/wp\/v2\/pages"}],"about":[{"href":"https:\/\/cms.red-snake-27384.zap.cloud\/index.php?rest_route=\/wp\/v2\/types\/page"}],"author":[{"embeddable":true,"href":"https:\/\/cms.red-snake-27384.zap.cloud\/index.php?rest_route=\/wp\/v2\/users\/1"}],"replies":[{"embeddable":true,"href":"https:\/\/cms.red-snake-27384.zap.cloud\/index.php?rest_route=%2Fwp%2Fv2%2Fcomments&post=1287"}],"version-history":[{"count":2,"href":"https:\/\/cms.red-snake-27384.zap.cloud\/index.php?rest_route=\/wp\/v2\/pages\/1287\/revisions"}],"predecessor-version":[{"id":1308,"href":"https:\/\/cms.red-snake-27384.zap.cloud\/index.php?rest_route=\/wp\/v2\/pages\/1287\/revisions\/1308"}],"wp:attachment":[{"href":"https:\/\/cms.red-snake-27384.zap.cloud\/index.php?rest_route=%2Fwp%2Fv2%2Fmedia&parent=1287"}],"curies":[{"name":"wp","href":"https:\/\/api.w.org\/{rel}","templated":true}]}}