{"id":1317,"date":"2025-04-08T15:54:58","date_gmt":"2025-04-08T15:54:58","guid":{"rendered":"https:\/\/cms.red-snake-27384.zap.cloud\/?page_id=1317"},"modified":"2025-04-08T15:54:59","modified_gmt":"2025-04-08T15:54:59","slug":"salomon-sense-ride-3","status":"publish","type":"page","link":"https:\/\/cms.red-snake-27384.zap.cloud\/?page_id=1317","title":{"rendered":"Salomon Sense Ride 3"},"content":{"rendered":"\n<div class=\"wp-block-columns is-layout-flex wp-container-core-columns-is-layout-9d6595d7 wp-block-columns-is-layout-flex\">\n<div class=\"wp-block-column is-layout-flow wp-block-column-is-layout-flow\" style=\"flex-basis:66.66%\">\n<h2 class=\"wp-block-heading\">Design et confort<\/h2>\n\n\n\n<p>Le design du Sense Ride 3 est ind\u00e9niablement attrayant et nous avons grandement appr\u00e9ci\u00e9 les aspects fonctionnels suppl\u00e9mentaires. Le confort est d&#8217;un bon niveau avec un bon rembourrage et une bonne adaptation au pied, m\u00eame si nous pr\u00e9f\u00e9rerions le confort du Sense Ride 5.<\/p>\n<\/div>\n\n\n\n<div class=\"wp-block-column is-layout-flow wp-block-column-is-layout-flow\" style=\"flex-basis:33.33%\">\n<figure class=\"wp-block-image size-large\"><img fetchpriority=\"high\" decoding=\"async\" width=\"768\" height=\"1024\" src=\"https:\/\/cms.red-snake-27384.zap.cloud\/wp-content\/uploads\/2025\/04\/shared-image-4-768x1024.jpg\" alt=\"\" class=\"wp-image-1193\" srcset=\"https:\/\/cms.red-snake-27384.zap.cloud\/wp-content\/uploads\/2025\/04\/shared-image-4-768x1024.jpg 768w, https:\/\/cms.red-snake-27384.zap.cloud\/wp-content\/uploads\/2025\/04\/shared-image-4-225x300.jpg 225w, https:\/\/cms.red-snake-27384.zap.cloud\/wp-content\/uploads\/2025\/04\/shared-image-4-1152x1536.jpg 1152w, https:\/\/cms.red-snake-27384.zap.cloud\/wp-content\/uploads\/2025\/04\/shared-image-4.jpg 1530w\" sizes=\"(max-width: 768px) 100vw, 768px\" \/><\/figure>\n<\/div>\n<\/div>\n\n\n\n<hr class=\"wp-block-separator has-alpha-channel-opacity\"\/>\n\n\n\n<h2 class=\"wp-block-heading\">Performance et durabilit\u00e9<\/h2>\n\n\n\n<p>Sur les sentiers, le Sense Ride 3 a fait ses preuves, bien qu&#8217;il ne puisse pas tout \u00e0 fait rivaliser avec le Sense Ride 5 en termes de stabilit\u00e9 du pied et de fluidit\u00e9 de course. Nous avons cependant beaucoup appr\u00e9ci\u00e9 la tenue et l&#8217;adh\u00e9rence qui nous ont offert une s\u00e9curit\u00e9 sur diff\u00e9rentes surfaces. En termes de durabilit\u00e9, le Sense Ride 3 a r\u00e9pondu \u00e0 nos attentes \u00e9lev\u00e9es et a d\u00e9montr\u00e9 une r\u00e9sistance consid\u00e9rable \u00e0 l&#8217;usure, m\u00eame dans des conditions de trail exigeantes.<\/p>\n\n\n\n<p>Le Salomon Sense Ride 3 est une chaussure solide qui excelle en mati\u00e8re de design, de confort et de durabilit\u00e9. En termes de performance et de stabilit\u00e9, il a obtenu de bons r\u00e9sultats, mais nous mettrions n\u00e9anmoins l&#8217;accent sur le Sense Ride 5 comme notre choix personnel, qui a obtenu de meilleurs r\u00e9sultats sur ces points.<\/p>\n\n\n\n<p><\/p>\n","protected":false},"excerpt":{"rendered":"<p>Design et confort Le design du Sense Ride 3 est ind\u00e9niablement attrayant et nous avons grandement appr\u00e9ci\u00e9 les aspects fonctionnels suppl\u00e9mentaires. Le confort est d&#8217;un bon niveau avec un bon rembourrage et une bonne adaptation au pied, m\u00eame si nous pr\u00e9f\u00e9rerions le confort du Sense Ride 5. Performance et durabilit\u00e9 Sur les sentiers, le Sense&hellip;&nbsp;<a href=\"https:\/\/cms.red-snake-27384.zap.cloud\/?page_id=1317\" rel=\"bookmark\">Weiterlesen &raquo;<span class=\"screen-reader-text\">Salomon Sense Ride 3<\/span><\/a><\/p>\n","protected":false},"author":1,"featured_media":0,"parent":0,"menu_order":0,"comment_status":"closed","ping_status":"closed","template":"","meta":{"neve_meta_sidebar":"","neve_meta_container":"","neve_meta_enable_content_width":"","neve_meta_content_width":0,"neve_meta_title_alignment":"","neve_meta_author_avatar":"","neve_post_elements_order":"","neve_meta_disable_header":"","neve_meta_disable_footer":"","neve_meta_disable_title":"","_themeisle_gutenberg_block_has_review":false,"footnotes":""},"class_list":["post-1317","page","type-page","status-publish","hentry"],"_links":{"self":[{"href":"https:\/\/cms.red-snake-27384.zap.cloud\/index.php?rest_route=\/wp\/v2\/pages\/1317","targetHints":{"allow":["GET"]}}],"collection":[{"href":"https:\/\/cms.red-snake-27384.zap.cloud\/index.php?rest_route=\/wp\/v2\/pages"}],"about":[{"href":"https:\/\/cms.red-snake-27384.zap.cloud\/index.php?rest_route=\/wp\/v2\/types\/page"}],"author":[{"embeddable":true,"href":"https:\/\/cms.red-snake-27384.zap.cloud\/index.php?rest_route=\/wp\/v2\/users\/1"}],"replies":[{"embeddable":true,"href":"https:\/\/cms.red-snake-27384.zap.cloud\/index.php?rest_route=%2Fwp%2Fv2%2Fcomments&post=1317"}],"version-history":[{"count":1,"href":"https:\/\/cms.red-snake-27384.zap.cloud\/index.php?rest_route=\/wp\/v2\/pages\/1317\/revisions"}],"predecessor-version":[{"id":1318,"href":"https:\/\/cms.red-snake-27384.zap.cloud\/index.php?rest_route=\/wp\/v2\/pages\/1317\/revisions\/1318"}],"wp:attachment":[{"href":"https:\/\/cms.red-snake-27384.zap.cloud\/index.php?rest_route=%2Fwp%2Fv2%2Fmedia&parent=1317"}],"curies":[{"name":"wp","href":"https:\/\/api.w.org\/{rel}","templated":true}]}}