{"id":1319,"date":"2025-04-08T15:56:37","date_gmt":"2025-04-08T15:56:37","guid":{"rendered":"https:\/\/cms.red-snake-27384.zap.cloud\/?page_id=1319"},"modified":"2025-04-08T15:56:38","modified_gmt":"2025-04-08T15:56:38","slug":"salomon-elixir-activ-gtx","status":"publish","type":"page","link":"https:\/\/cms.red-snake-27384.zap.cloud\/?page_id=1319","title":{"rendered":"Salomon Elixir Activ GTX"},"content":{"rendered":"\n<div class=\"wp-block-columns is-layout-flex wp-container-core-columns-is-layout-9d6595d7 wp-block-columns-is-layout-flex\">\n<div class=\"wp-block-column is-layout-flow wp-block-column-is-layout-flow\" style=\"flex-basis:66.66%\">\n<h2 class=\"wp-block-heading\"><strong>Design et confort<\/strong><\/h2>\n\n\n\n<p>Le design du Salomon Elixir Activ GTX est \u00e0 la fois attrayant et fonctionnel, combinant une esth\u00e9tique moderne avec des caract\u00e9ristiques techniques bien pens\u00e9es. Nous avons particuli\u00e8rement appr\u00e9ci\u00e9 le haut niveau de confort, qui se manifeste d\u00e8s les premi\u00e8res minutes de marche. Cela est principalement d\u00fb au rembourrage soigneusement con\u00e7u, qui entoure agr\u00e9ablement le pied sans cr\u00e9er de points de pression, ainsi qu&#8217;\u00e0 la forme ergonomique de la chaussure, qui assure un excellent maintien. Que ce soit pour de longues randonn\u00e9es ou des balades plus courtes, la chaussure offre une sensation de l\u00e9g\u00e8ret\u00e9 et de stabilit\u00e9, renfor\u00e7ant l&#8217;impression g\u00e9n\u00e9rale de qualit\u00e9 et de bien-\u00eatre.<\/p>\n<\/div>\n\n\n\n<div class=\"wp-block-column is-layout-flow wp-block-column-is-layout-flow\" style=\"flex-basis:33.33%\">\n<figure class=\"wp-block-image size-large\"><img fetchpriority=\"high\" decoding=\"async\" width=\"768\" height=\"1024\" src=\"https:\/\/cms.red-snake-27384.zap.cloud\/wp-content\/uploads\/2025\/04\/shared-image-2-768x1024.jpg\" alt=\"\" class=\"wp-image-1194\" srcset=\"https:\/\/cms.red-snake-27384.zap.cloud\/wp-content\/uploads\/2025\/04\/shared-image-2-768x1024.jpg 768w, https:\/\/cms.red-snake-27384.zap.cloud\/wp-content\/uploads\/2025\/04\/shared-image-2-225x300.jpg 225w, https:\/\/cms.red-snake-27384.zap.cloud\/wp-content\/uploads\/2025\/04\/shared-image-2-1152x1536.jpg 1152w, https:\/\/cms.red-snake-27384.zap.cloud\/wp-content\/uploads\/2025\/04\/shared-image-2.jpg 1530w\" sizes=\"(max-width: 768px) 100vw, 768px\" \/><\/figure>\n<\/div>\n<\/div>\n\n\n\n<hr class=\"wp-block-separator has-alpha-channel-opacity\"\/>\n\n\n\n<h2 class=\"wp-block-heading\">Performance et durabilit\u00e9<\/h2>\n\n\n\n<p>C&#8217;est ici que le Salomon Elixir Activ GTX est vraiment exceptionnel. En courant sur les sentiers, nous avons toujours pu compter sur sa stabilit\u00e9 sup\u00e9rieure \u00e0 la moyenne combin\u00e9e \u00e0 une excellente traction. C&#8217;est surtout en combinaison avec des crampons qu&#8217;il montre sa force, offrant un contr\u00f4le et une s\u00e9curit\u00e9 exceptionnels, m\u00eame sur des terrains difficiles et glissants. Le Salomon Elixir Activ GTX nous a \u00e9galement convaincus en mati\u00e8re de durabilit\u00e9. Il r\u00e9siste aux conditions difficiles des sentiers et tient \u00e9galement lors d&#8217;une utilisation intensive sur de longues p\u00e9riodes.<\/p>\n\n\n\n<p>Nous pouvons d\u00e9finitivement confirmer que le Salomon Elixir Activ GTX brille par sa stabilit\u00e9 et sa durabilit\u00e9 sup\u00e9rieures \u00e0 la moyenne, en particulier en combinaison avec des crampons. Son haut niveau de confort et son design attrayant compl\u00e8tent l&#8217;image positive globale. Apr\u00e8s notre phase de test approfondie, nous sommes donc d&#8217;avis que le Salomon Elixir Activ GTX est un excellent choix pour les coureurs de trail \u00e0 la recherche d&#8217;une chaussure fiable, stable et confortable.<\/p>\n\n\n\n<p><\/p>\n","protected":false},"excerpt":{"rendered":"<p>Design et confort Le design du Salomon Elixir Activ GTX est \u00e0 la fois attrayant et fonctionnel, combinant une esth\u00e9tique moderne avec des caract\u00e9ristiques techniques bien pens\u00e9es. Nous avons particuli\u00e8rement appr\u00e9ci\u00e9 le haut niveau de confort, qui se manifeste d\u00e8s les premi\u00e8res minutes de marche. Cela est principalement d\u00fb au rembourrage soigneusement con\u00e7u, qui entoure&hellip;&nbsp;<a href=\"https:\/\/cms.red-snake-27384.zap.cloud\/?page_id=1319\" rel=\"bookmark\">Weiterlesen &raquo;<span class=\"screen-reader-text\">Salomon Elixir Activ GTX<\/span><\/a><\/p>\n","protected":false},"author":1,"featured_media":0,"parent":0,"menu_order":0,"comment_status":"closed","ping_status":"closed","template":"","meta":{"neve_meta_sidebar":"","neve_meta_container":"","neve_meta_enable_content_width":"","neve_meta_content_width":0,"neve_meta_title_alignment":"","neve_meta_author_avatar":"","neve_post_elements_order":"","neve_meta_disable_header":"","neve_meta_disable_footer":"","neve_meta_disable_title":"","_themeisle_gutenberg_block_has_review":false,"footnotes":""},"class_list":["post-1319","page","type-page","status-publish","hentry"],"_links":{"self":[{"href":"https:\/\/cms.red-snake-27384.zap.cloud\/index.php?rest_route=\/wp\/v2\/pages\/1319","targetHints":{"allow":["GET"]}}],"collection":[{"href":"https:\/\/cms.red-snake-27384.zap.cloud\/index.php?rest_route=\/wp\/v2\/pages"}],"about":[{"href":"https:\/\/cms.red-snake-27384.zap.cloud\/index.php?rest_route=\/wp\/v2\/types\/page"}],"author":[{"embeddable":true,"href":"https:\/\/cms.red-snake-27384.zap.cloud\/index.php?rest_route=\/wp\/v2\/users\/1"}],"replies":[{"embeddable":true,"href":"https:\/\/cms.red-snake-27384.zap.cloud\/index.php?rest_route=%2Fwp%2Fv2%2Fcomments&post=1319"}],"version-history":[{"count":1,"href":"https:\/\/cms.red-snake-27384.zap.cloud\/index.php?rest_route=\/wp\/v2\/pages\/1319\/revisions"}],"predecessor-version":[{"id":1321,"href":"https:\/\/cms.red-snake-27384.zap.cloud\/index.php?rest_route=\/wp\/v2\/pages\/1319\/revisions\/1321"}],"wp:attachment":[{"href":"https:\/\/cms.red-snake-27384.zap.cloud\/index.php?rest_route=%2Fwp%2Fv2%2Fmedia&parent=1319"}],"curies":[{"name":"wp","href":"https:\/\/api.w.org\/{rel}","templated":true}]}}