{"id":1322,"date":"2025-04-08T15:57:42","date_gmt":"2025-04-08T15:57:42","guid":{"rendered":"https:\/\/cms.red-snake-27384.zap.cloud\/?page_id=1322"},"modified":"2025-04-08T16:09:34","modified_gmt":"2025-04-08T16:09:34","slug":"rossignol-delta-comp-203-langlaufski","status":"publish","type":"page","link":"https:\/\/cms.red-snake-27384.zap.cloud\/?page_id=1322","title":{"rendered":"Rossignol Delta Comp 203 Ski de fond"},"content":{"rendered":"\n<div class=\"wp-block-columns is-layout-flex wp-container-core-columns-is-layout-9d6595d7 wp-block-columns-is-layout-flex\">\n<div class=\"wp-block-column is-layout-flow wp-block-column-is-layout-flow\" style=\"flex-basis:66.66%\">\n<h2 class=\"wp-block-heading\">Design et performance<\/h2>\n\n\n\n<p>Le Rossignol Delta Comp 203, test\u00e9 dans le magnifique paysage de Celerina, Engadin, nous a impressionn\u00e9s par son excellente performance et sa durabilit\u00e9. Sa construction offre un m\u00e9lange remarquable de l\u00e9g\u00e8ret\u00e9 et de stabilit\u00e9 gr\u00e2ce aux technologies Active Cap et Honeycomb. Ces skis, au design \u00e9l\u00e9gant noir et rouge, offrent un contr\u00f4le remarquable dans toutes les conditions de neige et une manipulation confortable, ce qui les rend id\u00e9aux pour les d\u00e9butants comme pour les skieurs exp\u00e9riment\u00e9s. Avec une longueur de 203 cm et un syst\u00e8me de fixation NIS classique, ils sont pr\u00e9destin\u00e9s aux athl\u00e8tes de taille moyenne et grande.<\/p>\n<\/div>\n\n\n\n<div class=\"wp-block-column is-layout-flow wp-block-column-is-layout-flow\" style=\"flex-basis:33.33%\">\n<figure class=\"wp-block-image size-large\"><img fetchpriority=\"high\" decoding=\"async\" width=\"768\" height=\"1024\" src=\"https:\/\/cms.red-snake-27384.zap.cloud\/wp-content\/uploads\/2025\/04\/shared-image-768x1024.jpeg\" alt=\"\" class=\"wp-image-1309\" srcset=\"https:\/\/cms.red-snake-27384.zap.cloud\/wp-content\/uploads\/2025\/04\/shared-image-768x1024.jpeg 768w, https:\/\/cms.red-snake-27384.zap.cloud\/wp-content\/uploads\/2025\/04\/shared-image-225x300.jpeg 225w, https:\/\/cms.red-snake-27384.zap.cloud\/wp-content\/uploads\/2025\/04\/shared-image-1152x1536.jpeg 1152w, https:\/\/cms.red-snake-27384.zap.cloud\/wp-content\/uploads\/2025\/04\/shared-image.jpeg 1530w\" sizes=\"(max-width: 768px) 100vw, 768px\" \/><\/figure>\n<\/div>\n<\/div>\n\n\n\n<hr class=\"wp-block-separator has-alpha-channel-opacity\"\/>\n\n\n\n<h2 class=\"wp-block-heading\">Compatibilit\u00e9 et exp\u00e9rience globale<\/h2>\n\n\n\n<p>Notre r\u00e9sultat de test est devenu encore plus impressionnant gr\u00e2ce \u00e0 la combinaison avec le Rossignol X10 Classic, synonyme de l\u00e9g\u00e8ret\u00e9 et de stabilit\u00e9, ce qui a conduit \u00e0 un contr\u00f4le et une performance impressionnants en ski de fond. En r\u00e9sum\u00e9, le Rossignol Delta Comp 203 est un choix judicieux pour tous les enthousiastes de ski de fond qui souhaitent am\u00e9liorer leurs comp\u00e9tences sans sacrifier le confort et le style.<\/p>\n","protected":false},"excerpt":{"rendered":"<p>Design et performance Le Rossignol Delta Comp 203, test\u00e9 dans le magnifique paysage de Celerina, Engadin, nous a impressionn\u00e9s par son excellente performance et sa durabilit\u00e9. Sa construction offre un m\u00e9lange remarquable de l\u00e9g\u00e8ret\u00e9 et de stabilit\u00e9 gr\u00e2ce aux technologies Active Cap et Honeycomb. Ces skis, au design \u00e9l\u00e9gant noir et rouge, offrent un contr\u00f4le&hellip;&nbsp;<a href=\"https:\/\/cms.red-snake-27384.zap.cloud\/?page_id=1322\" rel=\"bookmark\">Weiterlesen &raquo;<span class=\"screen-reader-text\">Rossignol Delta Comp 203 Ski de fond<\/span><\/a><\/p>\n","protected":false},"author":1,"featured_media":0,"parent":0,"menu_order":0,"comment_status":"closed","ping_status":"closed","template":"","meta":{"neve_meta_sidebar":"","neve_meta_container":"","neve_meta_enable_content_width":"","neve_meta_content_width":0,"neve_meta_title_alignment":"","neve_meta_author_avatar":"","neve_post_elements_order":"","neve_meta_disable_header":"","neve_meta_disable_footer":"","neve_meta_disable_title":"","_themeisle_gutenberg_block_has_review":false,"footnotes":""},"class_list":["post-1322","page","type-page","status-publish","hentry"],"_links":{"self":[{"href":"https:\/\/cms.red-snake-27384.zap.cloud\/index.php?rest_route=\/wp\/v2\/pages\/1322","targetHints":{"allow":["GET"]}}],"collection":[{"href":"https:\/\/cms.red-snake-27384.zap.cloud\/index.php?rest_route=\/wp\/v2\/pages"}],"about":[{"href":"https:\/\/cms.red-snake-27384.zap.cloud\/index.php?rest_route=\/wp\/v2\/types\/page"}],"author":[{"embeddable":true,"href":"https:\/\/cms.red-snake-27384.zap.cloud\/index.php?rest_route=\/wp\/v2\/users\/1"}],"replies":[{"embeddable":true,"href":"https:\/\/cms.red-snake-27384.zap.cloud\/index.php?rest_route=%2Fwp%2Fv2%2Fcomments&post=1322"}],"version-history":[{"count":2,"href":"https:\/\/cms.red-snake-27384.zap.cloud\/index.php?rest_route=\/wp\/v2\/pages\/1322\/revisions"}],"predecessor-version":[{"id":1336,"href":"https:\/\/cms.red-snake-27384.zap.cloud\/index.php?rest_route=\/wp\/v2\/pages\/1322\/revisions\/1336"}],"wp:attachment":[{"href":"https:\/\/cms.red-snake-27384.zap.cloud\/index.php?rest_route=%2Fwp%2Fv2%2Fmedia&parent=1322"}],"curies":[{"name":"wp","href":"https:\/\/api.w.org\/{rel}","templated":true}]}}