{"id":1324,"date":"2025-04-08T15:58:39","date_gmt":"2025-04-08T15:58:39","guid":{"rendered":"https:\/\/cms.red-snake-27384.zap.cloud\/?page_id=1324"},"modified":"2025-04-08T15:58:40","modified_gmt":"2025-04-08T15:58:40","slug":"rossignol-x10-classic","status":"publish","type":"page","link":"https:\/\/cms.red-snake-27384.zap.cloud\/?page_id=1324","title":{"rendered":"Rossignol X10 Classic"},"content":{"rendered":"\n<div class=\"wp-block-columns is-layout-flex wp-container-core-columns-is-layout-9d6595d7 wp-block-columns-is-layout-flex\">\n<div class=\"wp-block-column is-layout-flow wp-block-column-is-layout-flow\" style=\"flex-basis:66.66%\">\n<h2 class=\"wp-block-heading\">Design et ajustement<\/h2>\n\n\n\n<p>Notre \u00e9quipe a eu l&#8217;occasion de tester le Rossignol X10 Classic dans le cadre impressionnant de Celerina, Engadin. Cette chaussure de ski de fond nous a convaincus par sa performance et sa qualit\u00e9. Le X10 Classic se distingue par son ajustement optimal et son excellente stabilit\u00e9. Il offre un transfert de puissance efficace et un contr\u00f4le exceptionnel, ce qui fait de ce ski le compagnon id\u00e9al sur les pistes de ski de fond pr\u00e9par\u00e9es. La forme thermoformable et la fermeture velcro assurent un confort maximal et un ajustement individuel au pied.<\/p>\n<\/div>\n\n\n\n<div class=\"wp-block-column is-layout-flow wp-block-column-is-layout-flow\" style=\"flex-basis:33.33%\">\n<figure class=\"wp-block-image size-large\"><img fetchpriority=\"high\" decoding=\"async\" width=\"1024\" height=\"768\" src=\"https:\/\/cms.red-snake-27384.zap.cloud\/wp-content\/uploads\/2025\/04\/shared-image-1-1024x768.jpeg\" alt=\"\" class=\"wp-image-1310\" srcset=\"https:\/\/cms.red-snake-27384.zap.cloud\/wp-content\/uploads\/2025\/04\/shared-image-1-1024x768.jpeg 1024w, https:\/\/cms.red-snake-27384.zap.cloud\/wp-content\/uploads\/2025\/04\/shared-image-1-300x225.jpeg 300w, https:\/\/cms.red-snake-27384.zap.cloud\/wp-content\/uploads\/2025\/04\/shared-image-1-768x576.jpeg 768w, https:\/\/cms.red-snake-27384.zap.cloud\/wp-content\/uploads\/2025\/04\/shared-image-1-1536x1152.jpeg 1536w, https:\/\/cms.red-snake-27384.zap.cloud\/wp-content\/uploads\/2025\/04\/shared-image-1.jpeg 2040w\" sizes=\"(max-width: 1024px) 100vw, 1024px\" \/><\/figure>\n<\/div>\n<\/div>\n\n\n\n<hr class=\"wp-block-separator has-alpha-channel-opacity\"\/>\n\n\n\n<h2 class=\"wp-block-heading\">Performance et compatibilit\u00e9<\/h2>\n\n\n\n<p>Nous avons combin\u00e9 la chaussure avec le ski de fond Rossignol Delta Comp 203 et avons \u00e9t\u00e9 impressionn\u00e9s par l&#8217;harmonie de cette combinaison. Le X10 Classic s&#8217;harmonise parfaitement avec les excellentes propri\u00e9t\u00e9s de glisse du Delta Comp 203, assurant ainsi une exp\u00e9rience optimale de ski de fond. En termes de design, le X10 Classic, avec sa silhouette \u00e9lanc\u00e9e et la combinaison de noir et rouge, est un v\u00e9ritable r\u00e9gal pour les yeux, alliant fonctionnalit\u00e9 et style. En r\u00e9sum\u00e9, le Rossignol X10 Classic est une chaussure de ski de fond de haute qualit\u00e9 qui convainc par son confort et sa performance. Que vous soyez d\u00e9butant ou skieur de fond exp\u00e9riment\u00e9, le X10 Classic r\u00e9pondra certainement \u00e0 vos exigences. Nous recommandons d\u00e9finitivement cette chaussure pour une exp\u00e9rience am\u00e9lior\u00e9e de ski de fond.<\/p>\n","protected":false},"excerpt":{"rendered":"<p>Design et ajustement Notre \u00e9quipe a eu l&#8217;occasion de tester le Rossignol X10 Classic dans le cadre impressionnant de Celerina, Engadin. Cette chaussure de ski de fond nous a convaincus par sa performance et sa qualit\u00e9. Le X10 Classic se distingue par son ajustement optimal et son excellente stabilit\u00e9. Il offre un transfert de puissance&hellip;&nbsp;<a href=\"https:\/\/cms.red-snake-27384.zap.cloud\/?page_id=1324\" rel=\"bookmark\">Weiterlesen &raquo;<span class=\"screen-reader-text\">Rossignol X10 Classic<\/span><\/a><\/p>\n","protected":false},"author":1,"featured_media":0,"parent":0,"menu_order":0,"comment_status":"closed","ping_status":"closed","template":"","meta":{"neve_meta_sidebar":"","neve_meta_container":"","neve_meta_enable_content_width":"","neve_meta_content_width":0,"neve_meta_title_alignment":"","neve_meta_author_avatar":"","neve_post_elements_order":"","neve_meta_disable_header":"","neve_meta_disable_footer":"","neve_meta_disable_title":"","_themeisle_gutenberg_block_has_review":false,"footnotes":""},"class_list":["post-1324","page","type-page","status-publish","hentry"],"_links":{"self":[{"href":"https:\/\/cms.red-snake-27384.zap.cloud\/index.php?rest_route=\/wp\/v2\/pages\/1324","targetHints":{"allow":["GET"]}}],"collection":[{"href":"https:\/\/cms.red-snake-27384.zap.cloud\/index.php?rest_route=\/wp\/v2\/pages"}],"about":[{"href":"https:\/\/cms.red-snake-27384.zap.cloud\/index.php?rest_route=\/wp\/v2\/types\/page"}],"author":[{"embeddable":true,"href":"https:\/\/cms.red-snake-27384.zap.cloud\/index.php?rest_route=\/wp\/v2\/users\/1"}],"replies":[{"embeddable":true,"href":"https:\/\/cms.red-snake-27384.zap.cloud\/index.php?rest_route=%2Fwp%2Fv2%2Fcomments&post=1324"}],"version-history":[{"count":1,"href":"https:\/\/cms.red-snake-27384.zap.cloud\/index.php?rest_route=\/wp\/v2\/pages\/1324\/revisions"}],"predecessor-version":[{"id":1325,"href":"https:\/\/cms.red-snake-27384.zap.cloud\/index.php?rest_route=\/wp\/v2\/pages\/1324\/revisions\/1325"}],"wp:attachment":[{"href":"https:\/\/cms.red-snake-27384.zap.cloud\/index.php?rest_route=%2Fwp%2Fv2%2Fmedia&parent=1324"}],"curies":[{"name":"wp","href":"https:\/\/api.w.org\/{rel}","templated":true}]}}