{"id":1328,"date":"2025-04-08T16:00:35","date_gmt":"2025-04-08T16:00:35","guid":{"rendered":"https:\/\/cms.red-snake-27384.zap.cloud\/?page_id=1328"},"modified":"2025-04-08T16:00:36","modified_gmt":"2025-04-08T16:00:36","slug":"tsl-225-evo-raquettes-a-neige","status":"publish","type":"page","link":"https:\/\/cms.red-snake-27384.zap.cloud\/?page_id=1328","title":{"rendered":"TSL 225 Evo Raquettes \u00e0 Neige"},"content":{"rendered":"\n<div class=\"wp-block-columns is-layout-flex wp-container-core-columns-is-layout-9d6595d7 wp-block-columns-is-layout-flex\">\n<div class=\"wp-block-column is-layout-flow wp-block-column-is-layout-flow\" style=\"flex-basis:66.66%\">\n<h2 class=\"wp-block-heading\">Design et fonctionnalit\u00e9<\/h2>\n\n\n\n<p>Le TSL 225 Evo est une raquette \u00e0 neige robuste et fiable qui nous a convaincus dans nos tests par sa haute fonctionnalit\u00e9 et sa manipulation facile. Ce qui nous a imm\u00e9diatement frapp\u00e9s, c&#8217;est le syst\u00e8me innovant &#8222;Boa Fit&#8220;, qui permet un r\u00e9glage fin rapide et pr\u00e9cis, et qui est facile \u00e0 utiliser m\u00eame dans des conditions difficiles. Gr\u00e2ce aux possibilit\u00e9s d&#8217;ajustement simples, le TSL 225 Evo offre un excellent confort de port.<\/p>\n<\/div>\n\n\n\n<div class=\"wp-block-column is-layout-flow wp-block-column-is-layout-flow\" style=\"flex-basis:33.33%\">\n<figure class=\"wp-block-image size-full\"><img fetchpriority=\"high\" decoding=\"async\" width=\"1000\" height=\"1000\" src=\"https:\/\/cms.red-snake-27384.zap.cloud\/wp-content\/uploads\/2025\/04\/tsl.jpg\" alt=\"\" class=\"wp-image-1315\" srcset=\"https:\/\/cms.red-snake-27384.zap.cloud\/wp-content\/uploads\/2025\/04\/tsl.jpg 1000w, https:\/\/cms.red-snake-27384.zap.cloud\/wp-content\/uploads\/2025\/04\/tsl-300x300.jpg 300w, https:\/\/cms.red-snake-27384.zap.cloud\/wp-content\/uploads\/2025\/04\/tsl-150x150.jpg 150w, https:\/\/cms.red-snake-27384.zap.cloud\/wp-content\/uploads\/2025\/04\/tsl-768x768.jpg 768w\" sizes=\"(max-width: 1000px) 100vw, 1000px\" \/><\/figure>\n<\/div>\n<\/div>\n\n\n\n<hr class=\"wp-block-separator has-alpha-channel-opacity\"\/>\n\n\n\n<h2 class=\"wp-block-heading\"><strong>Performance et durabilit\u00e9<\/strong><\/h2>\n\n\n\n<p>La raquette \u00e0 neige est \u00e9quip\u00e9e d&#8217;une griffe en acier inoxydable stable sous la plante du pied, qui, en combinaison avec six pointes en acier interchangeables, offre une excellente adh\u00e9rence, m\u00eame sur des pentes verglac\u00e9es et enneig\u00e9es. Le cadre a \u00e9t\u00e9 sp\u00e9cialement con\u00e7u pour les randonn\u00e9es en neige profonde et convainc par sa fabrication robuste. Le syst\u00e8me d&#8217;amortissement &#8222;SSAS&#8220; r\u00e9duit les contraintes articulaires et augmente ainsi le confort pendant la randonn\u00e9e. En r\u00e9sum\u00e9, la raquette \u00e0 neige TSL 225 Evo est \u00e0 la fois fonctionnelle, confortable et robuste, avec des pointes et une griffe adapt\u00e9es pour une meilleure adh\u00e9rence. C&#8217;est un produit de haute qualit\u00e9 que nous recommanderions tant pour les courtes que pour les longues randonn\u00e9es en neige.<\/p>\n","protected":false},"excerpt":{"rendered":"<p>Design et fonctionnalit\u00e9 Le TSL 225 Evo est une raquette \u00e0 neige robuste et fiable qui nous a convaincus dans nos tests par sa haute fonctionnalit\u00e9 et sa manipulation facile. Ce qui nous a imm\u00e9diatement frapp\u00e9s, c&#8217;est le syst\u00e8me innovant &#8222;Boa Fit&#8220;, qui permet un r\u00e9glage fin rapide et pr\u00e9cis, et qui est facile \u00e0&hellip;&nbsp;<a href=\"https:\/\/cms.red-snake-27384.zap.cloud\/?page_id=1328\" rel=\"bookmark\">Weiterlesen &raquo;<span class=\"screen-reader-text\">TSL 225 Evo Raquettes \u00e0 Neige<\/span><\/a><\/p>\n","protected":false},"author":1,"featured_media":0,"parent":0,"menu_order":0,"comment_status":"closed","ping_status":"closed","template":"","meta":{"neve_meta_sidebar":"","neve_meta_container":"","neve_meta_enable_content_width":"","neve_meta_content_width":0,"neve_meta_title_alignment":"","neve_meta_author_avatar":"","neve_post_elements_order":"","neve_meta_disable_header":"","neve_meta_disable_footer":"","neve_meta_disable_title":"","_themeisle_gutenberg_block_has_review":false,"footnotes":""},"class_list":["post-1328","page","type-page","status-publish","hentry"],"_links":{"self":[{"href":"https:\/\/cms.red-snake-27384.zap.cloud\/index.php?rest_route=\/wp\/v2\/pages\/1328","targetHints":{"allow":["GET"]}}],"collection":[{"href":"https:\/\/cms.red-snake-27384.zap.cloud\/index.php?rest_route=\/wp\/v2\/pages"}],"about":[{"href":"https:\/\/cms.red-snake-27384.zap.cloud\/index.php?rest_route=\/wp\/v2\/types\/page"}],"author":[{"embeddable":true,"href":"https:\/\/cms.red-snake-27384.zap.cloud\/index.php?rest_route=\/wp\/v2\/users\/1"}],"replies":[{"embeddable":true,"href":"https:\/\/cms.red-snake-27384.zap.cloud\/index.php?rest_route=%2Fwp%2Fv2%2Fcomments&post=1328"}],"version-history":[{"count":1,"href":"https:\/\/cms.red-snake-27384.zap.cloud\/index.php?rest_route=\/wp\/v2\/pages\/1328\/revisions"}],"predecessor-version":[{"id":1329,"href":"https:\/\/cms.red-snake-27384.zap.cloud\/index.php?rest_route=\/wp\/v2\/pages\/1328\/revisions\/1329"}],"wp:attachment":[{"href":"https:\/\/cms.red-snake-27384.zap.cloud\/index.php?rest_route=%2Fwp%2Fv2%2Fmedia&parent=1328"}],"curies":[{"name":"wp","href":"https:\/\/api.w.org\/{rel}","templated":true}]}}