{"id":1330,"date":"2025-04-08T16:01:31","date_gmt":"2025-04-08T16:01:31","guid":{"rendered":"https:\/\/cms.red-snake-27384.zap.cloud\/?page_id=1330"},"modified":"2025-04-08T16:01:33","modified_gmt":"2025-04-08T16:01:33","slug":"salomon-adv-skin-8-set","status":"publish","type":"page","link":"https:\/\/cms.red-snake-27384.zap.cloud\/?page_id=1330","title":{"rendered":"Salomon ADV Skin 8 Set"},"content":{"rendered":"\n<div class=\"wp-block-columns is-layout-flex wp-container-core-columns-is-layout-9d6595d7 wp-block-columns-is-layout-flex\">\n<div class=\"wp-block-column is-layout-flow wp-block-column-is-layout-flow\" style=\"flex-basis:66.66%\">\n<h2 class=\"wp-block-heading\">Design et confort<\/h2>\n\n\n\n<p>Le Salomon ADV Skin 8 Set, un gilet d&#8217;hydratation sp\u00e9cialement con\u00e7u pour les femmes, est rapidement devenu un favori parmi les enthousiastes d&#8217;activit\u00e9s de plein air et les coureuses de trail. Le design attrayant et \u00e9l\u00e9gant, disponible en diff\u00e9rentes couleurs, attire imm\u00e9diatement l&#8217;attention. Mais le v\u00e9ritable avantage de ce gilet d&#8217;hydratation r\u00e9side dans son confort. Le mat\u00e9riau doux et respirant ainsi que l&#8217;ajustement pr\u00e9cis procurent une sensation de port agr\u00e9able et naturelle. Il s&#8217;adapte \u00e9troitement au corps pour emp\u00eacher tout rebondissement ou glissement pendant la course.<\/p>\n<\/div>\n\n\n\n<div class=\"wp-block-column is-layout-flow wp-block-column-is-layout-flow\" style=\"flex-basis:33.33%\">\n<figure class=\"wp-block-image size-large\"><img fetchpriority=\"high\" decoding=\"async\" width=\"856\" height=\"1024\" src=\"https:\/\/cms.red-snake-27384.zap.cloud\/wp-content\/uploads\/2025\/04\/shared-image-2-856x1024.jpeg\" alt=\"\" class=\"wp-image-1314\" srcset=\"https:\/\/cms.red-snake-27384.zap.cloud\/wp-content\/uploads\/2025\/04\/shared-image-2-856x1024.jpeg 856w, https:\/\/cms.red-snake-27384.zap.cloud\/wp-content\/uploads\/2025\/04\/shared-image-2-251x300.jpeg 251w, https:\/\/cms.red-snake-27384.zap.cloud\/wp-content\/uploads\/2025\/04\/shared-image-2-768x919.jpeg 768w, https:\/\/cms.red-snake-27384.zap.cloud\/wp-content\/uploads\/2025\/04\/shared-image-2-1284x1536.jpeg 1284w, https:\/\/cms.red-snake-27384.zap.cloud\/wp-content\/uploads\/2025\/04\/shared-image-2.jpeg 1518w\" sizes=\"(max-width: 856px) 100vw, 856px\" \/><\/figure>\n<\/div>\n<\/div>\n\n\n\n<hr class=\"wp-block-separator has-alpha-channel-opacity\"\/>\n\n\n\n<h2 class=\"wp-block-heading\">Fonctionnalit\u00e9 et utilisation<\/h2>\n\n\n\n<p>En termes de fonctionnalit\u00e9, le Salomon ADV Skin 8 Set offre une multitude de caract\u00e9ristiques. Il dispose de deux poches frontales pour bouteilles, livr\u00e9es avec des bouteilles souples de 500 ml qui se r\u00e9tr\u00e9cissent en buvant pour minimiser l&#8217;agitation de l&#8217;eau. De plus, il y a plusieurs poches et compartiments facilement accessibles pour t\u00e9l\u00e9phone, cl\u00e9s ou en-cas, ce qui fait que ce sac \u00e0 dos plut\u00f4t mince offre \u00e9tonnamment beaucoup d&#8217;espace de rangement.<\/p>\n\n\n\n<p>Dans l&#8217;ensemble, le Salomon ADV Skin 8 Set est un excellent choix pour les coureuses qui recherchent un gilet d&#8217;hydratation fiable, confortable et fonctionnel. Son design convivial s&#8217;associe \u00e0 des mat\u00e9riaux de haute qualit\u00e9, ce qui en fait un produit recommandable sur le march\u00e9. Le m\u00e9lange de confort, de design et de fonctionnalit\u00e9 constitue un ensemble globalement convaincant.<\/p>\n","protected":false},"excerpt":{"rendered":"<p>Design et confort Le Salomon ADV Skin 8 Set, un gilet d&#8217;hydratation sp\u00e9cialement con\u00e7u pour les femmes, est rapidement devenu un favori parmi les enthousiastes d&#8217;activit\u00e9s de plein air et les coureuses de trail. Le design attrayant et \u00e9l\u00e9gant, disponible en diff\u00e9rentes couleurs, attire imm\u00e9diatement l&#8217;attention. Mais le v\u00e9ritable avantage de ce gilet d&#8217;hydratation r\u00e9side&hellip;&nbsp;<a href=\"https:\/\/cms.red-snake-27384.zap.cloud\/?page_id=1330\" rel=\"bookmark\">Weiterlesen &raquo;<span class=\"screen-reader-text\">Salomon ADV Skin 8 Set<\/span><\/a><\/p>\n","protected":false},"author":1,"featured_media":0,"parent":0,"menu_order":0,"comment_status":"closed","ping_status":"closed","template":"","meta":{"neve_meta_sidebar":"","neve_meta_container":"","neve_meta_enable_content_width":"","neve_meta_content_width":0,"neve_meta_title_alignment":"","neve_meta_author_avatar":"","neve_post_elements_order":"","neve_meta_disable_header":"","neve_meta_disable_footer":"","neve_meta_disable_title":"","_themeisle_gutenberg_block_has_review":false,"footnotes":""},"class_list":["post-1330","page","type-page","status-publish","hentry"],"_links":{"self":[{"href":"https:\/\/cms.red-snake-27384.zap.cloud\/index.php?rest_route=\/wp\/v2\/pages\/1330","targetHints":{"allow":["GET"]}}],"collection":[{"href":"https:\/\/cms.red-snake-27384.zap.cloud\/index.php?rest_route=\/wp\/v2\/pages"}],"about":[{"href":"https:\/\/cms.red-snake-27384.zap.cloud\/index.php?rest_route=\/wp\/v2\/types\/page"}],"author":[{"embeddable":true,"href":"https:\/\/cms.red-snake-27384.zap.cloud\/index.php?rest_route=\/wp\/v2\/users\/1"}],"replies":[{"embeddable":true,"href":"https:\/\/cms.red-snake-27384.zap.cloud\/index.php?rest_route=%2Fwp%2Fv2%2Fcomments&post=1330"}],"version-history":[{"count":1,"href":"https:\/\/cms.red-snake-27384.zap.cloud\/index.php?rest_route=\/wp\/v2\/pages\/1330\/revisions"}],"predecessor-version":[{"id":1331,"href":"https:\/\/cms.red-snake-27384.zap.cloud\/index.php?rest_route=\/wp\/v2\/pages\/1330\/revisions\/1331"}],"wp:attachment":[{"href":"https:\/\/cms.red-snake-27384.zap.cloud\/index.php?rest_route=%2Fwp%2Fv2%2Fmedia&parent=1330"}],"curies":[{"name":"wp","href":"https:\/\/api.w.org\/{rel}","templated":true}]}}