{"id":946,"date":"2020-01-13T11:17:52","date_gmt":"2020-01-13T11:17:52","guid":{"rendered":"https:\/\/demosites.io\/marketing-agency-gb\/?page_id=5"},"modified":"2025-04-08T14:16:33","modified_gmt":"2025-04-08T14:16:33","slug":"bcd31-home","status":"publish","type":"page","link":"https:\/\/cms.red-snake-27384.zap.cloud\/","title":{"rendered":"Home"},"content":{"rendered":"\n<div id=\"wp-block-themeisle-blocks-slider-55c4d536\" class=\"wp-block-themeisle-blocks-slider glide\" data-per-view=\"1\" data-gap=\"0\" data-peek=\"0\" data-autoplay=\"true\" data-height=\"700px\" data-hide-arrows=\"false\"><div class=\"glide__track\" data-glide-el=\"track\"><div class=\"glide__slides\"><div class=\"wp-block-themeisle-blocks-slider-item-wrapper glide__slide\" tabindex=\"0\"><figure><img decoding=\"async\" class=\"wp-block-themeisle-blocks-slider-item\" src=\"https:\/\/cms.red-snake-27384.zap.cloud\/wp-content\/uploads\/2025\/04\/pexels-pixabay-71104-scaled.jpg\" alt=\"\" title=\"\" data-id=\"1025\"\/><\/figure><\/div><div class=\"wp-block-themeisle-blocks-slider-item-wrapper glide__slide\" tabindex=\"0\"><figure><img decoding=\"async\" class=\"wp-block-themeisle-blocks-slider-item\" src=\"https:\/\/cms.red-snake-27384.zap.cloud\/wp-content\/uploads\/2025\/04\/pexels-pixabay-209977-scaled.jpg\" alt=\"\" title=\"\" data-id=\"1026\"\/><\/figure><\/div><div class=\"wp-block-themeisle-blocks-slider-item-wrapper glide__slide\" tabindex=\"0\"><figure><img decoding=\"async\" class=\"wp-block-themeisle-blocks-slider-item\" src=\"https:\/\/cms.red-snake-27384.zap.cloud\/wp-content\/uploads\/2025\/04\/pexels-pixabay-221210-scaled.jpg\" alt=\"\" title=\"\" data-id=\"1027\"\/><\/figure><\/div><div class=\"wp-block-themeisle-blocks-slider-item-wrapper glide__slide\" tabindex=\"0\"><figure><img decoding=\"async\" class=\"wp-block-themeisle-blocks-slider-item\" src=\"https:\/\/cms.red-snake-27384.zap.cloud\/wp-content\/uploads\/2025\/04\/pexels-victorfreitas-841130-scaled.jpg\" alt=\"\" title=\"\" data-id=\"1028\"\/><\/figure><\/div><\/div><div class=\"glide__bullets\" data-glide-el=\"controls[nav]\"><button class=\"glide__bullet\" data-glide-dir=\"=0\"><\/button><button class=\"glide__bullet\" data-glide-dir=\"=1\"><\/button><button class=\"glide__bullet\" data-glide-dir=\"=2\"><\/button><button class=\"glide__bullet\" data-glide-dir=\"=3\"><\/button><\/div><\/div><\/div>\n\n\n\n<p class=\"animated backInRight has-nv-site-bg-background-color has-background\"><strong>Bienvenue sur Fitness4Fun \u2013 ta plateforme pour le sport, la nature et la sant\u00e9 dans la r\u00e9gion du Jura !<\/strong><\/p>\n\n\n\n<p class=\"animated backInLeft\">D\u00e9couvre ta passion et am\u00e9liore ta performance \u2013 au c\u0153ur d\u2019un des plus beaux paysages de Suisse.<br>Que tu pratiques le ski de fond dans les for\u00eats enneig\u00e9es, rel\u00e8ves les d\u00e9fis des sentiers ou explores de nouvelles routines fitness \u2013 ici, tu trouves tout ce qu\u2019il te faut : inspiration, programmes d\u2019entra\u00eenement, conseils nutritionnels et une communaut\u00e9 engag\u00e9e.<br>Plonge dans un univers sportif qui allie nature et performance \u2013 en fran\u00e7ais et en allemand, r\u00e9gional et authentique.<\/p>\n\n\n\n<p class=\"animated backInRight\"><strong>Fitness4Fun a \u00e9t\u00e9 d\u00e9velopp\u00e9 par quatre jeunes passionn\u00e9s de sport en Suisse : Ramon Gilgen, Damian Tassera, Linus Frederix et Malik Agovic. Notre passion pour le mouvement et la nature a inspir\u00e9 ce projet \u2013 pour toi et ta forme physique.<\/strong><\/p>\n\n\n\n<p class=\"animated backInLeft has-nv-site-bg-background-color has-background\">\ud83c\udf32 <strong>Pr\u00eat\u00b7e pour ta prochaine aventure dans le Jura ?<\/strong><br>\ud83c\udfbd <strong>Commence d\u00e8s maintenant avec Fitness4Fun !<\/strong><\/p>\n","protected":false},"excerpt":{"rendered":"<p>Bienvenue sur Fitness4Fun \u2013 ta plateforme pour le sport, la nature et la sant\u00e9 dans la r\u00e9gion du Jura ! D\u00e9couvre ta passion et am\u00e9liore ta performance \u2013 au c\u0153ur d\u2019un des plus beaux paysages de Suisse.Que tu pratiques le ski de fond dans les for\u00eats enneig\u00e9es, rel\u00e8ves les d\u00e9fis des sentiers ou explores de&hellip;&nbsp;<a href=\"https:\/\/cms.red-snake-27384.zap.cloud\/\" rel=\"bookmark\">Weiterlesen &raquo;<span class=\"screen-reader-text\">Home<\/span><\/a><\/p>\n","protected":false},"author":1,"featured_media":0,"parent":0,"menu_order":0,"comment_status":"closed","ping_status":"closed","template":"","meta":{"neve_meta_sidebar":"default","neve_meta_container":"default","neve_meta_enable_content_width":"on","neve_meta_content_width":100,"neve_meta_title_alignment":"","neve_meta_author_avatar":"","neve_post_elements_order":"","neve_meta_disable_header":"","neve_meta_disable_footer":"","neve_meta_disable_title":"on","_themeisle_gutenberg_block_has_review":false,"footnotes":""},"class_list":["post-946","page","type-page","status-publish","hentry"],"_links":{"self":[{"href":"https:\/\/cms.red-snake-27384.zap.cloud\/index.php?rest_route=\/wp\/v2\/pages\/946","targetHints":{"allow":["GET"]}}],"collection":[{"href":"https:\/\/cms.red-snake-27384.zap.cloud\/index.php?rest_route=\/wp\/v2\/pages"}],"about":[{"href":"https:\/\/cms.red-snake-27384.zap.cloud\/index.php?rest_route=\/wp\/v2\/types\/page"}],"author":[{"embeddable":true,"href":"https:\/\/cms.red-snake-27384.zap.cloud\/index.php?rest_route=\/wp\/v2\/users\/1"}],"replies":[{"embeddable":true,"href":"https:\/\/cms.red-snake-27384.zap.cloud\/index.php?rest_route=%2Fwp%2Fv2%2Fcomments&post=946"}],"version-history":[{"count":4,"href":"https:\/\/cms.red-snake-27384.zap.cloud\/index.php?rest_route=\/wp\/v2\/pages\/946\/revisions"}],"predecessor-version":[{"id":1253,"href":"https:\/\/cms.red-snake-27384.zap.cloud\/index.php?rest_route=\/wp\/v2\/pages\/946\/revisions\/1253"}],"wp:attachment":[{"href":"https:\/\/cms.red-snake-27384.zap.cloud\/index.php?rest_route=%2Fwp%2Fv2%2Fmedia&parent=946"}],"curies":[{"name":"wp","href":"https:\/\/api.w.org\/{rel}","templated":true}]}}